{"id":148803,"date":"2021-03-29T14:25:16","date_gmt":"2021-03-29T12:25:16","guid":{"rendered":"https:\/\/dev.lediamant.ch\/produit\/trauringe-de\/trauringe-eheringe-weissgold-11\/"},"modified":"2025-10-17T16:31:46","modified_gmt":"2025-10-17T14:31:46","slug":"trauringe-eheringe-weissgold-11","status":"publish","type":"product","link":"https:\/\/dev.lediamant.ch\/de\/trauringe\/148803-trauringe-eheringe-weissgold-11\/","title":{"rendered":"Trauringe \/ Eheringe Wei\u00dfgold"},"content":{"rendered":"<p>Wei\u00dfgold Paar Trauringe 585\/14 Karat oder 750\/18 Karat. Die Breite des Ringes betr\u00e4gt 6,0 mm und 0,765 Karat Diamanten auf dem weibliche Modell.<\/p>\n<p>Um den gl\u00fccklichsten Tag Ihres Lebens zu begleiten, Trauringe werden in luxuri\u00f6ser Umgebung geliefert, mit einem authencitit\u00e9\u2018Zertifikat. Personalisierte Gravur zur Verf\u00fcgung.<\/p>\n<p>Die Allianz ist das Juwel des Lebens. Z\u00f6gern Sie nicht, unser Team zu kontaktieren pers\u00f6nliche Beratung zu bekommen. F\u00fcr Ihre Armaturen, freuen wir uns, Sie in unserem Gesch\u00e4ft in La Chaux-de-Fonds zu begr\u00fc\u00dfen und begleiten Sie in dieser denkw\u00fcrdige Phase der Vorbereitungen f\u00fcr Ihre Hochzeit.<\/p>\n","protected":false},"excerpt":{"rendered":"<p>Wei\u00dfgold Paar Trauringe 585\/14 Karat oder 750\/18 Karat. Die Breite des Ringes betr\u00e4gt 6,0 mm und 0,765 Karat Diamanten auf dem weibliche Modell. Um den gl\u00fccklichsten Tag Ihres Lebens zu begleiten, Trauringe werden in luxuri\u00f6ser Umgebung geliefert, mit einem authencitit\u00e9\u2018Zertifikat. Personalisierte Gravur zur Verf\u00fcgung. Die Allianz ist das Juwel des Lebens. Z\u00f6gern Sie nicht, unser &#8230; <a title=\"Trauringe \/ Eheringe Wei\u00dfgold\" class=\"read-more\" href=\"https:\/\/dev.lediamant.ch\/de\/trauringe\/148803-trauringe-eheringe-weissgold-11\/\" aria-label=\"Mehr Informationen \u00fcber Trauringe \/ Eheringe Wei\u00dfgold\">Weiterlesen &#8230;<\/a><\/p>\n","protected":false},"featured_media":148795,"template":"","meta":{"_acf_changed":false,"_seopress_robots_primary_cat":"none","_seopress_titles_title":"Trauringe Wei\u00dfgold 585 oder 750 | Ringbreite 6.0 mm | Le Diamant","_seopress_titles_desc":"Paar Trauringe aus Wei\u00dfgold mit Diamant | Goldringe 585 \/ 14 kt oder 750 18 kt | Kostenlose Gravur | Bijouterie Le Diamant online und in La Chaux-de-Fonds","_seopress_robots_index":""},"brand":[27089],"product_brand":[],"product_cat":[27129],"product_tag":[],"class_list":{"0":"post-148803","1":"product","2":"type-product","3":"status-publish","4":"has-post-thumbnail","6":"brand-gold-jewellery-de","7":"product_cat-trauringe","8":"pa_garantie-12monate","9":"pa_largeur-6-0-mm","10":"sales-flash-overlay","11":"woocommerce-text-align-center","12":"woocommerce-image-align-center","13":"do-quantity-buttons","15":"first","16":"instock","17":"taxable","18":"shipping-taxable","19":"purchasable","20":"product-type-variable"},"acf":[],"_links":{"self":[{"href":"https:\/\/dev.lediamant.ch\/de\/wp-json\/wp\/v2\/product\/148803","targetHints":{"allow":["GET"]}}],"collection":[{"href":"https:\/\/dev.lediamant.ch\/de\/wp-json\/wp\/v2\/product"}],"about":[{"href":"https:\/\/dev.lediamant.ch\/de\/wp-json\/wp\/v2\/types\/product"}],"wp:featuredmedia":[{"embeddable":true,"href":"https:\/\/dev.lediamant.ch\/de\/wp-json\/wp\/v2\/media\/148795"}],"wp:attachment":[{"href":"https:\/\/dev.lediamant.ch\/de\/wp-json\/wp\/v2\/media?parent=148803"}],"wp:term":[{"taxonomy":"brand","embeddable":true,"href":"https:\/\/dev.lediamant.ch\/de\/wp-json\/wp\/v2\/brand?post=148803"},{"taxonomy":"product_brand","embeddable":true,"href":"https:\/\/dev.lediamant.ch\/de\/wp-json\/wp\/v2\/product_brand?post=148803"},{"taxonomy":"product_cat","embeddable":true,"href":"https:\/\/dev.lediamant.ch\/de\/wp-json\/wp\/v2\/product_cat?post=148803"},{"taxonomy":"product_tag","embeddable":true,"href":"https:\/\/dev.lediamant.ch\/de\/wp-json\/wp\/v2\/product_tag?post=148803"}],"curies":[{"name":"wp","href":"https:\/\/api.w.org\/{rel}","templated":true}]}}