{"id":151674,"date":"2021-03-29T14:28:53","date_gmt":"2021-03-29T12:28:53","guid":{"rendered":"https:\/\/dev.lediamant.ch\/produit\/trauringe-de\/trauringe-eheringe-weiss-und-graugold-21\/"},"modified":"2021-03-29T14:28:53","modified_gmt":"2021-03-29T12:28:53","slug":"trauringe-eheringe-weiss-und-graugold-21","status":"publish","type":"product","link":"https:\/\/dev.lediamant.ch\/de\/trauringe\/151674-trauringe-eheringe-weiss-und-graugold-21\/","title":{"rendered":"Trauringe \/ Eheringe Wei\u00df- und Graugold"},"content":{"rendered":"<p>Paar Trauringe in Wei\u00dfgold und grau 585\/14 Karat. Die Breite des Ringes betr\u00e4gt 6,0 mm und 0,075 Karat Diamanten auf dem weibliche Modell.<\/p>\n<p>Um den gl\u00fccklichsten Tag Ihres Lebens zu begleiten, Trauringe werden in luxuri\u00f6ser Umgebung geliefert, mit einem authencitit\u00e9\u2018Zertifikat. Personalisierte Gravur zur Verf\u00fcgung.<\/p>\n<p>Die Allianz ist das Juwel des Lebens. Z\u00f6gern Sie nicht, unser Team zu kontaktieren pers\u00f6nliche Beratung zu bekommen. F\u00fcr Ihre Armaturen, freuen wir uns, Sie in unserem Gesch\u00e4ft in La Chaux-de-Fonds zu begr\u00fc\u00dfen und begleiten Sie in dieser denkw\u00fcrdige Phase der Vorbereitungen f\u00fcr Ihre Hochzeit.<\/p>\n","protected":false},"excerpt":{"rendered":"<p>Paar Trauringe in Wei\u00dfgold und grau 585\/14 Karat. Die Breite des Ringes betr\u00e4gt 6,0 mm und 0,075 Karat Diamanten auf dem weibliche Modell. Um den gl\u00fccklichsten Tag Ihres Lebens zu begleiten, Trauringe werden in luxuri\u00f6ser Umgebung geliefert, mit einem authencitit\u00e9\u2018Zertifikat. Personalisierte Gravur zur Verf\u00fcgung. Die Allianz ist das Juwel des Lebens. Z\u00f6gern Sie nicht, unser &#8230; <a title=\"Trauringe \/ Eheringe Wei\u00df- und Graugold\" class=\"read-more\" href=\"https:\/\/dev.lediamant.ch\/de\/trauringe\/151674-trauringe-eheringe-weiss-und-graugold-21\/\" aria-label=\"Mehr Informationen \u00fcber Trauringe \/ Eheringe Wei\u00df- und Graugold\">Weiterlesen &#8230;<\/a><\/p>\n","protected":false},"featured_media":151668,"template":"","meta":{"_acf_changed":false,"_seopress_robots_primary_cat":"","_seopress_titles_title":"Trauringe Wei\u00df- und Graugold 585 | Ringbreite 6.0 mm | Le Diamant","_seopress_titles_desc":"Paar Trauringe aus Wei\u00df- und Graugold mit Diamant | Goldringe 585 \/ 14 kt | Kostenlose Gravur | Bijouterie Le Diamant online und in La Chaux-de-Fonds","_seopress_robots_index":""},"brand":[27089],"product_brand":[],"product_cat":[27129],"product_tag":[],"class_list":{"0":"post-151674","1":"product","2":"type-product","3":"status-publish","4":"has-post-thumbnail","6":"brand-gold-jewellery-de","7":"product_cat-trauringe","8":"pa_carats_alliances-585-14-kt","9":"pa_choixdesalliances-paar","10":"pa_choixdesalliances-damen","11":"pa_choixdesalliances-herren","12":"pa_garantie-12monate","13":"pa_largeur-6-0-mm","14":"pa_matiere-weissgold","15":"pa_pierresmodeledame-diamant-de","16":"sales-flash-overlay","17":"woocommerce-text-align-center","18":"woocommerce-image-align-center","19":"do-quantity-buttons","21":"first","22":"instock","23":"taxable","24":"shipping-taxable","25":"purchasable","26":"product-type-variable","27":"has-default-attributes"},"acf":[],"_links":{"self":[{"href":"https:\/\/dev.lediamant.ch\/de\/wp-json\/wp\/v2\/product\/151674","targetHints":{"allow":["GET"]}}],"collection":[{"href":"https:\/\/dev.lediamant.ch\/de\/wp-json\/wp\/v2\/product"}],"about":[{"href":"https:\/\/dev.lediamant.ch\/de\/wp-json\/wp\/v2\/types\/product"}],"wp:featuredmedia":[{"embeddable":true,"href":"https:\/\/dev.lediamant.ch\/de\/wp-json\/wp\/v2\/media\/151668"}],"wp:attachment":[{"href":"https:\/\/dev.lediamant.ch\/de\/wp-json\/wp\/v2\/media?parent=151674"}],"wp:term":[{"taxonomy":"brand","embeddable":true,"href":"https:\/\/dev.lediamant.ch\/de\/wp-json\/wp\/v2\/brand?post=151674"},{"taxonomy":"product_brand","embeddable":true,"href":"https:\/\/dev.lediamant.ch\/de\/wp-json\/wp\/v2\/product_brand?post=151674"},{"taxonomy":"product_cat","embeddable":true,"href":"https:\/\/dev.lediamant.ch\/de\/wp-json\/wp\/v2\/product_cat?post=151674"},{"taxonomy":"product_tag","embeddable":true,"href":"https:\/\/dev.lediamant.ch\/de\/wp-json\/wp\/v2\/product_tag?post=151674"}],"curies":[{"name":"wp","href":"https:\/\/api.w.org\/{rel}","templated":true}]}}