{"id":153799,"date":"2021-03-29T14:31:37","date_gmt":"2021-03-29T12:31:37","guid":{"rendered":"https:\/\/dev.lediamant.ch\/produit\/trauringe-de\/trauringe-eheringe-weiss-und-rotgold-71\/"},"modified":"2021-03-29T14:31:37","modified_gmt":"2021-03-29T12:31:37","slug":"trauringe-eheringe-weiss-und-rotgold-71","status":"publish","type":"product","link":"https:\/\/dev.lediamant.ch\/de\/trauringe\/153799-trauringe-eheringe-weiss-und-rotgold-71\/","title":{"rendered":"Trauringe \/ Eheringe Wei\u00df- und Rotgold"},"content":{"rendered":"<p>Paar Wei\u00dfgold und rosa Trauringe 585\/14 Karat oder 750\/18 Karat. Die Breite des Ringes betr\u00e4gt 6,0 mm und 0,095 Karat Diamanten auf dem weibliche Modell.<\/p>\n<p>Um den gl\u00fccklichsten Tag Ihres Lebens zu begleiten, Trauringe werden in luxuri\u00f6ser Umgebung geliefert, mit einem authencitit\u00e9\u2018Zertifikat. Personalisierte Gravur zur Verf\u00fcgung.<\/p>\n<p>Die Allianz ist das Juwel des Lebens. Z\u00f6gern Sie nicht, unser Team zu kontaktieren pers\u00f6nliche Beratung zu bekommen. F\u00fcr Ihre Armaturen, freuen wir uns, Sie in unserem Gesch\u00e4ft in La Chaux-de-Fonds zu begr\u00fc\u00dfen und begleiten Sie in dieser denkw\u00fcrdige Phase der Vorbereitungen f\u00fcr Ihre Hochzeit.<\/p>\n","protected":false},"excerpt":{"rendered":"<p>Paar Wei\u00dfgold und rosa Trauringe 585\/14 Karat oder 750\/18 Karat. Die Breite des Ringes betr\u00e4gt 6,0 mm und 0,095 Karat Diamanten auf dem weibliche Modell. Um den gl\u00fccklichsten Tag Ihres Lebens zu begleiten, Trauringe werden in luxuri\u00f6ser Umgebung geliefert, mit einem authencitit\u00e9\u2018Zertifikat. Personalisierte Gravur zur Verf\u00fcgung. Die Allianz ist das Juwel des Lebens. Z\u00f6gern Sie &#8230; <a title=\"Trauringe \/ Eheringe Wei\u00df- und Rotgold\" class=\"read-more\" href=\"https:\/\/dev.lediamant.ch\/de\/trauringe\/153799-trauringe-eheringe-weiss-und-rotgold-71\/\" aria-label=\"Mehr Informationen \u00fcber Trauringe \/ Eheringe Wei\u00df- und Rotgold\">Weiterlesen &#8230;<\/a><\/p>\n","protected":false},"featured_media":153790,"template":"","meta":{"_acf_changed":false,"_seopress_robots_primary_cat":"","_seopress_titles_title":"Trauringe Wei\u00df- und Rotgold 585 oder 750 | Ringbreite 6.0 mm | Le Diamant","_seopress_titles_desc":"Paar Trauringe aus Wei\u00df- und Rotgold mit Diamant | Goldringe 585 \/ 14 kt oder 750 18 kt | Kostenlose Gravur | Bijouterie Le Diamant online und in La Chaux-de-Fonds","_seopress_robots_index":""},"brand":[27089],"product_brand":[],"product_cat":[27129],"product_tag":[],"class_list":{"0":"post-153799","1":"product","2":"type-product","3":"status-publish","4":"has-post-thumbnail","6":"brand-gold-jewellery-de","7":"product_cat-trauringe","8":"pa_carats_alliances-585-14-kt","9":"pa_carats_alliances-750-18-kt","10":"pa_choixdesalliances-paar","11":"pa_choixdesalliances-damen","12":"pa_choixdesalliances-herren","13":"pa_garantie-12monate","14":"pa_largeur-6-0-mm","15":"pa_matiere-zweifarbig","16":"pa_pierresmodeledame-diamant-de","17":"sales-flash-overlay","18":"woocommerce-text-align-center","19":"woocommerce-image-align-center","20":"do-quantity-buttons","22":"first","23":"instock","24":"taxable","25":"shipping-taxable","26":"purchasable","27":"product-type-variable","28":"has-default-attributes"},"acf":[],"_links":{"self":[{"href":"https:\/\/dev.lediamant.ch\/de\/wp-json\/wp\/v2\/product\/153799","targetHints":{"allow":["GET"]}}],"collection":[{"href":"https:\/\/dev.lediamant.ch\/de\/wp-json\/wp\/v2\/product"}],"about":[{"href":"https:\/\/dev.lediamant.ch\/de\/wp-json\/wp\/v2\/types\/product"}],"wp:featuredmedia":[{"embeddable":true,"href":"https:\/\/dev.lediamant.ch\/de\/wp-json\/wp\/v2\/media\/153790"}],"wp:attachment":[{"href":"https:\/\/dev.lediamant.ch\/de\/wp-json\/wp\/v2\/media?parent=153799"}],"wp:term":[{"taxonomy":"brand","embeddable":true,"href":"https:\/\/dev.lediamant.ch\/de\/wp-json\/wp\/v2\/brand?post=153799"},{"taxonomy":"product_brand","embeddable":true,"href":"https:\/\/dev.lediamant.ch\/de\/wp-json\/wp\/v2\/product_brand?post=153799"},{"taxonomy":"product_cat","embeddable":true,"href":"https:\/\/dev.lediamant.ch\/de\/wp-json\/wp\/v2\/product_cat?post=153799"},{"taxonomy":"product_tag","embeddable":true,"href":"https:\/\/dev.lediamant.ch\/de\/wp-json\/wp\/v2\/product_tag?post=153799"}],"curies":[{"name":"wp","href":"https:\/\/api.w.org\/{rel}","templated":true}]}}