{"id":155479,"date":"2021-05-11T14:33:34","date_gmt":"2021-05-11T12:33:34","guid":{"rendered":"https:\/\/dev.lediamant.ch\/produit\/uhren-de\/hamilton-de\/khaki-navy-de\/hamilton-khaki-navy-scuba-auto-automatik-43mm\/"},"modified":"2021-05-11T14:33:34","modified_gmt":"2021-05-11T12:33:34","slug":"hamilton-khaki-navy-scuba-auto-automatik-43mm","status":"publish","type":"product","link":"https:\/\/dev.lediamant.ch\/de\/uhren\/155479-hamilton-khaki-navy-scuba-auto-automatik-43mm\/","title":{"rendered":"Hamilton Khaki Navy Scuba Auto Automatik | 43mm"},"content":{"rendered":"<p><span style=\"color:#1c1c1c;font-family:Montserrat, sans-serif;font-size:14px;background-color:#ffffff;\">Luxus trifft auf Sport in diesem von der Unterwasserwelt inspirierten Zeitmesser, der sich sowohl in einer Strandh\u00fctte als auch bei der Erkundung der Tiefsee zu Hause f\u00fchlt. Eine Keramikl\u00fcnette mit pr\u00e4zise eingravierten Ziffern verleiht dieser Khaki Navy Scuba Automatic einen Hauch von Hochseestil und sch\u00fctzt sie vor korrosiven Elementen wie Sand und Salzwasser. Mit einem gr\u00f6sseren 43-mm-Geh\u00e4use, erh\u00f6hter Wasserdichtigkeit bis 30 bar (300 m) und einem extrem gut ablesbaren Zifferblatt ist diese Hochleistungsuhr bereit f\u00fcr all Ihre Abenteuer auf, im oder unter Wasser.<\/span><\/p>\n","protected":false},"excerpt":{"rendered":"<p>Luxus trifft auf Sport in diesem von der Unterwasserwelt inspirierten Zeitmesser, der sich sowohl in einer Strandh\u00fctte als auch bei der Erkundung der Tiefsee zu Hause f\u00fchlt. Eine Keramikl\u00fcnette mit pr\u00e4zise eingravierten Ziffern verleiht dieser Khaki Navy Scuba Automatic einen Hauch von Hochseestil und sch\u00fctzt sie vor korrosiven Elementen wie Sand und Salzwasser. Mit einem &#8230; <a title=\"Hamilton Khaki Navy Scuba Auto Automatik | 43mm\" class=\"read-more\" href=\"https:\/\/dev.lediamant.ch\/de\/uhren\/155479-hamilton-khaki-navy-scuba-auto-automatik-43mm\/\" aria-label=\"Mehr Informationen \u00fcber Hamilton Khaki Navy Scuba Auto Automatik | 43mm\">Weiterlesen &#8230;<\/a><\/p>\n","protected":false},"featured_media":155464,"template":"","meta":{"_acf_changed":false,"_seopress_robots_primary_cat":"","_seopress_titles_title":"","_seopress_titles_desc":"","_seopress_robots_index":""},"brand":[27085],"product_brand":[],"product_cat":[27123,27181,27305,27137],"product_tag":[],"class_list":{"0":"post-155479","1":"product","2":"type-product","3":"status-publish","4":"has-post-thumbnail","6":"brand-hamilton-de","7":"product_cat-uhren","8":"product_cat-hamilton-de","9":"product_cat-khaki-navy-de","10":"product_cat-bracelet-ajustable-de","11":"pa_couleurduboitier-grau-de","12":"pa_couleurducadran-blau","13":"pa_etancheite-300m-de","14":"pa_forme-runden","15":"pa_genre-mann","16":"pa_matiere-stahl","17":"pa_matierebraceletmontre-edelstahl","18":"pa_mouvement-automatik-de","19":"pa_swissmade-ja-de","20":"pa_typedemontre-sportuhren","21":"pa_typedemontre-taucheruhren","22":"sales-flash-overlay","23":"woocommerce-text-align-center","24":"woocommerce-image-align-center","25":"do-quantity-buttons","27":"first","28":"instock","29":"taxable","30":"shipping-taxable","31":"purchasable","32":"product-type-simple"},"acf":[],"_links":{"self":[{"href":"https:\/\/dev.lediamant.ch\/de\/wp-json\/wp\/v2\/product\/155479","targetHints":{"allow":["GET"]}}],"collection":[{"href":"https:\/\/dev.lediamant.ch\/de\/wp-json\/wp\/v2\/product"}],"about":[{"href":"https:\/\/dev.lediamant.ch\/de\/wp-json\/wp\/v2\/types\/product"}],"wp:featuredmedia":[{"embeddable":true,"href":"https:\/\/dev.lediamant.ch\/de\/wp-json\/wp\/v2\/media\/155464"}],"wp:attachment":[{"href":"https:\/\/dev.lediamant.ch\/de\/wp-json\/wp\/v2\/media?parent=155479"}],"wp:term":[{"taxonomy":"brand","embeddable":true,"href":"https:\/\/dev.lediamant.ch\/de\/wp-json\/wp\/v2\/brand?post=155479"},{"taxonomy":"product_brand","embeddable":true,"href":"https:\/\/dev.lediamant.ch\/de\/wp-json\/wp\/v2\/product_brand?post=155479"},{"taxonomy":"product_cat","embeddable":true,"href":"https:\/\/dev.lediamant.ch\/de\/wp-json\/wp\/v2\/product_cat?post=155479"},{"taxonomy":"product_tag","embeddable":true,"href":"https:\/\/dev.lediamant.ch\/de\/wp-json\/wp\/v2\/product_tag?post=155479"}],"curies":[{"name":"wp","href":"https:\/\/api.w.org\/{rel}","templated":true}]}}