{"id":156837,"date":"2021-07-26T01:00:53","date_gmt":"2021-07-25T23:00:53","guid":{"rendered":"https:\/\/dev.lediamant.ch\/produit\/uhren-de\/tissot-de\/tissot-t-sport-de\/tissot-seastar-1000-automatik-de\/tissot-seastar-1000-powermatic-80-11\/"},"modified":"2021-07-26T01:00:53","modified_gmt":"2021-07-25T23:00:53","slug":"tissot-seastar-1000-powermatic-80-11","status":"publish","type":"product","link":"https:\/\/dev.lediamant.ch\/de\/uhren\/156837-tissot-seastar-1000-powermatic-80-11\/","title":{"rendered":"Tissot Seastar 1000 Powermatic 80"},"content":{"rendered":"<p><span style=\"color:#757575;font-family:Heebo, Roboto, Arial, Helvetica, sans-serif;font-size:18px;background-color:#ffffff;\">Die Tissot Seastar 1000 Automatic Uhr ist die perfekte Wahl f\u00fcr Taucher. Sie beeindruckt durch ihre Hochleistungsf\u00e4higkeit bis zu einem Druck von 30 bar (300 m \/ 1000 ft), lumineszierenden Zeigern und Indizes sowie der einseitig drehbaren grauen Keramik-Taucherl\u00fcnette. Mit dieser Uhr k\u00f6nnen Sie sich mutig in die Tiefe wagen, sie wird Sie nicht fallenlassen. Diese Uhr der Seastar 1000 Automatic Kollektion ist mit einem Swiss Made Powermatic 80 Werk, kratzfestem Saphirglas, einem 316L - Edelstahlgeh\u00e4use sowie verschraubter Krone und verschraubtem Geh\u00e4useboden ausgestattet. Dieses Modell hat ein massives 316L-Edelstahlarmband mit Sicherheitsfaltschlie\u00dfe und Taucherverl\u00e4ngerung sowie ein graues Zifferblatt mit Indizes. Zudem verf\u00fcgt die Uhr \u00fcber eine Datumsanzeige und \u00fcber einen Sichtboden.<\/span><\/p>\n","protected":false},"excerpt":{"rendered":"<p>Die Tissot Seastar 1000 Automatic Uhr ist die perfekte Wahl f\u00fcr Taucher. Sie beeindruckt durch ihre Hochleistungsf\u00e4higkeit bis zu einem Druck von 30 bar (300 m \/ 1000 ft), lumineszierenden Zeigern und Indizes sowie der einseitig drehbaren grauen Keramik-Taucherl\u00fcnette. Mit dieser Uhr k\u00f6nnen Sie sich mutig in die Tiefe wagen, sie wird Sie nicht fallenlassen. &#8230; <a title=\"Tissot Seastar 1000 Powermatic 80\" class=\"read-more\" href=\"https:\/\/dev.lediamant.ch\/de\/uhren\/156837-tissot-seastar-1000-powermatic-80-11\/\" aria-label=\"Mehr Informationen \u00fcber Tissot Seastar 1000 Powermatic 80\">Weiterlesen &#8230;<\/a><\/p>\n","protected":false},"featured_media":156825,"template":"","meta":{"_acf_changed":false,"_seopress_robots_primary_cat":"","_seopress_titles_title":"","_seopress_titles_desc":"","_seopress_robots_index":""},"brand":[27087],"product_brand":[],"product_cat":[27123,27159,27441],"product_tag":[],"class_list":{"0":"post-156837","1":"product","2":"type-product","3":"status-publish","4":"has-post-thumbnail","6":"brand-tissot-de","7":"product_cat-uhren","8":"product_cat-tissot-de","9":"product_cat-tissot-seastar","10":"pa_couleurduboitier-grau-de","11":"pa_couleurducadran-grau","12":"pa_dimensions-o-43-mm","13":"pa_etancheite-300m-de","14":"pa_forme-runden","15":"pa_genre-mann","16":"pa_matiere-stahl","17":"pa_matierebraceletmontre-edelstahl","18":"pa_mouvement-automatik-de","19":"pa_typedemontre-sportuhren","20":"pa_typedemontre-taucheruhren","21":"sales-flash-overlay","22":"woocommerce-text-align-center","23":"woocommerce-image-align-center","24":"do-quantity-buttons","26":"first","27":"instock","28":"taxable","29":"shipping-taxable","30":"purchasable","31":"product-type-simple"},"acf":[],"_links":{"self":[{"href":"https:\/\/dev.lediamant.ch\/de\/wp-json\/wp\/v2\/product\/156837","targetHints":{"allow":["GET"]}}],"collection":[{"href":"https:\/\/dev.lediamant.ch\/de\/wp-json\/wp\/v2\/product"}],"about":[{"href":"https:\/\/dev.lediamant.ch\/de\/wp-json\/wp\/v2\/types\/product"}],"wp:featuredmedia":[{"embeddable":true,"href":"https:\/\/dev.lediamant.ch\/de\/wp-json\/wp\/v2\/media\/156825"}],"wp:attachment":[{"href":"https:\/\/dev.lediamant.ch\/de\/wp-json\/wp\/v2\/media?parent=156837"}],"wp:term":[{"taxonomy":"brand","embeddable":true,"href":"https:\/\/dev.lediamant.ch\/de\/wp-json\/wp\/v2\/brand?post=156837"},{"taxonomy":"product_brand","embeddable":true,"href":"https:\/\/dev.lediamant.ch\/de\/wp-json\/wp\/v2\/product_brand?post=156837"},{"taxonomy":"product_cat","embeddable":true,"href":"https:\/\/dev.lediamant.ch\/de\/wp-json\/wp\/v2\/product_cat?post=156837"},{"taxonomy":"product_tag","embeddable":true,"href":"https:\/\/dev.lediamant.ch\/de\/wp-json\/wp\/v2\/product_tag?post=156837"}],"curies":[{"name":"wp","href":"https:\/\/api.w.org\/{rel}","templated":true}]}}