{"id":157393,"date":"2021-08-06T17:04:09","date_gmt":"2021-08-06T15:04:09","guid":{"rendered":"https:\/\/dev.lediamant.ch\/produit\/uhren-de\/maurice-lacroix-de\/masterpiece-de\/maurice-lacroix-masterpiece-embrace-40mm-band-leder-weiss\/"},"modified":"2024-11-16T10:37:41","modified_gmt":"2024-11-16T09:37:41","slug":"maurice-lacroix-masterpiece-embrace-40mm-band-leder-weiss","status":"publish","type":"product","link":"https:\/\/dev.lediamant.ch\/de\/uhren\/157393-maurice-lacroix-masterpiece-embrace-40mm-mp6068-ss001-160-1\/","title":{"rendered":"Maurice Lacroix MASTERPIECE Embrace 40mm, Perlmutt"},"content":{"rendered":"<p>Diese Uhr vereint eine verf\u00fchrerische \u00c4sthetik mit einzigartiger uhrmacherischer Handwerkskunst. Das Modell ist in zwei Versionen erh\u00e4ltlich: Die eine besitzt ein blaues Aventurin-Zifferblatt, die andere ein wei\u00dfes Perlmuttzifferblatt, das durch die Lichtstrahlen der Anzeige der kleinen Sekunde hervorgehoben wird.<\/p>\n<p>Bei der Masterpiece Embrace verschmelzen k\u00fcnstlerischer Ausdruck und technische Innovation dank des retrograden Kalenders und der atypischen Anzeige der kleinen Sekunde. Zwei Herzen schwirren umher und stellen die H\u00f6hen und Tiefen dar, die jeder Liebesbeziehung eigen sind, w\u00e4hrend sie dank einer immerw\u00e4hrenden Umarmung vereint bleiben.<\/p>\n","protected":false},"excerpt":{"rendered":"<p>Diese Uhr vereint eine verf\u00fchrerische \u00c4sthetik mit einzigartiger uhrmacherischer Handwerkskunst. Das Modell ist in zwei Versionen erh\u00e4ltlich: Die eine besitzt ein blaues Aventurin-Zifferblatt, die andere ein wei\u00dfes Perlmuttzifferblatt, das durch die Lichtstrahlen der Anzeige der kleinen Sekunde hervorgehoben wird. Bei der Masterpiece Embrace verschmelzen k\u00fcnstlerischer Ausdruck und technische Innovation dank des retrograden Kalenders und der &#8230; <a title=\"Maurice Lacroix MASTERPIECE Embrace 40mm, Perlmutt\" class=\"read-more\" href=\"https:\/\/dev.lediamant.ch\/de\/uhren\/157393-maurice-lacroix-masterpiece-embrace-40mm-mp6068-ss001-160-1\/\" aria-label=\"Mehr Informationen \u00fcber Maurice Lacroix MASTERPIECE Embrace 40mm, Perlmutt\">Weiterlesen &#8230;<\/a><\/p>\n","protected":false},"featured_media":157389,"template":"","meta":{"_acf_changed":false,"_seopress_robots_primary_cat":"27149","_seopress_titles_title":"%%post_title%%","_seopress_titles_desc":"Eleganz trifft auf Pr\u00e4zision: Erleben Sie die Masterpiece Embrace mit retrogradem Kalender und einzigartigen Zifferbl\u00e4ttern. Jetzt in zwei Ausf\u00fchrungen!","_seopress_robots_index":""},"brand":[27103],"product_brand":[],"product_cat":[27123,27149,27327],"product_tag":[],"class_list":{"0":"post-157393","1":"product","2":"type-product","3":"status-publish","4":"has-post-thumbnail","6":"brand-mauricelacroix-de","7":"product_cat-uhren","8":"product_cat-maurice-lacroix-de","9":"product_cat-masterpiece-de","10":"pa_couleurduboitier-grau-de","11":"pa_couleurdubracelet-weiss-de","12":"pa_couleurducadran-perlmutt","13":"pa_etancheite-100m-de","14":"pa_forme-runden","15":"pa_garantie-24monate","16":"pa_genre-frau","17":"pa_matiere-stahl","18":"pa_matierebraceletmontre-leder","19":"pa_mouvement-automatik-de","20":"pa_swissmade-ja-de","21":"pa_verre-saphir-de","22":"sales-flash-overlay","23":"woocommerce-text-align-center","24":"woocommerce-image-align-center","25":"do-quantity-buttons","27":"first","28":"instock","29":"taxable","30":"shipping-taxable","31":"purchasable","32":"product-type-simple"},"acf":[],"_links":{"self":[{"href":"https:\/\/dev.lediamant.ch\/de\/wp-json\/wp\/v2\/product\/157393","targetHints":{"allow":["GET"]}}],"collection":[{"href":"https:\/\/dev.lediamant.ch\/de\/wp-json\/wp\/v2\/product"}],"about":[{"href":"https:\/\/dev.lediamant.ch\/de\/wp-json\/wp\/v2\/types\/product"}],"wp:featuredmedia":[{"embeddable":true,"href":"https:\/\/dev.lediamant.ch\/de\/wp-json\/wp\/v2\/media\/157389"}],"wp:attachment":[{"href":"https:\/\/dev.lediamant.ch\/de\/wp-json\/wp\/v2\/media?parent=157393"}],"wp:term":[{"taxonomy":"brand","embeddable":true,"href":"https:\/\/dev.lediamant.ch\/de\/wp-json\/wp\/v2\/brand?post=157393"},{"taxonomy":"product_brand","embeddable":true,"href":"https:\/\/dev.lediamant.ch\/de\/wp-json\/wp\/v2\/product_brand?post=157393"},{"taxonomy":"product_cat","embeddable":true,"href":"https:\/\/dev.lediamant.ch\/de\/wp-json\/wp\/v2\/product_cat?post=157393"},{"taxonomy":"product_tag","embeddable":true,"href":"https:\/\/dev.lediamant.ch\/de\/wp-json\/wp\/v2\/product_tag?post=157393"}],"curies":[{"name":"wp","href":"https:\/\/api.w.org\/{rel}","templated":true}]}}