{"id":157425,"date":"2021-08-06T17:04:28","date_gmt":"2021-08-06T15:04:28","guid":{"rendered":"https:\/\/dev.lediamant.ch\/produit\/uhren-de\/maurice-lacroix-de\/masterpiece-de\/maurice-lacroix-masterpiece-triple-retrograde-43mm-anthrazitfarbenes-zifferblatt-schwarzes-lederarmband\/"},"modified":"2024-11-16T09:54:24","modified_gmt":"2024-11-16T08:54:24","slug":"maurice-lacroix-masterpiece-triple-retrograde-43mm-anthrazitfarbenes-zifferblatt-schwarzes-lederarmband","status":"publish","type":"product","link":"https:\/\/dev.lediamant.ch\/de\/uhren\/157425-maurice-lacroix-masterpiece-triple-retrograde-43mm-anthrazit-mp6538-ss001-310-1\/","title":{"rendered":"Maurice Lacroix Masterpiece Triple Retrograde 43mm"},"content":{"rendered":"<p>Maurice Lacroix beweist erneut sein uhrmacherisches K\u00f6nnen bei der Herstellung von retrograden Anzeigen und pr\u00e4sentiert in diesem Jahr die erste Triple-Retrograde-Uhr innerhalb der Masterpiece-Kollektion. Ein Zeitmesser, der Eleganz und Pr\u00e4zision vereint und in zwei \u00c4sthetiken erh\u00e4ltlich ist, die sich den W\u00fcnschen eines jeden anpassen. Die Uhr wird in zwei Zifferblattversionen angeboten und setzt auf die Komplementarit\u00e4t der Stile: Die erste, klassisch und zeitlos wirkende Version besitzt ein silbernes, guillochiertes &#8222;Clous de Paris&#8220;-Zifferblatt mit kugelgestrahlter Oberfl\u00e4che, schwarzen Abziehbildern und gebl\u00e4uten Zeigern. Die zweite mit einem modernen und gewagten Look besitzt ein anthrazitfarbenes Zifferblatt mit azurierter &#8222;C\u00f4tes de Gen\u00e8ve&#8220;-Oberfl\u00e4che, silbernen, gepuderten Abziehbildern und Zeigern aus 4N-Gold. Das Zifferblatt, das die Stunden und Minuten anzeigt, bietet zus\u00e4tzlich die Anzeige des Kalenders bei 6 Uhr, der Uhrzeit einer zweiten Zeitzone bei 12 Uhr und die Anzeige der Wochentage bei 3 Uhr.<\/p>\n<p>Beide Uhren sind in einem 43-mm-Stahlgeh\u00e4use untergebracht, das gro\u00dfz\u00fcgig bemessen ist, um eine gut ablesbare und einfach zu interpretierende Anzeige zu gew\u00e4hrleisten. Unterhalb dieser Funktionen sorgt das Kaliber ML291 f\u00fcr den reibungslosen Betrieb der Masterpiece Triple R\u00e9trograde. Das effiziente Kaliber ist die perfekte Kombination aus dem Automatikwerk SW200 und einem Manufakturmodul, das in den Werkst\u00e4tten von Maurice Lacroix entwickelt und montiert wird. Dieses sorgf\u00e4ltig verarbeitete Kaliber ist durch den Saphirglasboden des Geh\u00e4uses sichtbar.<\/p>\n<p>Die beiden Varianten dieser \u00e4sthetisch gewagten Uhr sind mit einem schwarzen Alligatorlederarmband f\u00fcr die Version mit anthrazitfarbenem Zifferblatt und einem nachtblauen Armband f\u00fcr die Version mit silbernem Zifferblatt erh\u00e4ltlich.<\/p>\n","protected":false},"excerpt":{"rendered":"<p>Maurice Lacroix beweist erneut sein uhrmacherisches K\u00f6nnen bei der Herstellung von retrograden Anzeigen und pr\u00e4sentiert in diesem Jahr die erste Triple-Retrograde-Uhr innerhalb der Masterpiece-Kollektion. Ein Zeitmesser, der Eleganz und Pr\u00e4zision vereint und in zwei \u00c4sthetiken erh\u00e4ltlich ist, die sich den W\u00fcnschen eines jeden anpassen. Die Uhr wird in zwei Zifferblattversionen angeboten und setzt auf die &#8230; <a title=\"Maurice Lacroix Masterpiece Triple Retrograde 43mm\" class=\"read-more\" href=\"https:\/\/dev.lediamant.ch\/de\/uhren\/157425-maurice-lacroix-masterpiece-triple-retrograde-43mm-anthrazit-mp6538-ss001-310-1\/\" aria-label=\"Mehr Informationen \u00fcber Maurice Lacroix Masterpiece Triple Retrograde 43mm\">Weiterlesen &#8230;<\/a><\/p>\n","protected":false},"featured_media":214795,"template":"","meta":{"_acf_changed":false,"_seopress_robots_primary_cat":"27149","_seopress_titles_title":"%%post_title%%","_seopress_titles_desc":"Entdecken Sie die Eleganz und Pr\u00e4zision der Maurice Lacroix Triple-Retrograde-Uhr. Jetzt in zwei exklusiven \u00c4sthetiken erh\u00e4ltlich!","_seopress_robots_index":""},"brand":[27103],"product_brand":[],"product_cat":[27123,27149,27327],"product_tag":[],"class_list":{"0":"post-157425","1":"product","2":"type-product","3":"status-publish","4":"has-post-thumbnail","6":"brand-mauricelacroix-de","7":"product_cat-uhren","8":"product_cat-maurice-lacroix-de","9":"product_cat-masterpiece-de","10":"pa_couleurduboitier-grau-de","11":"pa_couleurdubracelet-schwarz-de","12":"pa_couleurducadran-anthrazit","13":"pa_etancheite-100m-de","14":"pa_forme-runden","15":"pa_garantie-24monate","16":"pa_genre-mann","17":"pa_matiere-stahl","18":"pa_matierebraceletmontre-leder","19":"pa_mouvement-automatik-de","20":"pa_swissmade-ja-de","21":"pa_verre-saphir-de","22":"sales-flash-overlay","23":"woocommerce-text-align-center","24":"woocommerce-image-align-center","25":"do-quantity-buttons","27":"first","28":"instock","29":"taxable","30":"shipping-taxable","31":"purchasable","32":"product-type-simple"},"acf":[],"_links":{"self":[{"href":"https:\/\/dev.lediamant.ch\/de\/wp-json\/wp\/v2\/product\/157425","targetHints":{"allow":["GET"]}}],"collection":[{"href":"https:\/\/dev.lediamant.ch\/de\/wp-json\/wp\/v2\/product"}],"about":[{"href":"https:\/\/dev.lediamant.ch\/de\/wp-json\/wp\/v2\/types\/product"}],"wp:featuredmedia":[{"embeddable":true,"href":"https:\/\/dev.lediamant.ch\/de\/wp-json\/wp\/v2\/media\/214795"}],"wp:attachment":[{"href":"https:\/\/dev.lediamant.ch\/de\/wp-json\/wp\/v2\/media?parent=157425"}],"wp:term":[{"taxonomy":"brand","embeddable":true,"href":"https:\/\/dev.lediamant.ch\/de\/wp-json\/wp\/v2\/brand?post=157425"},{"taxonomy":"product_brand","embeddable":true,"href":"https:\/\/dev.lediamant.ch\/de\/wp-json\/wp\/v2\/product_brand?post=157425"},{"taxonomy":"product_cat","embeddable":true,"href":"https:\/\/dev.lediamant.ch\/de\/wp-json\/wp\/v2\/product_cat?post=157425"},{"taxonomy":"product_tag","embeddable":true,"href":"https:\/\/dev.lediamant.ch\/de\/wp-json\/wp\/v2\/product_tag?post=157425"}],"curies":[{"name":"wp","href":"https:\/\/api.w.org\/{rel}","templated":true}]}}