{"id":158063,"date":"2021-11-13T10:16:27","date_gmt":"2021-11-13T09:16:27","guid":{"rendered":"https:\/\/dev.lediamant.ch\/produit\/uhren-de\/hamilton-de\/khaki-field-de\/hamilton-khaki-field-mechanical-handaufzug-42mm-2\/"},"modified":"2021-11-13T10:16:27","modified_gmt":"2021-11-13T09:16:27","slug":"hamilton-khaki-field-mechanical-handaufzug-42mm-2","status":"publish","type":"product","link":"https:\/\/dev.lediamant.ch\/de\/uhren\/158063-hamilton-khaki-field-mechanical-handaufzug-42mm-2\/","title":{"rendered":"Hamilton Khaki Field Mechanical Handaufzug | 42mm"},"content":{"rendered":"<p><span style=\"color:#1c1c1c;font-family:Montserrat, sans-serif;font-size:14px;background-color:#ffffff;\">Einer der legend\u00e4rsten Zeitmesser Hamiltons ist nunmehr mit einem gr\u00f6sseren Geh\u00e4use erh\u00e4ltlich. Die Khaki Field Mechanical 42 mm, die mit unserem exklusiven Handaufzugswerk H-50 ausgestattet ist, bleibt mit ihrem sandgestrahlten Edelstahlgeh\u00e4use und dem extrem gut ablesbaren Zifferblatt in Weiss oder Schwarz ihrer Form treu. Ob Sie diese \u00fcberarbeitete Version der Originalsoldatenuhr mit einem bequemen Edelstahlarmband oder aber einem gr\u00fcnen NATO-Textilarmband tragen \u2013 ihr robustes und widerstandsf\u00e4higes Design gew\u00e4hrleistet, dass Sie auf jedem Abenteuer stets p\u00fcnktlich sind.<\/span><\/p>\n","protected":false},"excerpt":{"rendered":"<p>Einer der legend\u00e4rsten Zeitmesser Hamiltons ist nunmehr mit einem gr\u00f6sseren Geh\u00e4use erh\u00e4ltlich. Die Khaki Field Mechanical 42 mm, die mit unserem exklusiven Handaufzugswerk H-50 ausgestattet ist, bleibt mit ihrem sandgestrahlten Edelstahlgeh\u00e4use und dem extrem gut ablesbaren Zifferblatt in Weiss oder Schwarz ihrer Form treu. Ob Sie diese \u00fcberarbeitete Version der Originalsoldatenuhr mit einem bequemen Edelstahlarmband &#8230; <a title=\"Hamilton Khaki Field Mechanical Handaufzug | 42mm\" class=\"read-more\" href=\"https:\/\/dev.lediamant.ch\/de\/uhren\/158063-hamilton-khaki-field-mechanical-handaufzug-42mm-2\/\" aria-label=\"Mehr Informationen \u00fcber Hamilton Khaki Field Mechanical Handaufzug | 42mm\">Weiterlesen &#8230;<\/a><\/p>\n","protected":false},"featured_media":158052,"template":"","meta":{"_acf_changed":false,"_seopress_robots_primary_cat":"","_seopress_titles_title":"","_seopress_titles_desc":"","_seopress_robots_index":""},"brand":[27085],"product_brand":[],"product_cat":[27123,27181,27291],"product_tag":[],"class_list":{"0":"post-158063","1":"product","2":"type-product","3":"status-publish","4":"has-post-thumbnail","6":"brand-hamilton-de","7":"product_cat-uhren","8":"product_cat-hamilton-de","9":"product_cat-khaki-field-de","10":"pa_couleurduboitier-grau-de","11":"pa_couleurdubracelet-grun-de","12":"pa_couleurducadran-weiss","13":"pa_etancheite-50m-de","14":"pa_forme-runden","15":"pa_garantie-24monate","16":"pa_genre-mann","17":"pa_matiere-stahl","18":"pa_matierebraceletmontre-nato-de","19":"pa_mouvement-mechanik","20":"pa_swissmade-ja-de","21":"pa_typedemontre-uhrenmithandaufzug","22":"sales-flash-overlay","23":"woocommerce-text-align-center","24":"woocommerce-image-align-center","25":"do-quantity-buttons","27":"first","28":"instock","29":"taxable","30":"shipping-taxable","31":"purchasable","32":"product-type-simple"},"acf":[],"_links":{"self":[{"href":"https:\/\/dev.lediamant.ch\/de\/wp-json\/wp\/v2\/product\/158063","targetHints":{"allow":["GET"]}}],"collection":[{"href":"https:\/\/dev.lediamant.ch\/de\/wp-json\/wp\/v2\/product"}],"about":[{"href":"https:\/\/dev.lediamant.ch\/de\/wp-json\/wp\/v2\/types\/product"}],"wp:featuredmedia":[{"embeddable":true,"href":"https:\/\/dev.lediamant.ch\/de\/wp-json\/wp\/v2\/media\/158052"}],"wp:attachment":[{"href":"https:\/\/dev.lediamant.ch\/de\/wp-json\/wp\/v2\/media?parent=158063"}],"wp:term":[{"taxonomy":"brand","embeddable":true,"href":"https:\/\/dev.lediamant.ch\/de\/wp-json\/wp\/v2\/brand?post=158063"},{"taxonomy":"product_brand","embeddable":true,"href":"https:\/\/dev.lediamant.ch\/de\/wp-json\/wp\/v2\/product_brand?post=158063"},{"taxonomy":"product_cat","embeddable":true,"href":"https:\/\/dev.lediamant.ch\/de\/wp-json\/wp\/v2\/product_cat?post=158063"},{"taxonomy":"product_tag","embeddable":true,"href":"https:\/\/dev.lediamant.ch\/de\/wp-json\/wp\/v2\/product_tag?post=158063"}],"curies":[{"name":"wp","href":"https:\/\/api.w.org\/{rel}","templated":true}]}}