{"id":158217,"date":"2021-12-07T17:43:53","date_gmt":"2021-12-07T16:43:53","guid":{"rendered":"https:\/\/dev.lediamant.ch\/produit\/schmuck-de\/anhanger-de\/perlenanhaenger-de\/suesswasserperlen-anhaenger-aus-75018-kt-gelbgold-1-diamant-im-brillantschliff-002-kt\/"},"modified":"2025-03-28T11:54:10","modified_gmt":"2025-03-28T10:54:10","slug":"perlenanhaenger-suesswasser-gelbgold-75018-ct-1diamant-glaenzende-groesse-002-ct","status":"publish","type":"product","link":"https:\/\/dev.lediamant.ch\/de\/schmuck\/158217-suesswasserperlen-anhaenger-aus-75018-kt-gelbgold-1-diamant-im-brillantschliff-002-kt\/","title":{"rendered":"S\u00fc\u00dfwasserperlenanh\u00e4nger 750\/18 ct Gelbgold, 1Diamant im Brillantschliff 0,02 ct"},"content":{"rendered":"","protected":false},"excerpt":{"rendered":"","protected":false},"featured_media":158215,"template":"","meta":{"_acf_changed":false,"_seopress_robots_primary_cat":"27278","_seopress_titles_title":"","_seopress_titles_desc":"","_seopress_robots_index":""},"brand":[27089],"product_brand":[],"product_cat":[27121,27155,27279],"product_tag":[],"class_list":{"0":"post-158217","1":"product","2":"type-product","3":"status-publish","4":"has-post-thumbnail","6":"brand-gold-jewellery-de","7":"product_cat-schmuck","8":"product_cat-anhanger","9":"product_cat-perlen-anhanger","10":"pa_dimensions-12-5-mm-x-9-8-mm","11":"pa_garantie-12monate","12":"pa_genre-frau","13":"pa_matiere-75018ktgelbgold","14":"pa_motif-formen","15":"pa_perles-suesswasser","16":"pa_pierres-diamant-de","17":"sales-flash-overlay","18":"woocommerce-text-align-center","19":"woocommerce-image-align-center","20":"do-quantity-buttons","22":"first","23":"instock","24":"taxable","25":"shipping-taxable","26":"purchasable","27":"product-type-simple"},"acf":[],"_links":{"self":[{"href":"https:\/\/dev.lediamant.ch\/de\/wp-json\/wp\/v2\/product\/158217","targetHints":{"allow":["GET"]}}],"collection":[{"href":"https:\/\/dev.lediamant.ch\/de\/wp-json\/wp\/v2\/product"}],"about":[{"href":"https:\/\/dev.lediamant.ch\/de\/wp-json\/wp\/v2\/types\/product"}],"wp:featuredmedia":[{"embeddable":true,"href":"https:\/\/dev.lediamant.ch\/de\/wp-json\/wp\/v2\/media\/158215"}],"wp:attachment":[{"href":"https:\/\/dev.lediamant.ch\/de\/wp-json\/wp\/v2\/media?parent=158217"}],"wp:term":[{"taxonomy":"brand","embeddable":true,"href":"https:\/\/dev.lediamant.ch\/de\/wp-json\/wp\/v2\/brand?post=158217"},{"taxonomy":"product_brand","embeddable":true,"href":"https:\/\/dev.lediamant.ch\/de\/wp-json\/wp\/v2\/product_brand?post=158217"},{"taxonomy":"product_cat","embeddable":true,"href":"https:\/\/dev.lediamant.ch\/de\/wp-json\/wp\/v2\/product_cat?post=158217"},{"taxonomy":"product_tag","embeddable":true,"href":"https:\/\/dev.lediamant.ch\/de\/wp-json\/wp\/v2\/product_tag?post=158217"}],"curies":[{"name":"wp","href":"https:\/\/api.w.org\/{rel}","templated":true}]}}