{"id":158307,"date":"2021-12-13T10:09:24","date_gmt":"2021-12-13T09:09:24","guid":{"rendered":"https:\/\/dev.lediamant.ch\/produit\/uhren-de\/tissot-de\/tissot-t-classic-de\/tissot-gentleman-quartz-de\/tissot-gentleman-8\/"},"modified":"2021-12-13T10:09:24","modified_gmt":"2021-12-13T09:09:24","slug":"tissot-gentleman-8","status":"publish","type":"product","link":"https:\/\/dev.lediamant.ch\/de\/uhren\/158307-tissot-gentleman-8\/","title":{"rendered":"Tissot Gentleman"},"content":{"rendered":"<p>Die Tissot Gentleman ist das perfekte Accessoire f\u00fcr den t\u00e4glichen Gebrauch. Diese klassisch-elegante Uhr hat ein Geh\u00e4use mit einem Durchmesser von 40 mm und passt perfekt zu jedem Stil. Die satinierten und polierten Zeiger und Indizes vervollst\u00e4ndigen ihren Look. Au\u00dferdem verf\u00fcgt sie \u00fcber ein Swiss Made Quarzwerk und kratzfestes Saphirglas.<\/p>\n","protected":false},"excerpt":{"rendered":"<p>Die Tissot Gentleman ist das perfekte Accessoire f\u00fcr den t\u00e4glichen Gebrauch. Diese klassisch-elegante Uhr hat ein Geh\u00e4use mit einem Durchmesser von 40 mm und passt perfekt zu jedem Stil. Die satinierten und polierten Zeiger und Indizes vervollst\u00e4ndigen ihren Look. Au\u00dferdem verf\u00fcgt sie \u00fcber ein Swiss Made Quarzwerk und kratzfestes Saphirglas.<\/p>\n","protected":false},"featured_media":158295,"template":"","meta":{"_acf_changed":false,"_seopress_robots_primary_cat":"","_seopress_titles_title":"","_seopress_titles_desc":"","_seopress_robots_index":""},"brand":[27087],"product_brand":[],"product_cat":[27123,27159,27445],"product_tag":[],"class_list":{"0":"post-158307","1":"product","2":"type-product","3":"status-publish","4":"has-post-thumbnail","6":"brand-tissot-de","7":"product_cat-uhren","8":"product_cat-tissot-de","9":"product_cat-tissot-gentleman","10":"pa_couleurduboitier-grau-de","11":"pa_couleurdubracelet-braun-de","12":"pa_couleurducadran-blau","13":"pa_dimensions-o-40-mm","14":"pa_etancheite-100m-de","15":"pa_forme-runden","16":"pa_garantie-24monate","17":"pa_genre-mann","18":"pa_matiere-stahl","19":"pa_matierebraceletmontre-leder","20":"pa_mouvement-quarzbatterie-de","21":"pa_swissmade-ja-de","22":"sales-flash-overlay","23":"woocommerce-text-align-center","24":"woocommerce-image-align-center","25":"do-quantity-buttons","27":"first","28":"instock","29":"taxable","30":"shipping-taxable","31":"purchasable","32":"product-type-simple"},"acf":[],"_links":{"self":[{"href":"https:\/\/dev.lediamant.ch\/de\/wp-json\/wp\/v2\/product\/158307","targetHints":{"allow":["GET"]}}],"collection":[{"href":"https:\/\/dev.lediamant.ch\/de\/wp-json\/wp\/v2\/product"}],"about":[{"href":"https:\/\/dev.lediamant.ch\/de\/wp-json\/wp\/v2\/types\/product"}],"wp:featuredmedia":[{"embeddable":true,"href":"https:\/\/dev.lediamant.ch\/de\/wp-json\/wp\/v2\/media\/158295"}],"wp:attachment":[{"href":"https:\/\/dev.lediamant.ch\/de\/wp-json\/wp\/v2\/media?parent=158307"}],"wp:term":[{"taxonomy":"brand","embeddable":true,"href":"https:\/\/dev.lediamant.ch\/de\/wp-json\/wp\/v2\/brand?post=158307"},{"taxonomy":"product_brand","embeddable":true,"href":"https:\/\/dev.lediamant.ch\/de\/wp-json\/wp\/v2\/product_brand?post=158307"},{"taxonomy":"product_cat","embeddable":true,"href":"https:\/\/dev.lediamant.ch\/de\/wp-json\/wp\/v2\/product_cat?post=158307"},{"taxonomy":"product_tag","embeddable":true,"href":"https:\/\/dev.lediamant.ch\/de\/wp-json\/wp\/v2\/product_tag?post=158307"}],"curies":[{"name":"wp","href":"https:\/\/api.w.org\/{rel}","templated":true}]}}