{"id":158588,"date":"2021-12-13T16:32:46","date_gmt":"2021-12-13T15:32:46","guid":{"rendered":"https:\/\/dev.lediamant.ch\/produit\/uhren-de\/tissot-de\/tissot-t-classic-de\/tissot-le-locle-automatik-de\/tissot-le-locle-powermatic-80-11\/"},"modified":"2025-10-03T08:39:51","modified_gmt":"2025-10-03T06:39:51","slug":"tissot-le-locle-powermatic-80-11","status":"publish","type":"product","link":"https:\/\/dev.lediamant.ch\/de\/uhren\/158588-tissot-le-locle-powermatic-80-11\/","title":{"rendered":"Tissot Le Locle Powermatic 80"},"content":{"rendered":"<p><span style=\"color:#757575;font-family:Heebo, Roboto, Arial, Helvetica, sans-serif;font-size:18px;background-color:#ffffff\">Die blo\u00dfe Erw\u00e4hnung des Namens Le Locle scheint allein schon eine Erfolgszutat zu sein. Die r\u00f6mischen Ziffern und die traditionelle Le Locle-Signatur vervollst\u00e4ndigen dieses Bild klassischer Eleganz, das sich sowohl tags\u00fcber als auch abends hervorragend tragen l\u00e4sst. Dank ihres Automatikwerks verf\u00fcgt die Tissot Le Locle Powermatic 80 \u00fcber eine Gangreserve von bis zu 80 Stunden. Neben dem Swiss Made Uhrwerk geh\u00f6ren zu den Merkmalen dieser Uhr ein kratzfestes Saphirglas, ein Geh\u00e4use aus Edelstahl 316L sowie ein transparenter Geh\u00e4useboden und eine Datumsanzeige. Diese Version der Tissot Le Locle Powermatic 80 hat ein dunkelblaues Zifferblatt und ein flexibles Armband aus 316L-Edelstahl mit einer Butterfly-Faltschlie\u00dfe mit Dr\u00fcckern.  <\/span><\/p>\n","protected":false},"excerpt":{"rendered":"<p>Die blo\u00dfe Erw\u00e4hnung des Namens Le Locle scheint allein schon eine Erfolgszutat zu sein. Die r\u00f6mischen Ziffern und die traditionelle Le Locle-Signatur vervollst\u00e4ndigen dieses Bild klassischer Eleganz, das sich sowohl tags\u00fcber als auch abends hervorragend tragen l\u00e4sst. Dank ihres Automatikwerks verf\u00fcgt die Tissot Le Locle Powermatic 80 \u00fcber eine Gangreserve von bis zu 80 Stunden. &#8230; <a title=\"Tissot Le Locle Powermatic 80\" class=\"read-more\" href=\"https:\/\/dev.lediamant.ch\/de\/uhren\/158588-tissot-le-locle-powermatic-80-11\/\" aria-label=\"Mehr Informationen \u00fcber Tissot Le Locle Powermatic 80\">Weiterlesen &#8230;<\/a><\/p>\n","protected":false},"featured_media":158578,"template":"","meta":{"_acf_changed":false,"_seopress_robots_primary_cat":"27244","_seopress_titles_title":"","_seopress_titles_desc":"","_seopress_robots_index":""},"brand":[27087],"product_brand":[],"product_cat":[27123,27159,27245,27473,27137],"product_tag":[],"class_list":{"0":"post-158588","1":"product","2":"type-product","3":"status-publish","4":"has-post-thumbnail","6":"brand-tissot-de","7":"product_cat-uhren","8":"product_cat-tissot-de","9":"product_cat-tissot-classic","10":"product_cat-tissot-le-locle","11":"product_cat-bracelet-ajustable-de","12":"pa_couleurduboitier-grau-de","13":"pa_couleurducadran-blau","14":"pa_dimensions-o-39-3-mm","15":"pa_etancheite-30m-de","16":"pa_forme-runden","17":"pa_garantie-24monate","18":"pa_genre-mann","19":"pa_matiere-stahl","20":"pa_matierebraceletmontre-edelstahl","21":"pa_mouvement-automatik-de","22":"sales-flash-overlay","23":"woocommerce-text-align-center","24":"woocommerce-image-align-center","25":"do-quantity-buttons","27":"first","28":"instock","29":"taxable","30":"shipping-taxable","31":"purchasable","32":"product-type-simple"},"acf":[],"_links":{"self":[{"href":"https:\/\/dev.lediamant.ch\/de\/wp-json\/wp\/v2\/product\/158588","targetHints":{"allow":["GET"]}}],"collection":[{"href":"https:\/\/dev.lediamant.ch\/de\/wp-json\/wp\/v2\/product"}],"about":[{"href":"https:\/\/dev.lediamant.ch\/de\/wp-json\/wp\/v2\/types\/product"}],"wp:featuredmedia":[{"embeddable":true,"href":"https:\/\/dev.lediamant.ch\/de\/wp-json\/wp\/v2\/media\/158578"}],"wp:attachment":[{"href":"https:\/\/dev.lediamant.ch\/de\/wp-json\/wp\/v2\/media?parent=158588"}],"wp:term":[{"taxonomy":"brand","embeddable":true,"href":"https:\/\/dev.lediamant.ch\/de\/wp-json\/wp\/v2\/brand?post=158588"},{"taxonomy":"product_brand","embeddable":true,"href":"https:\/\/dev.lediamant.ch\/de\/wp-json\/wp\/v2\/product_brand?post=158588"},{"taxonomy":"product_cat","embeddable":true,"href":"https:\/\/dev.lediamant.ch\/de\/wp-json\/wp\/v2\/product_cat?post=158588"},{"taxonomy":"product_tag","embeddable":true,"href":"https:\/\/dev.lediamant.ch\/de\/wp-json\/wp\/v2\/product_tag?post=158588"}],"curies":[{"name":"wp","href":"https:\/\/api.w.org\/{rel}","templated":true}]}}