{"id":158824,"date":"2022-01-03T01:00:45","date_gmt":"2022-01-03T00:00:45","guid":{"rendered":"https:\/\/dev.lediamant.ch\/produit\/uhren-de\/tissot-de\/tissot-t-classic-de\/tissot-gentleman-quartz-de\/tissot-gentleman-titanium-2\/"},"modified":"2022-01-03T01:00:45","modified_gmt":"2022-01-03T00:00:45","slug":"tissot-gentleman-titanium-2","status":"publish","type":"product","link":"https:\/\/dev.lediamant.ch\/de\/uhren\/158824-tissot-gentleman-titanium-2\/","title":{"rendered":"Tissot Gentleman Titanium"},"content":{"rendered":"<p>Die Tissot Gentleman ist das perfekte Accessoire f\u00fcr den Alltag, das aber gleichzeitig elegant ist. Die Uhr wird mit einem Geh\u00e4usedurchmesser von 40 mm geliefert und passt perfekt zu jedem Stil. Die satinierten und polierten Zeiger und Indizes vervollst\u00e4ndigen den eleganten Look der Tissot Gentleman mit Swiss Made Quarzwerk und kratzfestem Saphirglas. Dieses Modell verf\u00fcgt \u00fcber ein Titangeh\u00e4use und ein Armband aus Massivtitan mit einer Butterfly-Schlie\u00dfe mit Druckkn\u00f6pfen und einem grauen Zifferblatt mit Datumsanzeige.<\/p>\n","protected":false},"excerpt":{"rendered":"<p>Die Tissot Gentleman ist das perfekte Accessoire f\u00fcr den Alltag, das aber gleichzeitig elegant ist. Die Uhr wird mit einem Geh\u00e4usedurchmesser von 40 mm geliefert und passt perfekt zu jedem Stil. Die satinierten und polierten Zeiger und Indizes vervollst\u00e4ndigen den eleganten Look der Tissot Gentleman mit Swiss Made Quarzwerk und kratzfestem Saphirglas. Dieses Modell verf\u00fcgt &#8230; <a title=\"Tissot Gentleman Titanium\" class=\"read-more\" href=\"https:\/\/dev.lediamant.ch\/de\/uhren\/158824-tissot-gentleman-titanium-2\/\" aria-label=\"Mehr Informationen \u00fcber Tissot Gentleman Titanium\">Weiterlesen &#8230;<\/a><\/p>\n","protected":false},"featured_media":158810,"template":"","meta":{"_acf_changed":false,"_seopress_robots_primary_cat":"","_seopress_titles_title":"","_seopress_titles_desc":"","_seopress_robots_index":""},"brand":[27087],"product_brand":[],"product_cat":[27123,27159,27445],"product_tag":[],"class_list":{"0":"post-158824","1":"product","2":"type-product","3":"status-publish","4":"has-post-thumbnail","6":"brand-tissot-de","7":"product_cat-uhren","8":"product_cat-tissot-de","9":"product_cat-tissot-gentleman","10":"pa_couleurdubracelet-grau-de","11":"pa_couleurducadran-grau","12":"pa_dimensions-o-40-mm","13":"pa_etancheite-100m-de","14":"pa_forme-runden","15":"pa_garantie-24monate","16":"pa_genre-mann","17":"pa_matiere-titan","18":"pa_matierebraceletmontre-titan-de","19":"pa_mouvement-quarzbatterie-de","20":"sales-flash-overlay","21":"woocommerce-text-align-center","22":"woocommerce-image-align-center","23":"do-quantity-buttons","25":"first","26":"instock","27":"taxable","28":"shipping-taxable","29":"purchasable","30":"product-type-simple"},"acf":[],"_links":{"self":[{"href":"https:\/\/dev.lediamant.ch\/de\/wp-json\/wp\/v2\/product\/158824","targetHints":{"allow":["GET"]}}],"collection":[{"href":"https:\/\/dev.lediamant.ch\/de\/wp-json\/wp\/v2\/product"}],"about":[{"href":"https:\/\/dev.lediamant.ch\/de\/wp-json\/wp\/v2\/types\/product"}],"wp:featuredmedia":[{"embeddable":true,"href":"https:\/\/dev.lediamant.ch\/de\/wp-json\/wp\/v2\/media\/158810"}],"wp:attachment":[{"href":"https:\/\/dev.lediamant.ch\/de\/wp-json\/wp\/v2\/media?parent=158824"}],"wp:term":[{"taxonomy":"brand","embeddable":true,"href":"https:\/\/dev.lediamant.ch\/de\/wp-json\/wp\/v2\/brand?post=158824"},{"taxonomy":"product_brand","embeddable":true,"href":"https:\/\/dev.lediamant.ch\/de\/wp-json\/wp\/v2\/product_brand?post=158824"},{"taxonomy":"product_cat","embeddable":true,"href":"https:\/\/dev.lediamant.ch\/de\/wp-json\/wp\/v2\/product_cat?post=158824"},{"taxonomy":"product_tag","embeddable":true,"href":"https:\/\/dev.lediamant.ch\/de\/wp-json\/wp\/v2\/product_tag?post=158824"}],"curies":[{"name":"wp","href":"https:\/\/api.w.org\/{rel}","templated":true}]}}