{"id":158944,"date":"2022-01-24T01:00:24","date_gmt":"2022-01-24T00:00:24","guid":{"rendered":"https:\/\/dev.lediamant.ch\/produit\/uhren-de\/tissot-de\/tissot-t-classic-de\/tissot-prx-automatik-de\/tissot-prx-powermatic-80-18k-gold-bezel\/"},"modified":"2022-01-24T01:00:24","modified_gmt":"2022-01-24T00:00:24","slug":"tissot-prx-powermatic-80-18k-gold-bezel","status":"publish","type":"product","link":"https:\/\/dev.lediamant.ch\/de\/uhren\/158944-tissot-prx-powermatic-80-18k-gold-bezel\/","title":{"rendered":"Tissot PRX Powermatic 80 18Kt. Rot Gold Bezel"},"content":{"rendered":"<p>1978 entwickelte Tissot ein Quarzmodell, das sich durch ein schlankes Geh\u00e4use, schmale Indizes und ein Stahlarmband auszeichnete. Sein breiter, horizontaler Bandansatz, der f\u00fcr die damalige Zeit typisch war, war perfekt in das flache, tonnenf\u00f6rmige Geh\u00e4use integriert. Einige Jahre sp\u00e4ter lie\u00df sich Tissot den Namen PRX sch\u00fctzen. &#8222;PR&#8220; steht f\u00fcr &#8222;pr\u00e4zise&#8220; und &#8222;robust&#8220;. Das &#8222;X&#8220; steht f\u00fcr die r\u00f6mische Zahl zehn und den Druck von 10 bar, was einer Tiefe von 100 Metern entspricht, bis zu der die Uhr wasserdicht bleibt. Im Jahr 2021 stellte Tissot die neue PRX vor, eine moderne Interpretation des Vorg\u00e4ngermodells. Das Geh\u00e4use der Tissot PRX aus 316L-Edelstahl hat einen Durchmesser von 40 mm. Es besitzt eine leichte Tonneau-Form und ist mit einer schmalen, runden L\u00fcnette verziert. An den Seiten wechseln sich geb\u00fcrstete und abgerundete vertikale Finishes mit polierten Facetten ab. Die Tissot PRX Powermatic 80 Stahl &amp; 18 Karat Gold ist mit einer geriffelten L\u00fcnette aus echtem 18 Karat Ros\u00e9gold ausgestattet, die - zusammen mit den gleichfarbigen Indizes und Zeigern - einen sch\u00f6nen Kontrast zu dem blauen Zifferblatt bildet. Die Linien des Geh\u00e4uses setzen sich direkt im Armband fort, ohne die traditionellen H\u00f6rner zu verwenden. Das auff\u00e4lligste Merkmal des Armbands ist die Reihe gro\u00dfer Glieder, die die gesamte Breite einnehmen. Seine Flexibilit\u00e4t und Geschmeidigkeit machen es zu einem echten Erfolg im Bereich des ergonomischen Designs und sorgen f\u00fcr einen au\u00dfergew\u00f6hnlichen Tragekomfort. Die Satinierung der Au\u00dfenseiten ist ebenso sorgf\u00e4ltig ausgef\u00fchrt wie die Politur der Innenseiten. Die Zeiger der Tissot PRX Powermatic 80 Stahl &amp; 18 Karat Gold sind mit SuperLumiNova\u00ae beschichtet und wurden mit einem sehr geringen Abstand \u00fcbereinander angeordnet. Dadurch wird das Zifferblatt n\u00e4her an das Uhrenglas gebracht. Der optische Effekt, den die Tissot-Designer auf diese Weise erzielten, l\u00e4sst das Uhrengeh\u00e4use noch flacher und d\u00fcnner erscheinen, als es tats\u00e4chlich ist. Die Tissot PRX Powermatic 80 Stahl &amp; 18 Karat Gold verf\u00fcgt \u00fcber ein kratzfestes, beidseitig entspiegeltes Saphirglas und einen transparenten Boden aus Mineralglas. Ihr Swiss Made Automatikwerk mit einer Gangreserve von bis zu 80 Stunden ist mit einer Nivachron-Spirale ausgestattet, die f\u00fcr ihre hervorragende Best\u00e4ndigkeit gegen Magnetfelder bekannt ist. Die Uhr ist mit einem Armband aus 316L-Edelstahl mit Schnellwechselsystem und einer Butterfly-Faltschlie\u00dfe mit Dr\u00fcckern ausgestattet.<\/p>\n","protected":false},"excerpt":{"rendered":"<p>1978 entwickelte Tissot ein Quarzmodell, das sich durch ein schlankes Geh\u00e4use, schmale Indizes und ein Stahlarmband auszeichnete. Sein breiter, horizontaler Bandansatz, der f\u00fcr die damalige Zeit typisch war, war perfekt in das flache, tonnenf\u00f6rmige Geh\u00e4use integriert. Einige Jahre sp\u00e4ter lie\u00df sich Tissot den Namen PRX sch\u00fctzen. &#8222;PR&#8220; steht f\u00fcr &#8222;pr\u00e4zise&#8220; und &#8222;robust&#8220;. Das &#8222;X&#8220; steht &#8230; <a title=\"Tissot PRX Powermatic 80 18Kt. Rot Gold Bezel\" class=\"read-more\" href=\"https:\/\/dev.lediamant.ch\/de\/uhren\/158944-tissot-prx-powermatic-80-18k-gold-bezel\/\" aria-label=\"Mehr Informationen \u00fcber Tissot PRX Powermatic 80 18Kt. Rot Gold Bezel\">Weiterlesen &#8230;<\/a><\/p>\n","protected":false},"featured_media":158936,"template":"","meta":{"_acf_changed":false,"_seopress_robots_primary_cat":"","_seopress_titles_title":"","_seopress_titles_desc":"","_seopress_robots_index":""},"brand":[27087],"product_brand":[],"product_cat":[27123,27159,27245,27389],"product_tag":[],"class_list":{"0":"post-158944","1":"product","2":"type-product","3":"status-publish","4":"has-post-thumbnail","6":"brand-tissot-de","7":"product_cat-uhren","8":"product_cat-tissot-de","9":"product_cat-tissot-classic","10":"product_cat-tissot-prx","11":"pa_couleurduboitier-zweifarbig-de","12":"pa_couleurdubracelet-grau-de","13":"pa_couleurducadran-blau","14":"pa_dimensions-o-40-mm","15":"pa_etancheite-100m-de","16":"pa_forme-runden","17":"pa_garantie-24monate","18":"pa_genre-mann","19":"pa_matiere-bicolorstahlrosegold75018kt","20":"pa_matierebraceletmontre-edelstahl","21":"pa_mouvement-automatik-de","22":"sales-flash-overlay","23":"woocommerce-text-align-center","24":"woocommerce-image-align-center","25":"do-quantity-buttons","27":"first","28":"instock","29":"taxable","30":"shipping-taxable","31":"purchasable","32":"product-type-simple"},"acf":[],"_links":{"self":[{"href":"https:\/\/dev.lediamant.ch\/de\/wp-json\/wp\/v2\/product\/158944","targetHints":{"allow":["GET"]}}],"collection":[{"href":"https:\/\/dev.lediamant.ch\/de\/wp-json\/wp\/v2\/product"}],"about":[{"href":"https:\/\/dev.lediamant.ch\/de\/wp-json\/wp\/v2\/types\/product"}],"wp:featuredmedia":[{"embeddable":true,"href":"https:\/\/dev.lediamant.ch\/de\/wp-json\/wp\/v2\/media\/158936"}],"wp:attachment":[{"href":"https:\/\/dev.lediamant.ch\/de\/wp-json\/wp\/v2\/media?parent=158944"}],"wp:term":[{"taxonomy":"brand","embeddable":true,"href":"https:\/\/dev.lediamant.ch\/de\/wp-json\/wp\/v2\/brand?post=158944"},{"taxonomy":"product_brand","embeddable":true,"href":"https:\/\/dev.lediamant.ch\/de\/wp-json\/wp\/v2\/product_brand?post=158944"},{"taxonomy":"product_cat","embeddable":true,"href":"https:\/\/dev.lediamant.ch\/de\/wp-json\/wp\/v2\/product_cat?post=158944"},{"taxonomy":"product_tag","embeddable":true,"href":"https:\/\/dev.lediamant.ch\/de\/wp-json\/wp\/v2\/product_tag?post=158944"}],"curies":[{"name":"wp","href":"https:\/\/api.w.org\/{rel}","templated":true}]}}