{"id":159110,"date":"2022-02-21T01:00:40","date_gmt":"2022-02-21T00:00:40","guid":{"rendered":"https:\/\/dev.lediamant.ch\/produit\/uhren-de\/tissot-de\/tissot-t-lady-de\/tissot-bellissima-de\/tissot-bellissima-small-lady\/"},"modified":"2022-02-21T01:00:40","modified_gmt":"2022-02-21T00:00:40","slug":"tissot-bellissima-small-lady","status":"publish","type":"product","link":"https:\/\/dev.lediamant.ch\/de\/uhren\/159110-tissot-bellissima-small-lady\/","title":{"rendered":"Tissot Bellissima Small lady 26mm"},"content":{"rendered":"<p>Die Tissot Bellissima Small Lady ist die &#8222;kleine Schwester&#8220; der Tissot Bellissima Automatic. Dieses Modell verf\u00fcgt \u00fcber ein Swiss Made Quarzwerk und ein kratzfestes, gew\u00f6lbtes und entspiegeltes Saphirglas. Die r\u00f6mischen Ziffern, das kleine Datum bei 6 Uhr und der wei\u00dfe Cabochon auf der Krone verleihen der Tissot Bellissima Small Lady ein elegantes Aussehen. Ihr wei\u00dfes Zifferblatt ist von einem Geh\u00e4use aus 316L-Edelstahl umgeben, und das schwarze Lederarmband hat eine Schmetterlingsschlie\u00dfe.<\/p>\n","protected":false},"excerpt":{"rendered":"<p>Die Tissot Bellissima Small Lady ist die &#8222;kleine Schwester&#8220; der Tissot Bellissima Automatic. Dieses Modell verf\u00fcgt \u00fcber ein Swiss Made Quarzwerk und ein kratzfestes, gew\u00f6lbtes und entspiegeltes Saphirglas. Die r\u00f6mischen Ziffern, das kleine Datum bei 6 Uhr und der wei\u00dfe Cabochon auf der Krone verleihen der Tissot Bellissima Small Lady ein elegantes Aussehen. Ihr wei\u00dfes &#8230; <a title=\"Tissot Bellissima Small lady 26mm\" class=\"read-more\" href=\"https:\/\/dev.lediamant.ch\/de\/uhren\/159110-tissot-bellissima-small-lady\/\" aria-label=\"Mehr Informationen \u00fcber Tissot Bellissima Small lady 26mm\">Weiterlesen &#8230;<\/a><\/p>\n","protected":false},"featured_media":159099,"template":"","meta":{"_acf_changed":false,"_seopress_robots_primary_cat":"","_seopress_titles_title":"","_seopress_titles_desc":"","_seopress_robots_index":""},"brand":[27087],"product_brand":[],"product_cat":[27123,27159,27297,27383],"product_tag":[],"class_list":{"0":"post-159110","1":"product","2":"type-product","3":"status-publish","4":"has-post-thumbnail","6":"brand-tissot-de","7":"product_cat-uhren","8":"product_cat-tissot-de","9":"product_cat-exklusiv-fur-damen","10":"product_cat-tissot-bellissima","11":"pa_couleurduboitier-grau-de","12":"pa_couleurdubracelet-schwarz-de","13":"pa_couleurducadran-weiss","14":"pa_dimensions-o-26-mm","15":"pa_etancheite-50m-de","16":"pa_forme-runden","17":"pa_garantie-24monate","18":"pa_genre-frau","19":"pa_matiere-stahl","20":"pa_matierebraceletmontre-leder","21":"pa_mouvement-quarzbatterie-de","22":"sales-flash-overlay","23":"woocommerce-text-align-center","24":"woocommerce-image-align-center","25":"do-quantity-buttons","27":"first","28":"instock","29":"taxable","30":"shipping-taxable","31":"purchasable","32":"product-type-simple"},"acf":[],"_links":{"self":[{"href":"https:\/\/dev.lediamant.ch\/de\/wp-json\/wp\/v2\/product\/159110","targetHints":{"allow":["GET"]}}],"collection":[{"href":"https:\/\/dev.lediamant.ch\/de\/wp-json\/wp\/v2\/product"}],"about":[{"href":"https:\/\/dev.lediamant.ch\/de\/wp-json\/wp\/v2\/types\/product"}],"wp:featuredmedia":[{"embeddable":true,"href":"https:\/\/dev.lediamant.ch\/de\/wp-json\/wp\/v2\/media\/159099"}],"wp:attachment":[{"href":"https:\/\/dev.lediamant.ch\/de\/wp-json\/wp\/v2\/media?parent=159110"}],"wp:term":[{"taxonomy":"brand","embeddable":true,"href":"https:\/\/dev.lediamant.ch\/de\/wp-json\/wp\/v2\/brand?post=159110"},{"taxonomy":"product_brand","embeddable":true,"href":"https:\/\/dev.lediamant.ch\/de\/wp-json\/wp\/v2\/product_brand?post=159110"},{"taxonomy":"product_cat","embeddable":true,"href":"https:\/\/dev.lediamant.ch\/de\/wp-json\/wp\/v2\/product_cat?post=159110"},{"taxonomy":"product_tag","embeddable":true,"href":"https:\/\/dev.lediamant.ch\/de\/wp-json\/wp\/v2\/product_tag?post=159110"}],"curies":[{"name":"wp","href":"https:\/\/api.w.org\/{rel}","templated":true}]}}