{"id":159456,"date":"2022-03-11T17:16:19","date_gmt":"2022-03-11T16:16:19","guid":{"rendered":"https:\/\/dev.lediamant.ch\/produit\/uhren-de\/aerowatch-de\/a1942-de\/aerowatch-1942-automatic-silver-stahlband\/"},"modified":"2025-06-12T11:27:32","modified_gmt":"2025-06-12T09:27:32","slug":"aerowatch-1942-automatic-silver-stahlband","status":"publish","type":"product","link":"https:\/\/dev.lediamant.ch\/de\/uhren\/159456-aerowatch-1942-automatic-silver-stahlband\/","title":{"rendered":"Aerowatch 1942 Automatic Silver Stahlband"},"content":{"rendered":"<p>Klassische Automatikuhr aus der Kollektion 1942, 11 1\u20442, 25 Rubine. Stunden, Minuten, Sekunden, Datum bei 6 Uhr. Geh\u00e4use aus Edelstahl oder PVD-Rotgold, Durchmesser 40.00 mm. Saphirglas. Guillochiertes Zifferblatt mit silbernem Sonnenschliff, 12 r\u00f6mische Ziffern. Blaue Zeiger. Blaues oder braunes Lederarmband. mit Dornschlie\u00dfe oder Stahlarmband mit Faltschlie\u00dfe. Wasserdicht bis 50 Meter.<\/p>\n","protected":false},"excerpt":{"rendered":"<p>Klassische Automatikuhr aus der Kollektion 1942, 11 1\u20442, 25 Rubine. Stunden, Minuten, Sekunden, Datum bei 6 Uhr. Geh\u00e4use aus Edelstahl oder PVD-Rotgold, Durchmesser 40.00 mm. Saphirglas. Guillochiertes Zifferblatt mit silbernem Sonnenschliff, 12 r\u00f6mische Ziffern. Blaue Zeiger. Blaues oder braunes Lederarmband. mit Dornschlie\u00dfe oder Stahlarmband mit Faltschlie\u00dfe. Wasserdicht bis 50 Meter.<\/p>\n","protected":false},"featured_media":159452,"template":"","meta":{"_acf_changed":false,"_seopress_robots_primary_cat":"27241","_seopress_titles_title":"","_seopress_titles_desc":"","_seopress_robots_index":""},"brand":[27081],"product_brand":[],"product_cat":[27123,27167,27241,27137],"product_tag":[],"class_list":{"0":"post-159456","1":"product","2":"type-product","3":"status-publish","4":"has-post-thumbnail","6":"brand-aerowatch-de","7":"product_cat-uhren","8":"product_cat-aerowatch-de","9":"product_cat-1942-de","10":"product_cat-bracelet-ajustable-de","11":"pa_couleurduboitier-grau-de","12":"pa_couleurducadran-silber","13":"pa_etancheite-50m-de","14":"pa_forme-runden","15":"pa_garantie-24monate","16":"pa_genre-mann","17":"pa_genre-frau","18":"pa_matiere-stahl","19":"pa_matierebraceletmontre-edelstahl","20":"pa_mouvement-automatik-de","21":"pa_swissmade-ja-de","22":"pa_verre-saphir-de","23":"sales-flash-overlay","24":"woocommerce-text-align-center","25":"woocommerce-image-align-center","26":"do-quantity-buttons","28":"first","29":"instock","30":"taxable","31":"shipping-taxable","32":"purchasable","33":"product-type-simple"},"acf":[],"_links":{"self":[{"href":"https:\/\/dev.lediamant.ch\/de\/wp-json\/wp\/v2\/product\/159456","targetHints":{"allow":["GET"]}}],"collection":[{"href":"https:\/\/dev.lediamant.ch\/de\/wp-json\/wp\/v2\/product"}],"about":[{"href":"https:\/\/dev.lediamant.ch\/de\/wp-json\/wp\/v2\/types\/product"}],"wp:featuredmedia":[{"embeddable":true,"href":"https:\/\/dev.lediamant.ch\/de\/wp-json\/wp\/v2\/media\/159452"}],"wp:attachment":[{"href":"https:\/\/dev.lediamant.ch\/de\/wp-json\/wp\/v2\/media?parent=159456"}],"wp:term":[{"taxonomy":"brand","embeddable":true,"href":"https:\/\/dev.lediamant.ch\/de\/wp-json\/wp\/v2\/brand?post=159456"},{"taxonomy":"product_brand","embeddable":true,"href":"https:\/\/dev.lediamant.ch\/de\/wp-json\/wp\/v2\/product_brand?post=159456"},{"taxonomy":"product_cat","embeddable":true,"href":"https:\/\/dev.lediamant.ch\/de\/wp-json\/wp\/v2\/product_cat?post=159456"},{"taxonomy":"product_tag","embeddable":true,"href":"https:\/\/dev.lediamant.ch\/de\/wp-json\/wp\/v2\/product_tag?post=159456"}],"curies":[{"name":"wp","href":"https:\/\/api.w.org\/{rel}","templated":true}]}}