{"id":159522,"date":"2022-11-09T18:28:30","date_gmt":"2022-11-09T17:28:30","guid":{"rendered":"https:\/\/dev.lediamant.ch\/produit\/uhren-de\/tissot-de\/tissot-t-classic-de\/tissot-prx-automatik-de\/tissot-prx-automatic-chronograph\/"},"modified":"2025-10-03T08:39:36","modified_gmt":"2025-10-03T06:39:36","slug":"tissot-prx-automatic-chronograph","status":"publish","type":"product","link":"https:\/\/dev.lediamant.ch\/de\/uhren\/159522-tissot-prx-automatic-chronograph\/","title":{"rendered":"Tissot PRX Automatic Chronograph"},"content":{"rendered":"<p>1978 entwickelte Tissot ein Quarzmodell, das sich durch ein schlankes Geh\u00e4use, schmale Indizes und ein Stahlarmband auszeichnete. Seine breite, horizontale Befestigung, die typisch f\u00fcr die damalige Zeit war, war perfekt in das flache, tonnenf\u00f6rmige Geh\u00e4use integriert.<\/p>\n<p>Einige Jahre sp\u00e4ter meldete Tissot den Namen PRX an. &#8222;PR&#8220; steht f\u00fcr &#8222;pr\u00e4zise&#8220; und &#8222;robust&#8220;. Das &#8222;X&#8220; steht f\u00fcr die r\u00f6mische Zahl zehn und den Druck von 10 bar, was einer Tiefe von 100 Metern entspricht, bis zu der die Uhr wasserdicht bleibt.<\/p>\n<p>Im Jahr 2021 stellte Tissot die neue PRX vor, eine moderne Interpretation des Vorg\u00e4ngermodells.<\/p>\n<p>Das 316L-Edelstahlgeh\u00e4use des Tissot PRX Automatic Chronograph hat einen Durchmesser von 42 mm. Es hat eine leichte Tonneau-Form und ist mit einer schmalen, runden L\u00fcnette verziert.  An den Seiten wechseln sich geb\u00fcrstete und abgerundete vertikale Abschl\u00fcsse mit polierten Facetten ab.<\/p>\n<p>Der Tissot PRX Automatic Chronograph verf\u00fcgt \u00fcber ein Zifferblatt mit Totalisatoren und vernickelten Indizes und Zeigern. Die Linien des Geh\u00e4uses gehen direkt in das Armband \u00fcber, ohne die traditionellen H\u00f6rner zu verwenden.  Das auff\u00e4lligste Merkmal ist die Reihe gro\u00dfer Glieder, die die gesamte Breite einnehmen. Seine Flexibilit\u00e4t und Geschmeidigkeit machen ihn zu einem echten Erfolg im ergonomischen Design und sorgen f\u00fcr einen au\u00dfergew\u00f6hnlichen Komfort. Das Satinieren der Au\u00dfenseiten ist ebenso sorgf\u00e4ltig wie das Polieren der Innenseiten.<\/p>\n<p>Die Zeiger des Tissot PRX Automatic Chronograph sind mit SuperLumiNova\u00ae beschichtet und wurden mit einem sehr geringen Abstand \u00fcbereinander angeordnet. Dadurch wird das Zifferblatt n\u00e4her an das Uhrenglas herangezogen. Der optische Effekt, den die Tissot-Designer auf diese Weise erzielen, l\u00e4sst das Uhrengeh\u00e4use noch flacher und d\u00fcnner erscheinen, als es in Wirklichkeit ist.<\/p>\n<p>Die Uhr ist mit einem kratzfesten und entspiegelten Saphirglas und einem transparenten Boden aus Mineralglas ausgestattet. Das automatische Swiss Made Valjoux A05.H31 Uhrwerk hat einen skelettierten Rotor und bietet bis zu 60 Stunden Gangreserve. <\/p>\n<p>Diese Version des Tissot PRX Automatic Chronograph hat ein blaues Zifferblatt mit wei\u00dfen Totalisatoren und Indizes und ein Armband aus Edelstahl 316L mit Schmetterlingsfaltschlie\u00dfe mit Dr\u00fcckern.<\/p>\n","protected":false},"excerpt":{"rendered":"<p>1978 entwickelte Tissot ein Quarzmodell, das sich durch ein schlankes Geh\u00e4use, schmale Indizes und ein Stahlarmband auszeichnete. Seine breite, horizontale Befestigung, die typisch f\u00fcr die damalige Zeit war, war perfekt in das flache, tonnenf\u00f6rmige Geh\u00e4use integriert. Einige Jahre sp\u00e4ter meldete Tissot den Namen PRX an. &#8222;PR&#8220; steht f\u00fcr &#8222;pr\u00e4zise&#8220; und &#8222;robust&#8220;. Das &#8222;X&#8220; steht f\u00fcr &#8230; <a title=\"Tissot PRX Automatic Chronograph\" class=\"read-more\" href=\"https:\/\/dev.lediamant.ch\/de\/uhren\/159522-tissot-prx-automatic-chronograph\/\" aria-label=\"Mehr Informationen \u00fcber Tissot PRX Automatic Chronograph\">Weiterlesen &#8230;<\/a><\/p>\n","protected":false},"featured_media":159508,"template":"","meta":{"_acf_changed":false,"_seopress_robots_primary_cat":"27244","_seopress_titles_title":"","_seopress_titles_desc":"","_seopress_robots_index":""},"brand":[27087],"product_brand":[],"product_cat":[27123,27159,27245,27389,27137],"product_tag":[],"class_list":{"0":"post-159522","1":"product","2":"type-product","3":"status-publish","4":"has-post-thumbnail","6":"brand-tissot-de","7":"product_cat-uhren","8":"product_cat-tissot-de","9":"product_cat-tissot-classic","10":"product_cat-tissot-prx","11":"product_cat-bracelet-ajustable-de","12":"pa_couleurduboitier-grau-de","13":"pa_couleurducadran-weiss","14":"pa_dimensions-42-mm-x-41-5-mm","15":"pa_etancheite-100m-de","16":"pa_garantie-24monate","17":"pa_genre-mann","18":"pa_matiere-stahl","19":"pa_matierebraceletmontre-edelstahl","20":"pa_mouvement-automatik-de","21":"pa_swissmade-ja-de","22":"pa_typedemontre-chronograph-de","23":"sales-flash-overlay","24":"woocommerce-text-align-center","25":"woocommerce-image-align-center","26":"do-quantity-buttons","28":"first","29":"instock","30":"taxable","31":"shipping-taxable","32":"purchasable","33":"product-type-simple"},"acf":[],"_links":{"self":[{"href":"https:\/\/dev.lediamant.ch\/de\/wp-json\/wp\/v2\/product\/159522","targetHints":{"allow":["GET"]}}],"collection":[{"href":"https:\/\/dev.lediamant.ch\/de\/wp-json\/wp\/v2\/product"}],"about":[{"href":"https:\/\/dev.lediamant.ch\/de\/wp-json\/wp\/v2\/types\/product"}],"wp:featuredmedia":[{"embeddable":true,"href":"https:\/\/dev.lediamant.ch\/de\/wp-json\/wp\/v2\/media\/159508"}],"wp:attachment":[{"href":"https:\/\/dev.lediamant.ch\/de\/wp-json\/wp\/v2\/media?parent=159522"}],"wp:term":[{"taxonomy":"brand","embeddable":true,"href":"https:\/\/dev.lediamant.ch\/de\/wp-json\/wp\/v2\/brand?post=159522"},{"taxonomy":"product_brand","embeddable":true,"href":"https:\/\/dev.lediamant.ch\/de\/wp-json\/wp\/v2\/product_brand?post=159522"},{"taxonomy":"product_cat","embeddable":true,"href":"https:\/\/dev.lediamant.ch\/de\/wp-json\/wp\/v2\/product_cat?post=159522"},{"taxonomy":"product_tag","embeddable":true,"href":"https:\/\/dev.lediamant.ch\/de\/wp-json\/wp\/v2\/product_tag?post=159522"}],"curies":[{"name":"wp","href":"https:\/\/api.w.org\/{rel}","templated":true}]}}