{"id":159780,"date":"2022-04-06T16:24:21","date_gmt":"2022-04-06T14:24:21","guid":{"rendered":"https:\/\/dev.lediamant.ch\/produit\/uhren-de\/balmain-de\/trendies-de\/sedirea-de\/balmain-sedirea-8\/"},"modified":"2024-12-23T18:18:29","modified_gmt":"2024-12-23T17:18:29","slug":"balmain-sedirea-8","status":"publish","type":"product","link":"https:\/\/dev.lediamant.ch\/de\/uhren\/159780-balmain-sedirea-8\/","title":{"rendered":"Balmain Sedirea 31mm"},"content":{"rendered":"<p><span style=\"color: #333333; font-family: Lato, 'Helvetica Neue', Helvetica, Arial, sans-serif; font-size: 14px; background-color: #ffffff;\">Die neue Kollektion Sedirea von Balmain umfasst 14 Uhren, die auf unterschiedliche und ganz pers\u00f6nliche Weise Sch\u00f6nheit definieren. Die Eleganz eines Modell-Quartetts mit Geh\u00e4usen mit ros\u00e9goldfarbener PVD-Beschichtung wird durch schlanke B\u00e4nder aus genarbtem Leder erg\u00e4nzt. Sie alle besitzen Perlmuttzifferbl\u00e4tter in Wei\u00df oder Nachtblau. Sie verleihen jedem Handgelenk einen exotischen Reiz und passen zu jedem Stil \u2013 von legerer Kleidung bis hin zu eleganten Party-Outfits. Die breite Auswahl eleganter Edelstahlarmb\u00e4nder umfasst silbernes Edelstahl, ros\u00e9farbene und gelbe PVD-Beschichtung sowie zweifarbige Oberfl\u00e4chen. Diese erg\u00e4nzen das Repertoire um mit Arabesken verzierte Zifferbl\u00e4tter, die zeitgerecht an die blumige Inspiration erinnern.<\/span><\/p>\n","protected":false},"excerpt":{"rendered":"<p>Die neue Kollektion Sedirea von Balmain umfasst 14 Uhren, die auf unterschiedliche und ganz pers\u00f6nliche Weise Sch\u00f6nheit definieren. Die Eleganz eines Modell-Quartetts mit Geh\u00e4usen mit ros\u00e9goldfarbener PVD-Beschichtung wird durch schlanke B\u00e4nder aus genarbtem Leder erg\u00e4nzt. Sie alle besitzen Perlmuttzifferbl\u00e4tter in Wei\u00df oder Nachtblau. Sie verleihen jedem Handgelenk einen exotischen Reiz und passen zu jedem Stil &#8230; <a title=\"Balmain Sedirea 31mm\" class=\"read-more\" href=\"https:\/\/dev.lediamant.ch\/de\/uhren\/159780-balmain-sedirea-8\/\" aria-label=\"Mehr Informationen \u00fcber Balmain Sedirea 31mm\">Weiterlesen &#8230;<\/a><\/p>\n","protected":false},"featured_media":215494,"template":"","meta":{"_acf_changed":false,"_seopress_robots_primary_cat":"27173","_seopress_titles_title":"","_seopress_titles_desc":"","_seopress_robots_index":""},"brand":[27083],"product_brand":[],"product_cat":[27123,27173,27463,27137],"product_tag":[],"class_list":{"0":"post-159780","1":"product","2":"type-product","3":"status-publish","4":"has-post-thumbnail","6":"brand-balmain-de","7":"product_cat-uhren","8":"product_cat-balmain-de","9":"product_cat-sedirea-de","10":"product_cat-bracelet-ajustable-de","11":"pa_couleurduboitier-zweifarbig-de","12":"pa_couleurdubracelet-gelb-de","13":"pa_couleurdubracelet-grau-de","14":"pa_couleurducadran-perlmutt","15":"pa_dimensions-o-31-mm","16":"pa_etancheite-30m-de","17":"pa_forme-runden","18":"pa_garantie-24monate","19":"pa_genre-frau","20":"pa_matiere-zweifarbigstahlgelbgoldpvd","21":"pa_matierebraceletmontre-edelstahl","22":"pa_mouvement-quarzbatterie-de","23":"pa_swissmade-ja-de","24":"pa_typedemontre-uhrenmitdiamanten","25":"pa_verre-saphir-de","26":"sales-flash-overlay","27":"woocommerce-text-align-center","28":"woocommerce-image-align-center","29":"do-quantity-buttons","31":"first","32":"instock","33":"taxable","34":"shipping-taxable","35":"purchasable","36":"product-type-simple"},"acf":[],"_links":{"self":[{"href":"https:\/\/dev.lediamant.ch\/de\/wp-json\/wp\/v2\/product\/159780","targetHints":{"allow":["GET"]}}],"collection":[{"href":"https:\/\/dev.lediamant.ch\/de\/wp-json\/wp\/v2\/product"}],"about":[{"href":"https:\/\/dev.lediamant.ch\/de\/wp-json\/wp\/v2\/types\/product"}],"wp:featuredmedia":[{"embeddable":true,"href":"https:\/\/dev.lediamant.ch\/de\/wp-json\/wp\/v2\/media\/215494"}],"wp:attachment":[{"href":"https:\/\/dev.lediamant.ch\/de\/wp-json\/wp\/v2\/media?parent=159780"}],"wp:term":[{"taxonomy":"brand","embeddable":true,"href":"https:\/\/dev.lediamant.ch\/de\/wp-json\/wp\/v2\/brand?post=159780"},{"taxonomy":"product_brand","embeddable":true,"href":"https:\/\/dev.lediamant.ch\/de\/wp-json\/wp\/v2\/product_brand?post=159780"},{"taxonomy":"product_cat","embeddable":true,"href":"https:\/\/dev.lediamant.ch\/de\/wp-json\/wp\/v2\/product_cat?post=159780"},{"taxonomy":"product_tag","embeddable":true,"href":"https:\/\/dev.lediamant.ch\/de\/wp-json\/wp\/v2\/product_tag?post=159780"}],"curies":[{"name":"wp","href":"https:\/\/api.w.org\/{rel}","templated":true}]}}