{"id":160332,"date":"2022-05-02T18:09:02","date_gmt":"2022-05-02T16:09:02","guid":{"rendered":"https:\/\/dev.lediamant.ch\/produit\/geschenkideen-de\/valentinstag-de\/auswahl-fuer-ihn-de\/rochet-siegelring-rock-edelstahl-und-tigerauge\/"},"modified":"2025-10-03T08:39:16","modified_gmt":"2025-10-03T06:39:16","slug":"rochet-ritterring-rock-rostfreier-stahl-und-tigerauge","status":"publish","type":"product","link":"https:\/\/dev.lediamant.ch\/de\/geschenkideen\/160332-rochet-siegelring-rock-edelstahl-und-tigerauge\/","title":{"rendered":"ROCHET - Siegelring ROCK, Edelstahl und Tigerauge"},"content":{"rendered":"<p>Chavali\u00e8re-Ring aus der Vintage-Kollektion ROCK, verziert mit typischen Ornamenten aus der Musikszene. Zus\u00e4tzlich dazu gibt es noch das Armband, Halskette. Wenn Sie die richtige Ringgr\u00f6\u00dfe nicht kennen, k\u00f6nnen Sie sie mithilfe der Gr\u00f6\u00dfentabelle leicht finden.<\/p>\n","protected":false},"excerpt":{"rendered":"<p>Auf Sie die Rock&#8217;n&#8217;Roll Attitude! Tragen Sie diesen Ring aus gegl\u00e4nztem Stahl zusammen mit seinem Tigeraugenstein.<\/p>\n","protected":false},"featured_media":160322,"template":"","meta":{"_acf_changed":false,"_seopress_robots_primary_cat":"27330","_seopress_titles_title":"","_seopress_titles_desc":"","_seopress_robots_index":""},"brand":[41444],"product_brand":[],"product_cat":[27121,27139,27331,27345,27125,27153,27213],"product_tag":[],"class_list":{"0":"post-160332","1":"product","2":"type-product","3":"status-publish","4":"has-post-thumbnail","6":"brand-steel-jewellery-de","7":"product_cat-schmuck","8":"product_cat-ringe","9":"product_cat-siegelringe","10":"product_cat-stahl-ringe","11":"product_cat-geschenkideen","12":"product_cat-valentinstag-de","13":"product_cat-auswahl-fuer-ihn-de","14":"pa_dimensions-15-mm","15":"pa_garantie-24monate","16":"pa_genre-mann","17":"pa_matiere-stahl","18":"pa_tailledebague-60-de","19":"sales-flash-overlay","20":"woocommerce-text-align-center","21":"woocommerce-image-align-center","22":"do-quantity-buttons","24":"first","25":"instock","26":"taxable","27":"shipping-taxable","28":"purchasable","29":"product-type-variable","30":"has-default-attributes"},"acf":[],"_links":{"self":[{"href":"https:\/\/dev.lediamant.ch\/de\/wp-json\/wp\/v2\/product\/160332","targetHints":{"allow":["GET"]}}],"collection":[{"href":"https:\/\/dev.lediamant.ch\/de\/wp-json\/wp\/v2\/product"}],"about":[{"href":"https:\/\/dev.lediamant.ch\/de\/wp-json\/wp\/v2\/types\/product"}],"wp:featuredmedia":[{"embeddable":true,"href":"https:\/\/dev.lediamant.ch\/de\/wp-json\/wp\/v2\/media\/160322"}],"wp:attachment":[{"href":"https:\/\/dev.lediamant.ch\/de\/wp-json\/wp\/v2\/media?parent=160332"}],"wp:term":[{"taxonomy":"brand","embeddable":true,"href":"https:\/\/dev.lediamant.ch\/de\/wp-json\/wp\/v2\/brand?post=160332"},{"taxonomy":"product_brand","embeddable":true,"href":"https:\/\/dev.lediamant.ch\/de\/wp-json\/wp\/v2\/product_brand?post=160332"},{"taxonomy":"product_cat","embeddable":true,"href":"https:\/\/dev.lediamant.ch\/de\/wp-json\/wp\/v2\/product_cat?post=160332"},{"taxonomy":"product_tag","embeddable":true,"href":"https:\/\/dev.lediamant.ch\/de\/wp-json\/wp\/v2\/product_tag?post=160332"}],"curies":[{"name":"wp","href":"https:\/\/api.w.org\/{rel}","templated":true}]}}