{"id":160410,"date":"2022-05-03T11:43:44","date_gmt":"2022-05-03T09:43:44","guid":{"rendered":"https:\/\/dev.lediamant.ch\/produit\/geschenkideen-de\/valentinstag-de\/auswahl-fuer-ihn-de\/rochet-ring-dandy-stahl-poliert-8mm\/"},"modified":"2024-10-17T17:12:24","modified_gmt":"2024-10-17T15:12:24","slug":"rochet-dandy-ring-polierter-stahl-8mm","status":"publish","type":"product","link":"https:\/\/dev.lediamant.ch\/de\/schmuck\/160410-rochet-dandy-ring-polierter-stahl-8mm-ha07\/","title":{"rendered":"ROCHET - Ring DANDY, Stahl, poliert, 8mm"},"content":{"rendered":"<p>Dieser elegante Ring aus der Rochet Dandy-Kollektion ist aus poliertem Stahl gefertigt, was ihm einen au\u00dfergew\u00f6hnlichen Glanz und Haltbarkeit verleiht. Sein minimalistisches und modernes Design macht ihn zu einer perfekten Wahl f\u00fcr diejenigen, die Schlichtheit und Eleganz sch\u00e4tzen. Mit einer Breite von 8 mm wurde dieser Ring so entworfen, dass er sowohl bequem als auch auff\u00e4llig ist. Ob Sie nach einem allt\u00e4glichen Accessoire oder einem besonderen St\u00fcck f\u00fcr einen besonderen Anlass suchen, dieser Rochet Dandy Ring aus poliertem Stahl ist eine ausgezeichnete Wahl.<\/p>\n","protected":false},"excerpt":{"rendered":"<p>Dieser elegante Ring aus der Rochet Dandy-Kollektion ist aus poliertem Stahl gefertigt, was ihm einen au\u00dfergew\u00f6hnlichen Glanz und Haltbarkeit verleiht. Sein minimalistisches und modernes Design macht ihn zu einer perfekten Wahl f\u00fcr diejenigen, die Schlichtheit und Eleganz sch\u00e4tzen. Mit einer Breite von 8 mm wurde dieser Ring so entworfen, dass er sowohl bequem als auch &#8230; <a title=\"ROCHET - Ring DANDY, Stahl, poliert, 8mm\" class=\"read-more\" href=\"https:\/\/dev.lediamant.ch\/de\/schmuck\/160410-rochet-dandy-ring-polierter-stahl-8mm-ha07\/\" aria-label=\"Mehr Informationen \u00fcber ROCHET - Ring DANDY, Stahl, poliert, 8mm\">Weiterlesen &#8230;<\/a><\/p>\n","protected":false},"featured_media":160400,"template":"","meta":{"_acf_changed":false,"_seopress_robots_primary_cat":"27345","_seopress_titles_title":"","_seopress_titles_desc":"","_seopress_robots_index":""},"brand":[41444],"product_brand":[],"product_cat":[27121,27139,27345],"product_tag":[],"class_list":{"0":"post-160410","1":"product","2":"type-product","3":"status-publish","4":"has-post-thumbnail","6":"brand-steel-jewellery-de","7":"product_cat-schmuck","8":"product_cat-ringe","9":"product_cat-stahl-ringe","10":"pa_garantie-24monate","11":"pa_genre-mann","12":"pa_matiere-stahl","13":"pa_tailledebague-60-de","14":"sales-flash-overlay","15":"woocommerce-text-align-center","16":"woocommerce-image-align-center","17":"do-quantity-buttons","19":"first","20":"instock","21":"taxable","22":"shipping-taxable","23":"purchasable","24":"product-type-variable"},"acf":[],"_links":{"self":[{"href":"https:\/\/dev.lediamant.ch\/de\/wp-json\/wp\/v2\/product\/160410","targetHints":{"allow":["GET"]}}],"collection":[{"href":"https:\/\/dev.lediamant.ch\/de\/wp-json\/wp\/v2\/product"}],"about":[{"href":"https:\/\/dev.lediamant.ch\/de\/wp-json\/wp\/v2\/types\/product"}],"wp:featuredmedia":[{"embeddable":true,"href":"https:\/\/dev.lediamant.ch\/de\/wp-json\/wp\/v2\/media\/160400"}],"wp:attachment":[{"href":"https:\/\/dev.lediamant.ch\/de\/wp-json\/wp\/v2\/media?parent=160410"}],"wp:term":[{"taxonomy":"brand","embeddable":true,"href":"https:\/\/dev.lediamant.ch\/de\/wp-json\/wp\/v2\/brand?post=160410"},{"taxonomy":"product_brand","embeddable":true,"href":"https:\/\/dev.lediamant.ch\/de\/wp-json\/wp\/v2\/product_brand?post=160410"},{"taxonomy":"product_cat","embeddable":true,"href":"https:\/\/dev.lediamant.ch\/de\/wp-json\/wp\/v2\/product_cat?post=160410"},{"taxonomy":"product_tag","embeddable":true,"href":"https:\/\/dev.lediamant.ch\/de\/wp-json\/wp\/v2\/product_tag?post=160410"}],"curies":[{"name":"wp","href":"https:\/\/api.w.org\/{rel}","templated":true}]}}