{"id":160801,"date":"2022-05-06T11:47:38","date_gmt":"2022-05-06T09:47:38","guid":{"rendered":"https:\/\/dev.lediamant.ch\/produit\/trauringe-de\/copy-of-trauringe-eheringe-trauringe-edelstahl\/"},"modified":"2024-11-07T17:52:29","modified_gmt":"2024-11-07T16:52:29","slug":"copy-of-trauringe-eheringe-trauringe-edelstahl","status":"publish","type":"product","link":"https:\/\/dev.lediamant.ch\/de\/schmuck\/160801-trauringe-eheringe-trauringe-edelstahl-6-mm-fr-61-62\/","title":{"rendered":"Trauringe \/ Eheringe Trauringe Edelstahl 6 mm"},"content":{"rendered":"<p>Ein Paar Trauringe aus hochwertigem Stahl und Karbon. Die Ringbreite betr\u00e4gt 6.0 mm mit\u00a0 Diamant 0,020 H si Kt. beim Damenmodell.<\/p>\n<p>Um den sch\u00f6nsten Tag Ihres Lebens zu begleiten, werden die Trauringe in einer Schatulle mit einem Echtheitszertifikat geliefert.<\/p>\n<p>Verliebt sein, einer der gl\u00fccklichsten Momente im Leben. Unsere Partner- und Freundschaftsringe aus der TOGETHER-Kollektion begleiten Sie dabei. Alle Ringe von Diadoro \u2013 egal in welchen Materialien \u2013 durchlaufen unser Schweizer Atelier, erf\u00fcllen die h\u00f6chsten Qualit\u00e4tsanspr\u00fcche und verf\u00fcgen \u00fcber einen hohen Tragekomfort. Der Diamant ist unverg\u00e4nglich \u2013 so wie Ihre Liebe. Alle Damenringe werden wahlweise mit hochwertigen Diamanten veredelt.<\/p>\n<p>Der Trauring ist das Schmuckst\u00fcck eines ganzen Lebens. Z\u00f6gern Sie nicht, sich an unser Team zu wenden, um eine pers\u00f6nliche Beratung zu erhalten. F\u00fcr Ihre Anproben empfangen wir Sie gerne in unserem Gesch\u00e4ft in La Chaux-de-Fonds und begleiten Sie bei dieser unvergesslichen Etappe Ihrer Hochzeitsvorbereitungen.<\/p>\n","protected":false},"excerpt":{"rendered":"<p>Ein Paar Trauringe aus hochwertigem Stahl und Karbon. Die Ringbreite betr\u00e4gt 6.0 mm mit\u00a0 Diamant 0,020 H si Kt. beim Damenmodell. Um den sch\u00f6nsten Tag Ihres Lebens zu begleiten, werden die Trauringe in einer Schatulle mit einem Echtheitszertifikat geliefert. Verliebt sein, einer der gl\u00fccklichsten Momente im Leben. Unsere Partner- und Freundschaftsringe aus der TOGETHER-Kollektion begleiten &#8230; <a title=\"Trauringe \/ Eheringe Trauringe Edelstahl 6 mm\" class=\"read-more\" href=\"https:\/\/dev.lediamant.ch\/de\/schmuck\/160801-trauringe-eheringe-trauringe-edelstahl-6-mm-fr-61-62\/\" aria-label=\"Mehr Informationen \u00fcber Trauringe \/ Eheringe Trauringe Edelstahl 6 mm\">Weiterlesen &#8230;<\/a><\/p>\n","protected":false},"featured_media":160796,"template":"","meta":{"_acf_changed":false,"_seopress_robots_primary_cat":"27129","_seopress_titles_title":"%%post_title%%","_seopress_titles_desc":"Entdecken Sie unsere Trauringe mit Diamanten aus der TOGETHER-Kollektion. Perfekt f\u00fcr Ihren besonderen Tag,","_seopress_robots_index":""},"brand":[41444],"product_brand":[],"product_cat":[27345,27129],"product_tag":[],"class_list":{"0":"post-160801","1":"product","2":"type-product","3":"status-publish","4":"has-post-thumbnail","6":"brand-steel-jewellery-de","7":"product_cat-stahl-ringe","8":"product_cat-trauringe","9":"pa_choixdesalliances-paar","10":"pa_choixdesalliances-damen","11":"pa_choixdesalliances-herren","12":"pa_garantie-12monate","13":"pa_matiere-stahl","14":"pa_pierresmodeledame-diamant-de","15":"sales-flash-overlay","16":"woocommerce-text-align-center","17":"woocommerce-image-align-center","18":"do-quantity-buttons","20":"first","21":"instock","22":"taxable","23":"shipping-taxable","24":"purchasable","25":"product-type-variable","26":"has-default-attributes"},"acf":[],"_links":{"self":[{"href":"https:\/\/dev.lediamant.ch\/de\/wp-json\/wp\/v2\/product\/160801","targetHints":{"allow":["GET"]}}],"collection":[{"href":"https:\/\/dev.lediamant.ch\/de\/wp-json\/wp\/v2\/product"}],"about":[{"href":"https:\/\/dev.lediamant.ch\/de\/wp-json\/wp\/v2\/types\/product"}],"wp:featuredmedia":[{"embeddable":true,"href":"https:\/\/dev.lediamant.ch\/de\/wp-json\/wp\/v2\/media\/160796"}],"wp:attachment":[{"href":"https:\/\/dev.lediamant.ch\/de\/wp-json\/wp\/v2\/media?parent=160801"}],"wp:term":[{"taxonomy":"brand","embeddable":true,"href":"https:\/\/dev.lediamant.ch\/de\/wp-json\/wp\/v2\/brand?post=160801"},{"taxonomy":"product_brand","embeddable":true,"href":"https:\/\/dev.lediamant.ch\/de\/wp-json\/wp\/v2\/product_brand?post=160801"},{"taxonomy":"product_cat","embeddable":true,"href":"https:\/\/dev.lediamant.ch\/de\/wp-json\/wp\/v2\/product_cat?post=160801"},{"taxonomy":"product_tag","embeddable":true,"href":"https:\/\/dev.lediamant.ch\/de\/wp-json\/wp\/v2\/product_tag?post=160801"}],"curies":[{"name":"wp","href":"https:\/\/api.w.org\/{rel}","templated":true}]}}