{"id":161408,"date":"2022-10-19T12:32:18","date_gmt":"2022-10-19T10:32:18","guid":{"rendered":"https:\/\/dev.lediamant.ch\/produit\/uhren-de\/hamilton-de\/khaki-navy-de\/hamilton-khaki-navy-scuba-quarz-37mm-6\/"},"modified":"2022-10-19T12:32:18","modified_gmt":"2022-10-19T10:32:18","slug":"hamilton-khaki-navy-scuba-quarz-37mm-6","status":"publish","type":"product","link":"https:\/\/dev.lediamant.ch\/de\/uhren\/161408-hamilton-khaki-navy-scuba-quarz-37mm-6\/","title":{"rendered":"Hamilton Khaki Navy Scuba Quarz | 37mm"},"content":{"rendered":"<p>Stechen Sie in See mit dieser Khaki Navy Scuba Quartz im maritimen Stil. Die wundersch\u00f6ne blaue L\u00fcnette um das wei\u00dfe Zifferblatt sch\u00fctzt die Uhr vor Oxidation durch Sand und Salz und macht sie zum perfekten Accessoire f\u00fcr den Sommer.<\/p>\n","protected":false},"excerpt":{"rendered":"<p>Stechen Sie in See mit dieser Khaki Navy Scuba Quartz im maritimen Stil. Die wundersch\u00f6ne blaue L\u00fcnette um das wei\u00dfe Zifferblatt sch\u00fctzt die Uhr vor Oxidation durch Sand und Salz und macht sie zum perfekten Accessoire f\u00fcr den Sommer.<\/p>\n","protected":false},"featured_media":161397,"template":"","meta":{"_acf_changed":false,"_seopress_robots_primary_cat":"","_seopress_titles_title":"","_seopress_titles_desc":"","_seopress_robots_index":""},"brand":[27085],"product_brand":[],"product_cat":[27123,27181,27305,27137],"product_tag":[],"class_list":{"0":"post-161408","1":"product","2":"type-product","3":"status-publish","4":"has-post-thumbnail","6":"brand-hamilton-de","7":"product_cat-uhren","8":"product_cat-hamilton-de","9":"product_cat-khaki-navy-de","10":"product_cat-bracelet-ajustable-de","11":"pa_couleurduboitier-grau-de","12":"pa_couleurducadran-silber","13":"pa_etancheite-100m-de","14":"pa_forme-runden","15":"pa_genre-frau","16":"pa_matiere-stahl","17":"pa_matierebraceletmontre-edelstahl","18":"pa_mouvement-quarzbatterie-de","19":"pa_swissmade-ja-de","20":"pa_typedemontre-sportuhren","21":"sales-flash-overlay","22":"woocommerce-text-align-center","23":"woocommerce-image-align-center","24":"do-quantity-buttons","26":"first","27":"instock","28":"taxable","29":"shipping-taxable","30":"purchasable","31":"product-type-simple"},"acf":[],"_links":{"self":[{"href":"https:\/\/dev.lediamant.ch\/de\/wp-json\/wp\/v2\/product\/161408","targetHints":{"allow":["GET"]}}],"collection":[{"href":"https:\/\/dev.lediamant.ch\/de\/wp-json\/wp\/v2\/product"}],"about":[{"href":"https:\/\/dev.lediamant.ch\/de\/wp-json\/wp\/v2\/types\/product"}],"wp:featuredmedia":[{"embeddable":true,"href":"https:\/\/dev.lediamant.ch\/de\/wp-json\/wp\/v2\/media\/161397"}],"wp:attachment":[{"href":"https:\/\/dev.lediamant.ch\/de\/wp-json\/wp\/v2\/media?parent=161408"}],"wp:term":[{"taxonomy":"brand","embeddable":true,"href":"https:\/\/dev.lediamant.ch\/de\/wp-json\/wp\/v2\/brand?post=161408"},{"taxonomy":"product_brand","embeddable":true,"href":"https:\/\/dev.lediamant.ch\/de\/wp-json\/wp\/v2\/product_brand?post=161408"},{"taxonomy":"product_cat","embeddable":true,"href":"https:\/\/dev.lediamant.ch\/de\/wp-json\/wp\/v2\/product_cat?post=161408"},{"taxonomy":"product_tag","embeddable":true,"href":"https:\/\/dev.lediamant.ch\/de\/wp-json\/wp\/v2\/product_tag?post=161408"}],"curies":[{"name":"wp","href":"https:\/\/api.w.org\/{rel}","templated":true}]}}