{"id":161688,"date":"2022-10-19T11:41:13","date_gmt":"2022-10-19T09:41:13","guid":{"rendered":"https:\/\/dev.lediamant.ch\/produit\/uhren-de\/tissot-de\/tissot-heritage-de\/tissot-telemeter-1938-2\/"},"modified":"2025-10-03T08:38:49","modified_gmt":"2025-10-03T06:38:49","slug":"tissot-telemeter-1938-2","status":"publish","type":"product","link":"https:\/\/dev.lediamant.ch\/de\/uhren\/161688-tissot-telemeter-1938-2\/","title":{"rendered":"Tissot Telemeter 1938"},"content":{"rendered":"<p>Die Tissot Telemeter 1938 besitzt ein Valjoux A05.231 Uhrwerk und eine hochfeste Nivachron\u2122 Unruhspirale, die eine Gangreserve von bis zu 68 Stunden erm\u00f6glicht. Das 42 mm gro\u00dfe Geh\u00e4use aus geb\u00fcrstetem und poliertem Edelstahl verleiht der Uhr Eleganz und Finesse. Das Vintage-inspirierte Zifferblatt unterstreicht die zeitlose \u00c4sthetik der Uhr. Auf der rechten Seite des Geh\u00e4uses erinnern die ergonomischen Dr\u00fccker und die \u00fcbergro\u00dfe Krone mit geriffelten Kanten an die gro\u00dfe Zeit der Sportzeitmessung. Die Tissot Telemeter 1938 ist ein Symbol f\u00fcr die lange Tradition der Sportzeitmessung und gleichzeitig anspruchsvoll und leicht zu tragen.   <\/p>\n","protected":false},"excerpt":{"rendered":"<p>Die Tissot Telemeter 1938 besitzt ein Valjoux A05.231 Uhrwerk und eine hochfeste Nivachron\u2122 Unruhspirale, die eine Gangreserve von bis zu 68 Stunden erm\u00f6glicht. Das 42 mm gro\u00dfe Geh\u00e4use aus geb\u00fcrstetem und poliertem Edelstahl verleiht der Uhr Eleganz und Finesse. Das Vintage-inspirierte Zifferblatt unterstreicht die zeitlose \u00c4sthetik der Uhr. Auf der rechten Seite des Geh\u00e4uses erinnern &#8230; <a title=\"Tissot Telemeter 1938\" class=\"read-more\" href=\"https:\/\/dev.lediamant.ch\/de\/uhren\/161688-tissot-telemeter-1938-2\/\" aria-label=\"Mehr Informationen \u00fcber Tissot Telemeter 1938\">Weiterlesen &#8230;<\/a><\/p>\n","protected":false},"featured_media":161678,"template":"","meta":{"_acf_changed":false,"_seopress_robots_primary_cat":"40569","_seopress_titles_title":"","_seopress_titles_desc":"","_seopress_robots_index":""},"brand":[27087],"product_brand":[],"product_cat":[27123,27159,27307,40570],"product_tag":[],"class_list":{"0":"post-161688","1":"product","2":"type-product","3":"status-publish","4":"has-post-thumbnail","6":"brand-tissot-de","7":"product_cat-uhren","8":"product_cat-tissot-de","9":"product_cat-tissot-heritage","10":"product_cat-tissot-telemeter","11":"pa_couleurduboitier-grau-de","12":"pa_couleurdubracelet-braun-de","13":"pa_couleurducadran-schwarz","14":"pa_etancheite-30m-de","15":"pa_forme-runden","16":"pa_garantie-24monate","17":"pa_genre-mann","18":"pa_matiere-stahl","19":"pa_matierebraceletmontre-leder","20":"pa_mouvement-automatik-de","21":"pa_swissmade-ja-de","22":"pa_typedemontre-chronograph-de","23":"sales-flash-overlay","24":"woocommerce-text-align-center","25":"woocommerce-image-align-center","26":"do-quantity-buttons","28":"first","29":"instock","30":"taxable","31":"shipping-taxable","32":"purchasable","33":"product-type-simple"},"acf":[],"_links":{"self":[{"href":"https:\/\/dev.lediamant.ch\/de\/wp-json\/wp\/v2\/product\/161688","targetHints":{"allow":["GET"]}}],"collection":[{"href":"https:\/\/dev.lediamant.ch\/de\/wp-json\/wp\/v2\/product"}],"about":[{"href":"https:\/\/dev.lediamant.ch\/de\/wp-json\/wp\/v2\/types\/product"}],"wp:featuredmedia":[{"embeddable":true,"href":"https:\/\/dev.lediamant.ch\/de\/wp-json\/wp\/v2\/media\/161678"}],"wp:attachment":[{"href":"https:\/\/dev.lediamant.ch\/de\/wp-json\/wp\/v2\/media?parent=161688"}],"wp:term":[{"taxonomy":"brand","embeddable":true,"href":"https:\/\/dev.lediamant.ch\/de\/wp-json\/wp\/v2\/brand?post=161688"},{"taxonomy":"product_brand","embeddable":true,"href":"https:\/\/dev.lediamant.ch\/de\/wp-json\/wp\/v2\/product_brand?post=161688"},{"taxonomy":"product_cat","embeddable":true,"href":"https:\/\/dev.lediamant.ch\/de\/wp-json\/wp\/v2\/product_cat?post=161688"},{"taxonomy":"product_tag","embeddable":true,"href":"https:\/\/dev.lediamant.ch\/de\/wp-json\/wp\/v2\/product_tag?post=161688"}],"curies":[{"name":"wp","href":"https:\/\/api.w.org\/{rel}","templated":true}]}}