{"id":162078,"date":"2022-09-19T01:02:39","date_gmt":"2022-09-18T23:02:39","guid":{"rendered":"https:\/\/dev.lediamant.ch\/produit\/uhren-de\/tissot-de\/tissot-t-lady-de\/tissot-bellissima-de\/tissot-bellissima-quartz-small-lady-26-mm\/"},"modified":"2022-09-19T01:02:39","modified_gmt":"2022-09-18T23:02:39","slug":"tissot-bellissima-quartz-small-lady-26-mm","status":"publish","type":"product","link":"https:\/\/dev.lediamant.ch\/de\/uhren\/162078-tissot-bellissima-quartz-small-lady-26-mm\/","title":{"rendered":"Tissot Bellissima Quartz Small Lady 26 mm 47 Edelsteinen - rosa Topasen"},"content":{"rendered":"<p>Die Tissot Bellissima Small Lady ist die &#8222;kleine Schwester&#8220; der Tissot Bellissima Automatic. Dieses Modell verf\u00fcgt \u00fcber ein Swiss Made Quarzwerk und ein kratzfestes, gew\u00f6lbtes und entspiegeltes Saphirglas. Die r\u00f6mischen Ziffern, das kleine Datum bei 6 Uhr und der wei\u00dfe Cabochon auf der Krone verleihen der Tissot Bellissima Small Lady ein elegantes Aussehen. Ihr Zifferblatt aus wei\u00dfem Perlmutt ist in ein Geh\u00e4use aus 316L-Edelstahl mit einer L\u00fcnette mit 47 Edelsteinen - rosa Topasen - eingebettet. Das rosafarbene Lederarmband liegt dank der Butterfly-Schlie\u00dfe mit Dr\u00fcckern sicher und bequem am Handgelenk an.<\/p>\n","protected":false},"excerpt":{"rendered":"<p>Die Tissot Bellissima Small Lady ist die &#8222;kleine Schwester&#8220; der Tissot Bellissima Automatic. Dieses Modell verf\u00fcgt \u00fcber ein Swiss Made Quarzwerk und ein kratzfestes, gew\u00f6lbtes und entspiegeltes Saphirglas. Die r\u00f6mischen Ziffern, das kleine Datum bei 6 Uhr und der wei\u00dfe Cabochon auf der Krone verleihen der Tissot Bellissima Small Lady ein elegantes Aussehen. Ihr Zifferblatt &#8230; <a title=\"Tissot Bellissima Quartz Small Lady 26 mm 47 Edelsteinen - rosa Topasen\" class=\"read-more\" href=\"https:\/\/dev.lediamant.ch\/de\/uhren\/162078-tissot-bellissima-quartz-small-lady-26-mm\/\" aria-label=\"Mehr Informationen \u00fcber Tissot Bellissima Quartz Small Lady 26 mm 47 Edelsteinen - rosa Topasen\">Weiterlesen &#8230;<\/a><\/p>\n","protected":false},"featured_media":162066,"template":"","meta":{"_acf_changed":false,"_seopress_robots_primary_cat":"","_seopress_titles_title":"","_seopress_titles_desc":"","_seopress_robots_index":""},"brand":[27087],"product_brand":[],"product_cat":[27123,27159,27297,27383],"product_tag":[],"class_list":{"0":"post-162078","1":"product","2":"type-product","3":"status-publish","4":"has-post-thumbnail","6":"brand-tissot-de","7":"product_cat-uhren","8":"product_cat-tissot-de","9":"product_cat-exklusiv-fur-damen","10":"product_cat-tissot-bellissima","11":"pa_couleurduboitier-grau-de","12":"pa_couleurdubracelet-rosa-de","13":"pa_couleurducadran-perlmutt","14":"pa_dimensions-o-26-mm","15":"pa_etancheite-50m-de","16":"pa_forme-runden","17":"pa_garantie-24monate","18":"pa_matiere-stahl","19":"pa_matierebraceletmontre-leder","20":"pa_mouvement-quarzbatterie-de","21":"pa_swissmade-ja-de","22":"sales-flash-overlay","23":"woocommerce-text-align-center","24":"woocommerce-image-align-center","25":"do-quantity-buttons","27":"first","28":"instock","29":"taxable","30":"shipping-taxable","31":"purchasable","32":"product-type-simple"},"acf":[],"_links":{"self":[{"href":"https:\/\/dev.lediamant.ch\/de\/wp-json\/wp\/v2\/product\/162078","targetHints":{"allow":["GET"]}}],"collection":[{"href":"https:\/\/dev.lediamant.ch\/de\/wp-json\/wp\/v2\/product"}],"about":[{"href":"https:\/\/dev.lediamant.ch\/de\/wp-json\/wp\/v2\/types\/product"}],"wp:featuredmedia":[{"embeddable":true,"href":"https:\/\/dev.lediamant.ch\/de\/wp-json\/wp\/v2\/media\/162066"}],"wp:attachment":[{"href":"https:\/\/dev.lediamant.ch\/de\/wp-json\/wp\/v2\/media?parent=162078"}],"wp:term":[{"taxonomy":"brand","embeddable":true,"href":"https:\/\/dev.lediamant.ch\/de\/wp-json\/wp\/v2\/brand?post=162078"},{"taxonomy":"product_brand","embeddable":true,"href":"https:\/\/dev.lediamant.ch\/de\/wp-json\/wp\/v2\/product_brand?post=162078"},{"taxonomy":"product_cat","embeddable":true,"href":"https:\/\/dev.lediamant.ch\/de\/wp-json\/wp\/v2\/product_cat?post=162078"},{"taxonomy":"product_tag","embeddable":true,"href":"https:\/\/dev.lediamant.ch\/de\/wp-json\/wp\/v2\/product_tag?post=162078"}],"curies":[{"name":"wp","href":"https:\/\/api.w.org\/{rel}","templated":true}]}}