{"id":164899,"date":"2022-11-15T09:38:21","date_gmt":"2022-11-15T08:38:21","guid":{"rendered":"https:\/\/dev.lediamant.ch\/produit\/uhren-de\/aerowatch-de\/les-grandes-classiques-de\/aerowatch-les-grandes-classiques-chrono-sport-quarz-kautschouk-blau\/"},"modified":"2022-11-15T09:38:21","modified_gmt":"2022-11-15T08:38:21","slug":"aerowatch-les-grandes-classiques-chrono-sport-quarz-kautschouk-blau","status":"publish","type":"product","link":"https:\/\/dev.lediamant.ch\/de\/uhren\/164899-aerowatch-les-grandes-classiques-chrono-sport-quarz-kautschouk-blau\/","title":{"rendered":"Aerowatch Les Grandes Classiques Chrono Sport Quarz Kautschouk blau"},"content":{"rendered":"<p>BEWEGUNG Schweizer Quarz, Stunden, Minuten, Sekunden, Chronograph und Datum bei 4 Uhr.<\/p>\n<p>DIMENSIONEN Zwischenhorn 21.00 mm, Gesamth\u00f6he 11.25 mm<\/p>\n<p>DURCHMESSER 42.00 mm<\/p>\n<p>ARMBAND Blaues Kautschukband, 21.00 mm, Dornschlie\u00dfe<\/p>\n<p>GEH\u00c4USE Stahl mit polierter, satinierter Oberfl\u00e4che, flaches Saphirglas.<\/p>\n<p>Chronographen-Zifferblatt, silberfarben mit Sonnenschliff, 3 blaue Z\u00e4hler, 12 Leuchtindizes.<\/p>\n<p>Wasserdichtigkeit 50m<\/p>\n","protected":false},"excerpt":{"rendered":"<p>BEWEGUNG Schweizer Quarz, Stunden, Minuten, Sekunden, Chronograph und Datum bei 4 Uhr. DIMENSIONEN Zwischenhorn 21.00 mm, Gesamth\u00f6he 11.25 mm DURCHMESSER 42.00 mm ARMBAND Blaues Kautschukband, 21.00 mm, Dornschlie\u00dfe GEH\u00c4USE Stahl mit polierter, satinierter Oberfl\u00e4che, flaches Saphirglas. Chronographen-Zifferblatt, silberfarben mit Sonnenschliff, 3 blaue Z\u00e4hler, 12 Leuchtindizes. Wasserdichtigkeit 50m<\/p>\n","protected":false},"featured_media":164888,"template":"","meta":{"_acf_changed":false,"_seopress_robots_primary_cat":"","_seopress_titles_title":"","_seopress_titles_desc":"","_seopress_robots_index":""},"brand":[27081],"product_brand":[],"product_cat":[27125,27153,27213,27123,27167,27289],"product_tag":[],"class_list":{"0":"post-164899","1":"product","2":"type-product","3":"status-publish","4":"has-post-thumbnail","6":"brand-aerowatch-de","7":"product_cat-geschenkideen","8":"product_cat-valentinstag-de","9":"product_cat-auswahl-fuer-ihn-de","10":"product_cat-uhren","11":"product_cat-aerowatch-de","12":"product_cat-les-grandes-classiques-de","13":"pa_couleurduboitier-grau-de","14":"pa_couleurdubracelet-blau-de","15":"pa_couleurducadran-silber","16":"pa_couleurducadran-blau","17":"pa_etancheite-50m-de","18":"pa_forme-runden","19":"pa_garantie-24monate","20":"pa_genre-mann","21":"pa_matiere-stahl","22":"pa_matierebraceletmontre-kautschuk","23":"pa_mouvement-quarzbatterie-de","24":"pa_swissmade-ja-de","25":"pa_typedemontre-chronograph-de","26":"pa_typedemontre-sportuhren","27":"sales-flash-overlay","28":"woocommerce-text-align-center","29":"woocommerce-image-align-center","30":"do-quantity-buttons","32":"first","33":"instock","34":"taxable","35":"shipping-taxable","36":"purchasable","37":"product-type-simple"},"acf":[],"_links":{"self":[{"href":"https:\/\/dev.lediamant.ch\/de\/wp-json\/wp\/v2\/product\/164899","targetHints":{"allow":["GET"]}}],"collection":[{"href":"https:\/\/dev.lediamant.ch\/de\/wp-json\/wp\/v2\/product"}],"about":[{"href":"https:\/\/dev.lediamant.ch\/de\/wp-json\/wp\/v2\/types\/product"}],"wp:featuredmedia":[{"embeddable":true,"href":"https:\/\/dev.lediamant.ch\/de\/wp-json\/wp\/v2\/media\/164888"}],"wp:attachment":[{"href":"https:\/\/dev.lediamant.ch\/de\/wp-json\/wp\/v2\/media?parent=164899"}],"wp:term":[{"taxonomy":"brand","embeddable":true,"href":"https:\/\/dev.lediamant.ch\/de\/wp-json\/wp\/v2\/brand?post=164899"},{"taxonomy":"product_brand","embeddable":true,"href":"https:\/\/dev.lediamant.ch\/de\/wp-json\/wp\/v2\/product_brand?post=164899"},{"taxonomy":"product_cat","embeddable":true,"href":"https:\/\/dev.lediamant.ch\/de\/wp-json\/wp\/v2\/product_cat?post=164899"},{"taxonomy":"product_tag","embeddable":true,"href":"https:\/\/dev.lediamant.ch\/de\/wp-json\/wp\/v2\/product_tag?post=164899"}],"curies":[{"name":"wp","href":"https:\/\/api.w.org\/{rel}","templated":true}]}}