{"id":167962,"date":"2022-12-07T16:02:50","date_gmt":"2022-12-07T15:02:50","guid":{"rendered":"https:\/\/dev.lediamant.ch\/produit\/schmuck-de\/armschmuck-de\/armband-silber-925-de\/armband-giovanni-raspini-alamo-aus-925er-silber-laenge-22-cm\/"},"modified":"2025-10-03T08:38:05","modified_gmt":"2025-10-03T06:38:05","slug":"armband-giovanni-raspini-alamo-silber-925-laenge-22-cm","status":"publish","type":"product","link":"https:\/\/dev.lediamant.ch\/de\/schmuck\/167962-armband-giovanni-raspini-alamo-aus-925er-silber-laenge-22-cm\/","title":{"rendered":"Armband Giovanni Raspini ALAMO Silber 925. L\u00e4nge 22 cm."},"content":{"rendered":"<p>Collection Homme - Geld, Licht und Schatten. Die Perfektion der Gegens\u00e4tze f\u00fcr einen Mann, der in der Lage ist, die einfache und absolute Sch\u00f6nheit der Materie anzunehmen.<\/p>\n","protected":false},"excerpt":{"rendered":"<p>Collection Homme - Geld, Licht und Schatten. Die Perfektion der Gegens\u00e4tze f\u00fcr einen Mann, der in der Lage ist, die einfache und absolute Sch\u00f6nheit der Materie anzunehmen.<\/p>\n","protected":false},"featured_media":167956,"template":"","meta":{"_acf_changed":false,"_seopress_robots_primary_cat":"27262","_seopress_titles_title":"","_seopress_titles_desc":"","_seopress_robots_index":""},"brand":[27111],"product_brand":[],"product_cat":[27121,27175,27263],"product_tag":[],"class_list":{"0":"post-167962","1":"product","2":"type-product","3":"status-publish","4":"has-post-thumbnail","6":"brand-silver-jewellery-de","7":"product_cat-schmuck","8":"product_cat-armschmuck","9":"product_cat-silberarmbander","10":"pa_garantie-12monate","11":"pa_genre-mann","12":"pa_matiere-925silber","13":"sales-flash-overlay","14":"woocommerce-text-align-center","15":"woocommerce-image-align-center","16":"do-quantity-buttons","18":"first","19":"instock","20":"taxable","21":"shipping-taxable","22":"purchasable","23":"product-type-simple"},"acf":[],"_links":{"self":[{"href":"https:\/\/dev.lediamant.ch\/de\/wp-json\/wp\/v2\/product\/167962","targetHints":{"allow":["GET"]}}],"collection":[{"href":"https:\/\/dev.lediamant.ch\/de\/wp-json\/wp\/v2\/product"}],"about":[{"href":"https:\/\/dev.lediamant.ch\/de\/wp-json\/wp\/v2\/types\/product"}],"wp:featuredmedia":[{"embeddable":true,"href":"https:\/\/dev.lediamant.ch\/de\/wp-json\/wp\/v2\/media\/167956"}],"wp:attachment":[{"href":"https:\/\/dev.lediamant.ch\/de\/wp-json\/wp\/v2\/media?parent=167962"}],"wp:term":[{"taxonomy":"brand","embeddable":true,"href":"https:\/\/dev.lediamant.ch\/de\/wp-json\/wp\/v2\/brand?post=167962"},{"taxonomy":"product_brand","embeddable":true,"href":"https:\/\/dev.lediamant.ch\/de\/wp-json\/wp\/v2\/product_brand?post=167962"},{"taxonomy":"product_cat","embeddable":true,"href":"https:\/\/dev.lediamant.ch\/de\/wp-json\/wp\/v2\/product_cat?post=167962"},{"taxonomy":"product_tag","embeddable":true,"href":"https:\/\/dev.lediamant.ch\/de\/wp-json\/wp\/v2\/product_tag?post=167962"}],"curies":[{"name":"wp","href":"https:\/\/api.w.org\/{rel}","templated":true}]}}