{"id":168976,"date":"2022-12-14T13:33:09","date_gmt":"2022-12-14T12:33:09","guid":{"rendered":"https:\/\/dev.lediamant.ch\/produit\/schmuck-de\/ringe-de\/ringe-silber-925-de\/ti-sento-milano-ring-silber-925-12282zy\/"},"modified":"2024-02-09T14:54:07","modified_gmt":"2024-02-09T13:54:07","slug":"ti-sento-milano-bague-argent-925-12282zy","status":"publish","type":"product","link":"https:\/\/dev.lediamant.ch\/de\/schmuck\/168976-ti-sento-milano-ring-silber-925-12282zy\/","title":{"rendered":"TI SENTO - Milano Ring Silber 925, 12282ZY"},"content":{"rendered":"<p>Dieser Ring aus vergoldetem Silber TI SENTO 12282ZY besteht aus drei Ringen, die zu einem Ring kompiliert sind. Der Mittelstreifen hat eine Reihe von Zirkonen. Der Ring ist aus 925 Silber gefertigt und mit einer dicken Schicht Platinum \u00fcberzogen und vergoldet . Tragen Sie dieses St\u00fcck einzeln oder spielen Sie damit, indem Sie es mit anderen Ringen stapeln. Alle TI SENTO-Schmuckst\u00fccke werden mit Liebe und einem Hauch von Magie verpackt.<\/p>\n","protected":false},"excerpt":{"rendered":"<p>Dieser Ring aus vergoldetem Silber TI SENTO 12282ZY besteht aus drei Ringen, die zu einem Ring kompiliert sind. Der Mittelstreifen hat eine Reihe von Zirkonen. Der Ring ist aus 925 Silber gefertigt und mit einer dicken Schicht Platinum \u00fcberzogen und vergoldet . Tragen Sie dieses St\u00fcck einzeln oder spielen Sie damit, indem Sie es mit &#8230; <a title=\"TI SENTO - Milano Ring Silber 925, 12282ZY\" class=\"read-more\" href=\"https:\/\/dev.lediamant.ch\/de\/schmuck\/168976-ti-sento-milano-ring-silber-925-12282zy\/\" aria-label=\"Mehr Informationen \u00fcber TI SENTO - Milano Ring Silber 925, 12282ZY\">Weiterlesen &#8230;<\/a><\/p>\n","protected":false},"featured_media":168965,"template":"","meta":{"_acf_changed":false,"_seopress_robots_primary_cat":"","_seopress_titles_title":"","_seopress_titles_desc":"","_seopress_robots_index":""},"brand":[27111],"product_brand":[],"product_cat":[27121,27139,27299],"product_tag":[],"class_list":{"0":"post-168976","1":"product","2":"type-product","3":"status-publish","4":"has-post-thumbnail","6":"brand-silver-jewellery-de","7":"product_cat-schmuck","8":"product_cat-ringe","9":"product_cat-ringe-silber-925","10":"pa_garantie-12monate","11":"pa_genre-frau","12":"pa_matiere-925silber","13":"pa_tailledebague-50-de","14":"pa_tailledebague-52-de","15":"pa_tailledebague-54-de","16":"pa_tailledebague-56-de","17":"pa_tailledebague-58-de","18":"pa_tailledebague-60-de","19":"sales-flash-overlay","20":"woocommerce-text-align-center","21":"woocommerce-image-align-center","22":"do-quantity-buttons","24":"first","25":"instock","26":"taxable","27":"shipping-taxable","28":"purchasable","29":"product-type-variable","30":"has-default-attributes"},"acf":[],"_links":{"self":[{"href":"https:\/\/dev.lediamant.ch\/de\/wp-json\/wp\/v2\/product\/168976","targetHints":{"allow":["GET"]}}],"collection":[{"href":"https:\/\/dev.lediamant.ch\/de\/wp-json\/wp\/v2\/product"}],"about":[{"href":"https:\/\/dev.lediamant.ch\/de\/wp-json\/wp\/v2\/types\/product"}],"wp:featuredmedia":[{"embeddable":true,"href":"https:\/\/dev.lediamant.ch\/de\/wp-json\/wp\/v2\/media\/168965"}],"wp:attachment":[{"href":"https:\/\/dev.lediamant.ch\/de\/wp-json\/wp\/v2\/media?parent=168976"}],"wp:term":[{"taxonomy":"brand","embeddable":true,"href":"https:\/\/dev.lediamant.ch\/de\/wp-json\/wp\/v2\/brand?post=168976"},{"taxonomy":"product_brand","embeddable":true,"href":"https:\/\/dev.lediamant.ch\/de\/wp-json\/wp\/v2\/product_brand?post=168976"},{"taxonomy":"product_cat","embeddable":true,"href":"https:\/\/dev.lediamant.ch\/de\/wp-json\/wp\/v2\/product_cat?post=168976"},{"taxonomy":"product_tag","embeddable":true,"href":"https:\/\/dev.lediamant.ch\/de\/wp-json\/wp\/v2\/product_tag?post=168976"}],"curies":[{"name":"wp","href":"https:\/\/api.w.org\/{rel}","templated":true}]}}