{"id":171916,"date":"2023-01-09T01:02:11","date_gmt":"2023-01-09T00:02:11","guid":{"rendered":"https:\/\/dev.lediamant.ch\/produit\/uhren-de\/tissot-de\/tissot-t-classic-de\/tissot-chemin-des-tourelles-de\/tissot-chemin-des-tourelles-powermatic-80-39mm\/"},"modified":"2023-01-09T01:02:11","modified_gmt":"2023-01-09T00:02:11","slug":"tissot-chemin-des-tourelles-powermatic-80-39mm","status":"publish","type":"product","link":"https:\/\/dev.lediamant.ch\/de\/uhren\/171916-tissot-chemin-des-tourelles-powermatic-80-39mm\/","title":{"rendered":"Tissot Chemin des Tourelles Powermatic 80 39mm"},"content":{"rendered":"<p>Schlie\u00dfe die Augen, denke an eine echte Schweizer Uhr, und du wirst die Chemin des Tourelles sehen. Benannt nach der Stra\u00dfe, die zu Tissots Haus in den Schweizer Bergen f\u00fchrt, ist sie die Ikone von Tissot: rund, klassisch, mechanisch, zeitlos. Diese jetzt aktualisierte und raffinierte Ausgabe hat ein leicht gew\u00f6lbtes Saphirglas, das ein sonnenbeschienenes Zifferblatt mit einfachen und eleganten Stabindexen bedeckt, von denen jeder facettiert ist, um das Licht auf diskrete und gleichzeitig raffinierte Weise einzufangen. Unter diesem Zifferblatt befindet sich die Nivachron Powermatic 80, ein hochmodernes automatisches mechanisches Uhrwerk mit einer Gangreserve von 80 Stunden und hohem Antimagnetismus. Eine zeitlose Uhr.<\/p>\n<p>POWERMATIC 80 UHRWERK MIT NIVACHRON\u2122-UNRUH: 80 STUNDEN GANGRESERVE, ANTIMAGNETISCH, STOSSFEST UND TEMPERATURBEST\u00c4NDIG.<\/p>\n<p>DURCHMESSER: 39 MM<\/p>\n<p>GEW\u00d6LBTES, KRATZFESTES SAPHIRGLAS MIT ANTIREFLEXBESCHICHTUNG<\/p>\n<p>TRANSPARENTER GEH\u00c4USEBODEN<\/p>\n<p>AUSTAUSCHBARES ARMBAND, DAS SICH LEICHT \u00d6FFNEN L\u00c4SST<\/p>\n","protected":false},"excerpt":{"rendered":"<p>Schlie\u00dfe die Augen, denke an eine echte Schweizer Uhr, und du wirst die Chemin des Tourelles sehen. Benannt nach der Stra\u00dfe, die zu Tissots Haus in den Schweizer Bergen f\u00fchrt, ist sie die Ikone von Tissot: rund, klassisch, mechanisch, zeitlos. Diese jetzt aktualisierte und raffinierte Ausgabe hat ein leicht gew\u00f6lbtes Saphirglas, das ein sonnenbeschienenes Zifferblatt &#8230; <a title=\"Tissot Chemin des Tourelles Powermatic 80 39mm\" class=\"read-more\" href=\"https:\/\/dev.lediamant.ch\/de\/uhren\/171916-tissot-chemin-des-tourelles-powermatic-80-39mm\/\" aria-label=\"Mehr Informationen \u00fcber Tissot Chemin des Tourelles Powermatic 80 39mm\">Weiterlesen &#8230;<\/a><\/p>\n","protected":false},"featured_media":171904,"template":"","meta":{"_acf_changed":false,"_seopress_robots_primary_cat":"","_seopress_titles_title":"","_seopress_titles_desc":"","_seopress_robots_index":""},"brand":[27087],"product_brand":[],"product_cat":[27123,27159,27245,27489],"product_tag":[],"class_list":{"0":"post-171916","1":"product","2":"type-product","3":"status-publish","4":"has-post-thumbnail","6":"brand-tissot-de","7":"product_cat-uhren","8":"product_cat-tissot-de","9":"product_cat-tissot-classic","10":"product_cat-tissot-chemin-des-tourelles","11":"pa_couleurdubracelet-grau-de","12":"pa_couleurducadran-blau","13":"pa_dimensions-o-39-mm","14":"pa_etancheite-50m-de","15":"pa_forme-runden","16":"pa_garantie-24monate","17":"pa_genre-mann","18":"pa_genre-frau","19":"pa_matiere-stahl","20":"pa_matierebraceletmontre-edelstahl","21":"pa_mouvement-automatik-de","22":"pa_swissmade-ja-de","23":"pa_verre-saphir-de","24":"sales-flash-overlay","25":"woocommerce-text-align-center","26":"woocommerce-image-align-center","27":"do-quantity-buttons","29":"first","30":"instock","31":"taxable","32":"shipping-taxable","33":"purchasable","34":"product-type-simple"},"acf":[],"_links":{"self":[{"href":"https:\/\/dev.lediamant.ch\/de\/wp-json\/wp\/v2\/product\/171916","targetHints":{"allow":["GET"]}}],"collection":[{"href":"https:\/\/dev.lediamant.ch\/de\/wp-json\/wp\/v2\/product"}],"about":[{"href":"https:\/\/dev.lediamant.ch\/de\/wp-json\/wp\/v2\/types\/product"}],"wp:featuredmedia":[{"embeddable":true,"href":"https:\/\/dev.lediamant.ch\/de\/wp-json\/wp\/v2\/media\/171904"}],"wp:attachment":[{"href":"https:\/\/dev.lediamant.ch\/de\/wp-json\/wp\/v2\/media?parent=171916"}],"wp:term":[{"taxonomy":"brand","embeddable":true,"href":"https:\/\/dev.lediamant.ch\/de\/wp-json\/wp\/v2\/brand?post=171916"},{"taxonomy":"product_brand","embeddable":true,"href":"https:\/\/dev.lediamant.ch\/de\/wp-json\/wp\/v2\/product_brand?post=171916"},{"taxonomy":"product_cat","embeddable":true,"href":"https:\/\/dev.lediamant.ch\/de\/wp-json\/wp\/v2\/product_cat?post=171916"},{"taxonomy":"product_tag","embeddable":true,"href":"https:\/\/dev.lediamant.ch\/de\/wp-json\/wp\/v2\/product_tag?post=171916"}],"curies":[{"name":"wp","href":"https:\/\/api.w.org\/{rel}","templated":true}]}}