{"id":172113,"date":"2023-01-09T01:05:39","date_gmt":"2023-01-09T00:05:39","guid":{"rendered":"https:\/\/dev.lediamant.ch\/produit\/uhren-de\/tissot-de\/tissot-t-classic-de\/tissot-prx-automatik-de\/tissot-prx-automatic-chronograph-3\/"},"modified":"2025-10-03T08:37:40","modified_gmt":"2025-10-03T06:37:40","slug":"tissot-prx-automatic-chronograph-3","status":"publish","type":"product","link":"https:\/\/dev.lediamant.ch\/de\/uhren\/172113-tissot-prx-automatic-chronograph-3\/","title":{"rendered":"Tissot PRX Automatic Chronograph"},"content":{"rendered":"<p>Die PRX-Kollektion wird mit dem Tissot PRX Automatic Chronograph erweitert. Das ikonische Design aus den 1970er Jahren hat die Uhrenliebhaber auf der Suche nach Authentizit\u00e4t \u00fcberzeugt. Mit einem Durchmesser von 42 mm, dem satinierten Stahlgeh\u00e4use und dem integrierten Armband passt dieser Chronograph an jedes Handgelenk und zu jedem Anlass. Das blaue Zifferblatt und die wei\u00dfen Z\u00e4hler verleihen diesem Zeitmesser Eleganz und Charakter. Ausgestattet mit dem Valjoux A05.H31 Uhrwerk, das f\u00fcr seine Zuverl\u00e4ssigkeit und Pr\u00e4zision bekannt ist, verbindet die Tissot PRX Automatic Chronograph Design und Leistung. Mit einer Gangreserve von 60 Stunden wird diese Uhr Sie in allen Phasen Ihres Lebens begleiten.     <\/p>\n","protected":false},"excerpt":{"rendered":"<p>Die PRX-Kollektion wird mit dem Tissot PRX Automatic Chronograph erweitert. Das ikonische Design aus den 1970er Jahren hat die Uhrenliebhaber auf der Suche nach Authentizit\u00e4t \u00fcberzeugt. Mit einem Durchmesser von 42 mm, dem satinierten Stahlgeh\u00e4use und dem integrierten Armband passt dieser Chronograph an jedes Handgelenk und zu jedem Anlass. Das blaue Zifferblatt und die wei\u00dfen &#8230; <a title=\"Tissot PRX Automatic Chronograph\" class=\"read-more\" href=\"https:\/\/dev.lediamant.ch\/de\/uhren\/172113-tissot-prx-automatic-chronograph-3\/\" aria-label=\"Mehr Informationen \u00fcber Tissot PRX Automatic Chronograph\">Weiterlesen &#8230;<\/a><\/p>\n","protected":false},"featured_media":172099,"template":"","meta":{"_acf_changed":false,"_seopress_robots_primary_cat":"27244","_seopress_titles_title":"","_seopress_titles_desc":"","_seopress_robots_index":""},"brand":[27087],"product_brand":[],"product_cat":[27123,27159,27245,27389,27137],"product_tag":[],"class_list":{"0":"post-172113","1":"product","2":"type-product","3":"status-publish","4":"has-post-thumbnail","6":"brand-tissot-de","7":"product_cat-uhren","8":"product_cat-tissot-de","9":"product_cat-tissot-classic","10":"product_cat-tissot-prx","11":"product_cat-bracelet-ajustable-de","12":"pa_couleurdubracelet-grau-de","13":"pa_couleurducadran-weiss","14":"pa_etancheite-100m-de","15":"pa_garantie-24monate","16":"pa_genre-mann","17":"pa_matiere-stahl","18":"pa_matierebraceletmontre-edelstahl","19":"pa_mouvement-automatik-de","20":"pa_swissmade-ja-de","21":"pa_typedemontre-chronograph-de","22":"pa_verre-saphir-de","23":"sales-flash-overlay","24":"woocommerce-text-align-center","25":"woocommerce-image-align-center","26":"do-quantity-buttons","28":"first","29":"instock","30":"taxable","31":"shipping-taxable","32":"purchasable","33":"product-type-simple"},"acf":[],"_links":{"self":[{"href":"https:\/\/dev.lediamant.ch\/de\/wp-json\/wp\/v2\/product\/172113","targetHints":{"allow":["GET"]}}],"collection":[{"href":"https:\/\/dev.lediamant.ch\/de\/wp-json\/wp\/v2\/product"}],"about":[{"href":"https:\/\/dev.lediamant.ch\/de\/wp-json\/wp\/v2\/types\/product"}],"wp:featuredmedia":[{"embeddable":true,"href":"https:\/\/dev.lediamant.ch\/de\/wp-json\/wp\/v2\/media\/172099"}],"wp:attachment":[{"href":"https:\/\/dev.lediamant.ch\/de\/wp-json\/wp\/v2\/media?parent=172113"}],"wp:term":[{"taxonomy":"brand","embeddable":true,"href":"https:\/\/dev.lediamant.ch\/de\/wp-json\/wp\/v2\/brand?post=172113"},{"taxonomy":"product_brand","embeddable":true,"href":"https:\/\/dev.lediamant.ch\/de\/wp-json\/wp\/v2\/product_brand?post=172113"},{"taxonomy":"product_cat","embeddable":true,"href":"https:\/\/dev.lediamant.ch\/de\/wp-json\/wp\/v2\/product_cat?post=172113"},{"taxonomy":"product_tag","embeddable":true,"href":"https:\/\/dev.lediamant.ch\/de\/wp-json\/wp\/v2\/product_tag?post=172113"}],"curies":[{"name":"wp","href":"https:\/\/api.w.org\/{rel}","templated":true}]}}