{"id":173051,"date":"2023-02-10T17:30:34","date_gmt":"2023-02-10T16:30:34","guid":{"rendered":"https:\/\/dev.lediamant.ch\/produit\/uhren-de\/maurice-lacroix-de\/aikon-auto-de\/maurice-lacroix-aikon-master-grand-date-45mm-blau-stahlarmband-blaues-lederarmband\/"},"modified":"2025-01-22T16:14:21","modified_gmt":"2025-01-22T15:14:21","slug":"maurice-lacroix-aikon-master-grand-date-45mm-blau-stahlarmband-blaues-lederarmband","status":"publish","type":"product","link":"https:\/\/dev.lediamant.ch\/de\/uhren\/173051-maurice-lacroix-aikon-master-grand-date-45mm-blau-ai6118-ss00e-430-c\/","title":{"rendered":"Maurice Lacroix AIKON Master Grand Date 45mm"},"content":{"rendered":"<p>Die AIKON Master Grand Date wagt den Schritt in eine neue Dimension der Uhrmacherei. In einem 45-mm-Stahlgeh\u00e4use vereint sie den Geist der mechanischen Uhrmacherkunst der Masterpiece-Kollektion mit dem AIKON-Stil. Ihre dynamischen Linien, die Integration von Geh\u00e4use und Armband, die Reiter auf der L\u00fcnette und das Geh\u00e4use aus mattem und poliertem AIKON-Stahl beherbergen das Kaliber ML331, einen Neuzugang in der Reihe der Manufakturwerke von Maurice Lacroix. Es gibt den Blick auf die Unruh frei, die durch eine gro\u00dfe, skelettierte \u00d6ffnung sichtbar ist, und f\u00fchrt ein Gro\u00dfdatum mit Doppelfenster ein.<\/p>\n","protected":false},"excerpt":{"rendered":"<p>Die AIKON Master Grand Date wagt den Schritt in eine neue Dimension der Uhrmacherei. In einem 45-mm-Stahlgeh\u00e4use vereint sie den Geist der mechanischen Uhrmacherkunst der Masterpiece-Kollektion mit dem AIKON-Stil. Ihre dynamischen Linien, die Integration von Geh\u00e4use und Armband, die Reiter auf der L\u00fcnette und das Geh\u00e4use aus mattem und poliertem AIKON-Stahl beherbergen das Kaliber ML331, &#8230; <a title=\"Maurice Lacroix AIKON Master Grand Date 45mm\" class=\"read-more\" href=\"https:\/\/dev.lediamant.ch\/de\/uhren\/173051-maurice-lacroix-aikon-master-grand-date-45mm-blau-ai6118-ss00e-430-c\/\" aria-label=\"Mehr Informationen \u00fcber Maurice Lacroix AIKON Master Grand Date 45mm\">Weiterlesen &#8230;<\/a><\/p>\n","protected":false},"featured_media":215721,"template":"","meta":{"_acf_changed":false,"_seopress_robots_primary_cat":"27149","_seopress_titles_title":"%%post_title%%","_seopress_titles_desc":"Die AIKON Master Grand Date vereint traditionelle Uhrmacherei und modernes Design in einem innovativen 45-mm-Stahlgeh\u00e4use.","_seopress_robots_index":""},"brand":[27103],"product_brand":[],"product_cat":[27123,27149,27205],"product_tag":[],"class_list":{"0":"post-173051","1":"product","2":"type-product","3":"status-publish","4":"has-post-thumbnail","6":"brand-mauricelacroix-de","7":"product_cat-uhren","8":"product_cat-maurice-lacroix-de","9":"product_cat-aikon-de","10":"pa_couleurduboitier-grau-de","11":"pa_couleurdubracelet-blau-de","12":"pa_couleurdubracelet-grau-de","13":"pa_couleurducadran-blau","14":"pa_etancheite-100m-de","15":"pa_forme-runden","16":"pa_garantie-24monate","17":"pa_genre-mann","18":"pa_matiere-stahl","19":"pa_matierebraceletmontre-edelstahl","20":"pa_mouvement-automatik-de","21":"pa_swissmade-ja-de","22":"pa_verre-saphir-de","23":"sales-flash-overlay","24":"woocommerce-text-align-center","25":"woocommerce-image-align-center","26":"do-quantity-buttons","28":"first","29":"instock","30":"taxable","31":"shipping-taxable","32":"purchasable","33":"product-type-simple"},"acf":[],"_links":{"self":[{"href":"https:\/\/dev.lediamant.ch\/de\/wp-json\/wp\/v2\/product\/173051","targetHints":{"allow":["GET"]}}],"collection":[{"href":"https:\/\/dev.lediamant.ch\/de\/wp-json\/wp\/v2\/product"}],"about":[{"href":"https:\/\/dev.lediamant.ch\/de\/wp-json\/wp\/v2\/types\/product"}],"wp:featuredmedia":[{"embeddable":true,"href":"https:\/\/dev.lediamant.ch\/de\/wp-json\/wp\/v2\/media\/215721"}],"wp:attachment":[{"href":"https:\/\/dev.lediamant.ch\/de\/wp-json\/wp\/v2\/media?parent=173051"}],"wp:term":[{"taxonomy":"brand","embeddable":true,"href":"https:\/\/dev.lediamant.ch\/de\/wp-json\/wp\/v2\/brand?post=173051"},{"taxonomy":"product_brand","embeddable":true,"href":"https:\/\/dev.lediamant.ch\/de\/wp-json\/wp\/v2\/product_brand?post=173051"},{"taxonomy":"product_cat","embeddable":true,"href":"https:\/\/dev.lediamant.ch\/de\/wp-json\/wp\/v2\/product_cat?post=173051"},{"taxonomy":"product_tag","embeddable":true,"href":"https:\/\/dev.lediamant.ch\/de\/wp-json\/wp\/v2\/product_tag?post=173051"}],"curies":[{"name":"wp","href":"https:\/\/api.w.org\/{rel}","templated":true}]}}