{"id":173977,"date":"2022-12-02T16:57:49","date_gmt":"2022-12-02T15:57:49","guid":{"rendered":"https:\/\/dev.lediamant.ch\/produit\/uhren-de\/hamilton-de\/jazzmaster-de\/hamilton-jazzmaster-auto-chrono-automatik-42mm-7\/"},"modified":"2022-12-02T16:57:49","modified_gmt":"2022-12-02T15:57:49","slug":"hamilton-jazzmaster-auto-chrono-automatik-42mm-7","status":"publish","type":"product","link":"https:\/\/dev.lediamant.ch\/de\/uhren\/173977-hamilton-jazzmaster-auto-chrono-automatik-42mm-7\/","title":{"rendered":"Hamilton Jazzmaster Auto Chrono Automatik | 42mm"},"content":{"rendered":"<p>Gl\u00e4nzen Sie mit diesem zweifarbigen Design. Unser schwarz-goldenes Konzept, das das Geheimnis und den Glamour Hollywoods verk\u00f6rpert, besteht aus f\u00fcnf ber\u00fchmten Uhren: Jazzmaster Auto 36 mm, Jazzmaster Auto Chrono 42 mm, Pan Europ, Ventura Chrono Quartz und Ventura S. Durch das Spiel mit den Kontrasten von Licht und Schatten ist diese Kapselkollektion eine perfekte Darstellung der gro\u00dfen Leinwand.<\/p>\n","protected":false},"excerpt":{"rendered":"<p>Gl\u00e4nzen Sie mit diesem zweifarbigen Design. Unser schwarz-goldenes Konzept, das das Geheimnis und den Glamour Hollywoods verk\u00f6rpert, besteht aus f\u00fcnf ber\u00fchmten Uhren: Jazzmaster Auto 36 mm, Jazzmaster Auto Chrono 42 mm, Pan Europ, Ventura Chrono Quartz und Ventura S. Durch das Spiel mit den Kontrasten von Licht und Schatten ist diese Kapselkollektion eine perfekte Darstellung &#8230; <a title=\"Hamilton Jazzmaster Auto Chrono Automatik | 42mm\" class=\"read-more\" href=\"https:\/\/dev.lediamant.ch\/de\/uhren\/173977-hamilton-jazzmaster-auto-chrono-automatik-42mm-7\/\" aria-label=\"Mehr Informationen \u00fcber Hamilton Jazzmaster Auto Chrono Automatik | 42mm\">Weiterlesen &#8230;<\/a><\/p>\n","protected":false},"featured_media":173966,"template":"","meta":{"_acf_changed":false,"_seopress_robots_primary_cat":"","_seopress_titles_title":"","_seopress_titles_desc":"","_seopress_robots_index":""},"brand":[27085],"product_brand":[],"product_cat":[27123,27181,27243],"product_tag":[],"class_list":{"0":"post-173977","1":"product","2":"type-product","3":"status-publish","4":"has-post-thumbnail","6":"brand-hamilton-de","7":"product_cat-uhren","8":"product_cat-hamilton-de","9":"product_cat-jazzmaster-de","10":"pa_couleurduboitier-schwarz-de","11":"pa_couleurdubracelet-schwarz-de","12":"pa_couleurducadran-schwarz","13":"pa_etancheite-100m-de","14":"pa_forme-runden","15":"pa_garantie-24monate","16":"pa_genre-mann","17":"pa_matiere-schwarzespvd","18":"pa_matierebraceletmontre-leder","19":"pa_mouvement-automatik-de","20":"pa_swissmade-ja-de","21":"pa_typedemontre-chronograph-de","22":"sales-flash-overlay","23":"woocommerce-text-align-center","24":"woocommerce-image-align-center","25":"do-quantity-buttons","27":"first","28":"instock","29":"taxable","30":"shipping-taxable","31":"purchasable","32":"product-type-simple"},"acf":[],"_links":{"self":[{"href":"https:\/\/dev.lediamant.ch\/de\/wp-json\/wp\/v2\/product\/173977","targetHints":{"allow":["GET"]}}],"collection":[{"href":"https:\/\/dev.lediamant.ch\/de\/wp-json\/wp\/v2\/product"}],"about":[{"href":"https:\/\/dev.lediamant.ch\/de\/wp-json\/wp\/v2\/types\/product"}],"wp:featuredmedia":[{"embeddable":true,"href":"https:\/\/dev.lediamant.ch\/de\/wp-json\/wp\/v2\/media\/173966"}],"wp:attachment":[{"href":"https:\/\/dev.lediamant.ch\/de\/wp-json\/wp\/v2\/media?parent=173977"}],"wp:term":[{"taxonomy":"brand","embeddable":true,"href":"https:\/\/dev.lediamant.ch\/de\/wp-json\/wp\/v2\/brand?post=173977"},{"taxonomy":"product_brand","embeddable":true,"href":"https:\/\/dev.lediamant.ch\/de\/wp-json\/wp\/v2\/product_brand?post=173977"},{"taxonomy":"product_cat","embeddable":true,"href":"https:\/\/dev.lediamant.ch\/de\/wp-json\/wp\/v2\/product_cat?post=173977"},{"taxonomy":"product_tag","embeddable":true,"href":"https:\/\/dev.lediamant.ch\/de\/wp-json\/wp\/v2\/product_tag?post=173977"}],"curies":[{"name":"wp","href":"https:\/\/api.w.org\/{rel}","templated":true}]}}