{"id":174063,"date":"2023-03-03T17:44:22","date_gmt":"2023-03-03T16:44:22","guid":{"rendered":"https:\/\/dev.lediamant.ch\/produit\/uhren-de\/hamilton-de\/khaki-field-de\/hamilton-khaki-field-auto-titanium-automatik-38mm\/"},"modified":"2025-10-03T08:37:19","modified_gmt":"2025-10-03T06:37:19","slug":"hamilton-khaki-field-auto-titanium-automatique-38mm","status":"publish","type":"product","link":"https:\/\/dev.lediamant.ch\/de\/uhren\/174063-hamilton-khaki-field-auto-titanium-automatik-38mm\/","title":{"rendered":"Hamilton Khaki Field Auto Titanium 38mm"},"content":{"rendered":"<p>Ein Jahrhundert Erfahrung im Bereich der Milit\u00e4ruhren, kombiniert mit leichten Materialien, macht die Khaki Field Titanium Automatic zur ultimativen Allzweckuhr f\u00fcr moderne Helden. Das 38 mm gro\u00dfe Geh\u00e4use ist perfekt f\u00fcr das Leben im Feld geeignet und betont den Komfort und die Anpassungsf\u00e4higkeit, w\u00e4hrend das Design des Modells dem der historischen Uhren \u00e4hnelt, deren Erbe es ist. <\/p>\n","protected":false},"excerpt":{"rendered":"<p>Ein Jahrhundert Erfahrung im Bereich der Milit\u00e4ruhren, kombiniert mit leichten Materialien, macht die Khaki Field Titanium Automatic zur ultimativen Allzweckuhr f\u00fcr moderne Helden. Das 38 mm gro\u00dfe Geh\u00e4use ist perfekt f\u00fcr das Leben im Feld geeignet und betont den Komfort und die Anpassungsf\u00e4higkeit, w\u00e4hrend das Design des Modells dem der historischen Uhren \u00e4hnelt, deren Erbe &#8230; <a title=\"Hamilton Khaki Field Auto Titanium 38mm\" class=\"read-more\" href=\"https:\/\/dev.lediamant.ch\/de\/uhren\/174063-hamilton-khaki-field-auto-titanium-automatik-38mm\/\" aria-label=\"Mehr Informationen \u00fcber Hamilton Khaki Field Auto Titanium 38mm\">Weiterlesen &#8230;<\/a><\/p>\n","protected":false},"featured_media":174051,"template":"","meta":{"_acf_changed":false,"_seopress_robots_primary_cat":"27290","_seopress_titles_title":"","_seopress_titles_desc":"","_seopress_robots_index":""},"brand":[27085],"product_brand":[],"product_cat":[27123,27181,27291],"product_tag":[],"class_list":{"0":"post-174063","1":"product","2":"type-product","3":"status-publish","4":"has-post-thumbnail","6":"brand-hamilton-de","7":"product_cat-uhren","8":"product_cat-hamilton-de","9":"product_cat-khaki-field-de","10":"pa_couleurduboitier-grau-de","11":"pa_couleurdubracelet-grun-de","12":"pa_couleurducadran-schwarz","13":"pa_etancheite-100m-de","14":"pa_forme-runden","15":"pa_garantie-24monate","16":"pa_genre-mann","17":"pa_matiere-titan","18":"pa_matierebraceletmontre-leder","19":"pa_mouvement-automatik-de","20":"pa_swissmade-ja-de","21":"sales-flash-overlay","22":"woocommerce-text-align-center","23":"woocommerce-image-align-center","24":"do-quantity-buttons","26":"first","27":"instock","28":"taxable","29":"shipping-taxable","30":"purchasable","31":"product-type-simple"},"acf":[],"_links":{"self":[{"href":"https:\/\/dev.lediamant.ch\/de\/wp-json\/wp\/v2\/product\/174063","targetHints":{"allow":["GET"]}}],"collection":[{"href":"https:\/\/dev.lediamant.ch\/de\/wp-json\/wp\/v2\/product"}],"about":[{"href":"https:\/\/dev.lediamant.ch\/de\/wp-json\/wp\/v2\/types\/product"}],"wp:featuredmedia":[{"embeddable":true,"href":"https:\/\/dev.lediamant.ch\/de\/wp-json\/wp\/v2\/media\/174051"}],"wp:attachment":[{"href":"https:\/\/dev.lediamant.ch\/de\/wp-json\/wp\/v2\/media?parent=174063"}],"wp:term":[{"taxonomy":"brand","embeddable":true,"href":"https:\/\/dev.lediamant.ch\/de\/wp-json\/wp\/v2\/brand?post=174063"},{"taxonomy":"product_brand","embeddable":true,"href":"https:\/\/dev.lediamant.ch\/de\/wp-json\/wp\/v2\/product_brand?post=174063"},{"taxonomy":"product_cat","embeddable":true,"href":"https:\/\/dev.lediamant.ch\/de\/wp-json\/wp\/v2\/product_cat?post=174063"},{"taxonomy":"product_tag","embeddable":true,"href":"https:\/\/dev.lediamant.ch\/de\/wp-json\/wp\/v2\/product_tag?post=174063"}],"curies":[{"name":"wp","href":"https:\/\/api.w.org\/{rel}","templated":true}]}}