{"id":174487,"date":"2023-05-17T17:04:44","date_gmt":"2023-05-17T15:04:44","guid":{"rendered":"https:\/\/dev.lediamant.ch\/produit\/uhren-de\/hamilton-de\/khaki-navy-de\/hamilton-khaki-navy-frogman-auto-automatic-41mm-4\/"},"modified":"2024-11-02T15:41:48","modified_gmt":"2024-11-02T14:41:48","slug":"hamilton-khaki-navy-frogman-auto-automatisch-41mm-4","status":"publish","type":"product","link":"https:\/\/dev.lediamant.ch\/de\/uhren\/174487-hamilton-khaki-navy-frogman-auto-automatic-41mm-4\/","title":{"rendered":"Hamilton Khaki Navy Frogman Auto 41mm"},"content":{"rendered":"<p>Die Khaki Navy Frogman Automatic zeichnet sich durch ihre technischen Leistungen und ihre einzigartige \u00c4sthetik aus. Das 41-mm-Edelstahlgeh\u00e4use hat eine verschraubte Krone, die mit einem robusten, br\u00fcckenf\u00f6rmigen Kronenschutz bedeckt ist, der die Uhr bis 30 bar (300 m) wasserdicht macht - eine Anspielung auf die urspr\u00fcngliche Frogman. Die Khaki Navy Frogman Automatic 41 mm hat ein schwarzes Zifferblatt mit Super-Luminova\u00ae-Elementen f\u00fcr perfekte Ablesbarkeit in jeder Situation und ein imposantes Edelstahlarmband. Funktional und leicht zu tragen, ist diese Uhr ein Held auf See und an Land.<\/p>\n","protected":false},"excerpt":{"rendered":"<p>Die Khaki Navy Frogman Automatic zeichnet sich durch ihre technischen Leistungen und ihre einzigartige \u00c4sthetik aus. Das 41-mm-Edelstahlgeh\u00e4use hat eine verschraubte Krone, die mit einem robusten, br\u00fcckenf\u00f6rmigen Kronenschutz bedeckt ist, der die Uhr bis 30 bar (300 m) wasserdicht macht - eine Anspielung auf die urspr\u00fcngliche Frogman. Die Khaki Navy Frogman Automatic 41 mm hat &#8230; <a title=\"Hamilton Khaki Navy Frogman Auto 41mm\" class=\"read-more\" href=\"https:\/\/dev.lediamant.ch\/de\/uhren\/174487-hamilton-khaki-navy-frogman-auto-automatic-41mm-4\/\" aria-label=\"Mehr Informationen \u00fcber Hamilton Khaki Navy Frogman Auto 41mm\">Weiterlesen &#8230;<\/a><\/p>\n","protected":false},"featured_media":174473,"template":"","meta":{"_acf_changed":false,"_seopress_robots_primary_cat":"27304","_seopress_titles_title":"","_seopress_titles_desc":"","_seopress_robots_index":""},"brand":[27085],"product_brand":[],"product_cat":[27123,27181,27305,27137],"product_tag":[],"class_list":{"0":"post-174487","1":"product","2":"type-product","3":"status-publish","4":"has-post-thumbnail","6":"brand-hamilton-de","7":"product_cat-uhren","8":"product_cat-hamilton-de","9":"product_cat-khaki-navy-de","10":"product_cat-bracelet-ajustable-de","11":"pa_couleurduboitier-grau-de","12":"pa_couleurducadran-schwarz","13":"pa_etancheite-300m-de","14":"pa_forme-runden","15":"pa_garantie-24monate","16":"pa_genre-mann","17":"pa_matiere-stahl","18":"pa_matierebraceletmontre-edelstahl","19":"pa_mouvement-automatik-de","20":"pa_swissmade-ja-de","21":"pa_typedemontre-taucheruhren","22":"pa_verre-saphir-de","23":"sales-flash-overlay","24":"woocommerce-text-align-center","25":"woocommerce-image-align-center","26":"do-quantity-buttons","28":"first","29":"instock","30":"taxable","31":"shipping-taxable","32":"purchasable","33":"product-type-simple"},"acf":[],"_links":{"self":[{"href":"https:\/\/dev.lediamant.ch\/de\/wp-json\/wp\/v2\/product\/174487","targetHints":{"allow":["GET"]}}],"collection":[{"href":"https:\/\/dev.lediamant.ch\/de\/wp-json\/wp\/v2\/product"}],"about":[{"href":"https:\/\/dev.lediamant.ch\/de\/wp-json\/wp\/v2\/types\/product"}],"wp:featuredmedia":[{"embeddable":true,"href":"https:\/\/dev.lediamant.ch\/de\/wp-json\/wp\/v2\/media\/174473"}],"wp:attachment":[{"href":"https:\/\/dev.lediamant.ch\/de\/wp-json\/wp\/v2\/media?parent=174487"}],"wp:term":[{"taxonomy":"brand","embeddable":true,"href":"https:\/\/dev.lediamant.ch\/de\/wp-json\/wp\/v2\/brand?post=174487"},{"taxonomy":"product_brand","embeddable":true,"href":"https:\/\/dev.lediamant.ch\/de\/wp-json\/wp\/v2\/product_brand?post=174487"},{"taxonomy":"product_cat","embeddable":true,"href":"https:\/\/dev.lediamant.ch\/de\/wp-json\/wp\/v2\/product_cat?post=174487"},{"taxonomy":"product_tag","embeddable":true,"href":"https:\/\/dev.lediamant.ch\/de\/wp-json\/wp\/v2\/product_tag?post=174487"}],"curies":[{"name":"wp","href":"https:\/\/api.w.org\/{rel}","templated":true}]}}