{"id":174695,"date":"2023-05-25T15:43:00","date_gmt":"2023-05-25T13:43:00","guid":{"rendered":"https:\/\/dev.lediamant.ch\/produit\/uhren-de\/aerowatch-de\/les-grandes-classiques-de\/aerowatch-les-grandes-classiques-chrono-skeleton-automatic-antracite\/"},"modified":"2023-12-06T14:58:59","modified_gmt":"2023-12-06T13:58:59","slug":"aerowatch-les-grandes-classiques-chrono-skeleton-automatic-anthracite","status":"publish","type":"product","link":"https:\/\/dev.lediamant.ch\/de\/uhren\/174695-aerowatch-les-grandes-classiques-chrono-skeleton-automatic-antracite\/","title":{"rendered":"Aerowatch Les Grandes Classiques Chrono Skeleton Automatic Anthrazit"},"content":{"rendered":"<p>Das Familien-Uhrenunternehmen Aerowatch setzt einmal mehr auf Bew\u00e4hrtes und fordert Uhrenkenner heraus, denn die Gebr\u00fcder Bolzli pr\u00e4sentieren den ber\u00fchmten halbautomatischen Skelett-Chronographen der Linie &#8222;Les Grandes Classiques&#8220;. Zu der traditionellen Anzeige, bei der die Zeiger von der Mitte des Zifferblatts ausgehen, kommen separate Z\u00e4hler f\u00fcr Stunden, Minuten, Sekunden und das Datum hinzu. Aber dank der ausgewogenen Aufteilung des Zifferblatts verbindet sich die Mechanik mit dem Design der Uhr und verschmilzt mit ihr. Bei einem halb skelettierten automatischen Chronographen ist eine strenge Teilung des Zifferblatts f\u00fcr eine genaue Zeitangabe unerl\u00e4sslich. Um diese Strenge etwas abzumildern, pr\u00e4sentiert sich dieser halb skelettierte Automatikchronograph in einem Geh\u00e4use aus poliertem, satiniertem Edelstahl mit einer Pilotenkrone und einem dezenten anthrazitfarbenen Zifferblatt, dem rote Zeiger den passenden Farbtupfer verleihen. Die Indizes und Zeiger sind mit Luminova beschichtet, sodass die Uhrzeit auch im Dunkeln leicht abzulesen ist. Mit einem Durchmesser von 44 mm passt dieses integrierte Chronoskop an jedes Handgelenk. Das skelettierte Zifferblatt f\u00e4llt durch das entspiegelte Saphirglas ins Auge, und die neu eingekleidete Uhr gibt den Blick auf ihr verziertes Herz frei. Es ist faszinierend, in die geheimnisvolle Welt der hohen Uhrmacherkunst einzutauchen. Wenn man das Spiel der rhodinierten R\u00e4derwerke beobachtet, schweift der Blick unweigerlich zu den gebl\u00e4uten Schrauben und den verzierten Br\u00fccken, und man sollte sich nichts von diesem Spektakel entgehen lassen. Was bleibt, ist die Faszination einer sch\u00f6nen Errungenschaft und ein gro\u00dfer Respekt vor der Kunst der Uhrmacherei. Der halb skelettierte Automatik-Chronograph &#8222;Les Grandes Classiques&#8220; beweist, dass AEROWATCH seine Produkte unerm\u00fcdlich perfektioniert, die Grenzen des M\u00f6glichen sucht und dabei seinen Werten treu bleibt.<\/p>\n","protected":false},"excerpt":{"rendered":"<p>Das Familien-Uhrenunternehmen Aerowatch setzt einmal mehr auf Bew\u00e4hrtes und fordert Uhrenkenner heraus, denn die Gebr\u00fcder Bolzli pr\u00e4sentieren den ber\u00fchmten halbautomatischen Skelett-Chronographen der Linie &#8222;Les Grandes Classiques&#8220;. Zu der traditionellen Anzeige, bei der die Zeiger von der Mitte des Zifferblatts ausgehen, kommen separate Z\u00e4hler f\u00fcr Stunden, Minuten, Sekunden und das Datum hinzu. Aber dank der ausgewogenen &#8230; <a title=\"Aerowatch Les Grandes Classiques Chrono Skeleton Automatic Anthrazit\" class=\"read-more\" href=\"https:\/\/dev.lediamant.ch\/de\/uhren\/174695-aerowatch-les-grandes-classiques-chrono-skeleton-automatic-antracite\/\" aria-label=\"Mehr Informationen \u00fcber Aerowatch Les Grandes Classiques Chrono Skeleton Automatic Anthrazit\">Weiterlesen &#8230;<\/a><\/p>\n","protected":false},"featured_media":174689,"template":"","meta":{"_acf_changed":false,"_seopress_robots_primary_cat":"","_seopress_titles_title":"","_seopress_titles_desc":"","_seopress_robots_index":""},"brand":[27081],"product_brand":[],"product_cat":[27123,27167,27289],"product_tag":[],"class_list":{"0":"post-174695","1":"product","2":"type-product","3":"status-publish","4":"has-post-thumbnail","6":"brand-aerowatch-de","7":"product_cat-uhren","8":"product_cat-aerowatch-de","9":"product_cat-les-grandes-classiques-de","10":"pa_couleurduboitier-grau-de","11":"pa_couleurducadran-anthrazit","12":"pa_etancheite-50m-de","13":"pa_forme-runden","14":"pa_garantie-24monate","15":"pa_genre-mann","16":"pa_matiere-stahl","17":"pa_matierebraceletmontre-leder","18":"pa_mouvement-automatik-de","19":"pa_swissmade-ja-de","20":"pa_typedemontre-chronograph-de","21":"pa_typedemontre-skelettuhren","22":"pa_verre-saphir-de","23":"sales-flash-overlay","24":"woocommerce-text-align-center","25":"woocommerce-image-align-center","26":"do-quantity-buttons","28":"first","29":"instock","30":"taxable","31":"shipping-taxable","32":"purchasable","33":"product-type-simple"},"acf":[],"_links":{"self":[{"href":"https:\/\/dev.lediamant.ch\/de\/wp-json\/wp\/v2\/product\/174695","targetHints":{"allow":["GET"]}}],"collection":[{"href":"https:\/\/dev.lediamant.ch\/de\/wp-json\/wp\/v2\/product"}],"about":[{"href":"https:\/\/dev.lediamant.ch\/de\/wp-json\/wp\/v2\/types\/product"}],"wp:featuredmedia":[{"embeddable":true,"href":"https:\/\/dev.lediamant.ch\/de\/wp-json\/wp\/v2\/media\/174689"}],"wp:attachment":[{"href":"https:\/\/dev.lediamant.ch\/de\/wp-json\/wp\/v2\/media?parent=174695"}],"wp:term":[{"taxonomy":"brand","embeddable":true,"href":"https:\/\/dev.lediamant.ch\/de\/wp-json\/wp\/v2\/brand?post=174695"},{"taxonomy":"product_brand","embeddable":true,"href":"https:\/\/dev.lediamant.ch\/de\/wp-json\/wp\/v2\/product_brand?post=174695"},{"taxonomy":"product_cat","embeddable":true,"href":"https:\/\/dev.lediamant.ch\/de\/wp-json\/wp\/v2\/product_cat?post=174695"},{"taxonomy":"product_tag","embeddable":true,"href":"https:\/\/dev.lediamant.ch\/de\/wp-json\/wp\/v2\/product_tag?post=174695"}],"curies":[{"name":"wp","href":"https:\/\/api.w.org\/{rel}","templated":true}]}}