{"id":182522,"date":"2023-08-29T14:15:35","date_gmt":"2023-08-29T12:15:35","guid":{"rendered":"https:\/\/dev.lediamant.ch\/?post_type=product&#038;p=182522"},"modified":"2025-10-03T08:36:55","modified_gmt":"2025-10-03T06:36:55","slug":"hamilton-khaki-field-auto-titanium-automatisches-blaues-wimpel-38mm","status":"publish","type":"product","link":"https:\/\/dev.lediamant.ch\/de\/uhren\/182522-hamilton-khaki-field-auto-titanium-automatisches-blaues-zifferblatt-38mm\/","title":{"rendered":"Hamilton Khaki Field Auto Titanium 38mm"},"content":{"rendered":"<p>Mit einem Geh\u00e4use und einem Armband aus Titan ist die Khaki Field Titanium 38 mm eine vielseitige Uhr, die zu allen Anl\u00e4ssen getragen werden kann. Ihr ultraleichtes blaues Zifferblatt wird Ihnen bei all Ihren Abenteuern den Weg weisen, w\u00e4hrend das satinierte Armband, das von Charakter und Robustheit gepr\u00e4gt ist, das milit\u00e4rische Design der Uhr unterstreicht. Mit einer Mischung aus Stil, Leichtigkeit und Funktionalit\u00e4t wird der Khaki Field Titanium ein treuer Begleiter auf Ihrer Suche nach neuen Erfahrungen sein.<\/p>\n","protected":false},"excerpt":{"rendered":"<p>Mit einem Geh\u00e4use und einem Armband aus Titan ist die Khaki Field Titanium 38 mm eine vielseitige Uhr, die zu allen Anl\u00e4ssen getragen werden kann. Ihr ultraleichtes blaues Zifferblatt wird Ihnen bei all Ihren Abenteuern den Weg weisen, w\u00e4hrend das satinierte Armband, das von Charakter und Robustheit gepr\u00e4gt ist, das milit\u00e4rische Design der Uhr unterstreicht. &#8230; <a title=\"Hamilton Khaki Field Auto Titanium 38mm\" class=\"read-more\" href=\"https:\/\/dev.lediamant.ch\/de\/uhren\/182522-hamilton-khaki-field-auto-titanium-automatisches-blaues-zifferblatt-38mm\/\" aria-label=\"Mehr Informationen \u00fcber Hamilton Khaki Field Auto Titanium 38mm\">Weiterlesen &#8230;<\/a><\/p>\n","protected":false},"featured_media":182524,"template":"","meta":{"_acf_changed":false,"_seopress_robots_primary_cat":"27290","_seopress_titles_title":"","_seopress_titles_desc":"","_seopress_robots_index":""},"brand":[27085],"product_brand":[],"product_cat":[27123,27181,27291],"product_tag":[],"class_list":{"0":"post-182522","1":"product","2":"type-product","3":"status-publish","4":"has-post-thumbnail","6":"brand-hamilton-de","7":"product_cat-uhren","8":"product_cat-hamilton-de","9":"product_cat-khaki-field-de","10":"pa_couleurduboitier-grau-de","11":"pa_couleurducadran-blau","12":"pa_etancheite-100m-de","13":"pa_forme-runden","14":"pa_garantie-24monate","15":"pa_genre-mann","16":"pa_matiere-titan","17":"pa_matierebraceletmontre-titan-de","18":"pa_mouvement-automatik-de","19":"pa_swissmade-ja-de","20":"pa_verre-saphir-de","21":"sales-flash-overlay","22":"woocommerce-text-align-center","23":"woocommerce-image-align-center","24":"do-quantity-buttons","26":"first","27":"instock","28":"taxable","29":"shipping-taxable","30":"purchasable","31":"product-type-simple"},"acf":[],"_links":{"self":[{"href":"https:\/\/dev.lediamant.ch\/de\/wp-json\/wp\/v2\/product\/182522","targetHints":{"allow":["GET"]}}],"collection":[{"href":"https:\/\/dev.lediamant.ch\/de\/wp-json\/wp\/v2\/product"}],"about":[{"href":"https:\/\/dev.lediamant.ch\/de\/wp-json\/wp\/v2\/types\/product"}],"wp:featuredmedia":[{"embeddable":true,"href":"https:\/\/dev.lediamant.ch\/de\/wp-json\/wp\/v2\/media\/182524"}],"wp:attachment":[{"href":"https:\/\/dev.lediamant.ch\/de\/wp-json\/wp\/v2\/media?parent=182522"}],"wp:term":[{"taxonomy":"brand","embeddable":true,"href":"https:\/\/dev.lediamant.ch\/de\/wp-json\/wp\/v2\/brand?post=182522"},{"taxonomy":"product_brand","embeddable":true,"href":"https:\/\/dev.lediamant.ch\/de\/wp-json\/wp\/v2\/product_brand?post=182522"},{"taxonomy":"product_cat","embeddable":true,"href":"https:\/\/dev.lediamant.ch\/de\/wp-json\/wp\/v2\/product_cat?post=182522"},{"taxonomy":"product_tag","embeddable":true,"href":"https:\/\/dev.lediamant.ch\/de\/wp-json\/wp\/v2\/product_tag?post=182522"}],"curies":[{"name":"wp","href":"https:\/\/api.w.org\/{rel}","templated":true}]}}