{"id":182640,"date":"2023-09-08T14:30:30","date_gmt":"2023-09-08T12:30:30","guid":{"rendered":"https:\/\/dev.lediamant.ch\/produit\/unkategorisiert\/tissot-prx-digital-2\/"},"modified":"2024-10-17T15:25:47","modified_gmt":"2024-10-17T13:25:47","slug":"tissot-prx-digital-2","status":"publish","type":"product","link":"https:\/\/dev.lediamant.ch\/de\/uhren\/182640-tissot-prx-digital-40-mm-stahl-schwarz-t1374631105000\/","title":{"rendered":"Tissot PRX Digital 40 mm"},"content":{"rendered":"<p>Die Tissot PRX Digital, eine harmonische Mischung aus dem ikonischen Design der PRX von 1978 und der Tissot Digital Quartz (Kaliber 4012), pr\u00e4sentiert gekonnt einen Hybrid aus vergangenen Epochen und dem digitalen Einfluss der Gegenwart. Die Tissot PRX Digital vereint Retro-\u00c4sthetik mit einem zeitgen\u00f6ssischen Touch. Sie ist der Zeitmesser f\u00fcr die Pioniere von heute. Die Tissot PRX Digital ist in 35 mm und 40 mm sowie in einer Vielzahl von Farben erh\u00e4ltlich und passt an jedes Handgelenk. Dank dieser Funktionen wird Sie diese Uhr t\u00e4glich begleiten: zwei Zeitzonen, Tagesdatum, Chronograph etc. Das satinierte Armband und die Faltschlie\u00dfe verleihen dieser Uhr Komfort und Modernit\u00e4t.<br \/>\nDie Kollektion Tissot PRX Digital symbolisiert eine Reise in die Vergangenheit, eine Hommage an die Vergangenheit und einen Toast auf die Zukunft.<\/p>\n","protected":false},"excerpt":{"rendered":"<p>Die Tissot PRX Digital, eine harmonische Mischung aus dem ikonischen Design der PRX von 1978 und der Tissot Digital Quartz (Kaliber 4012), pr\u00e4sentiert gekonnt einen Hybrid aus vergangenen Epochen und dem digitalen Einfluss der Gegenwart. Die Tissot PRX Digital vereint Retro-\u00c4sthetik mit einem zeitgen\u00f6ssischen Touch. Sie ist der Zeitmesser f\u00fcr die Pioniere von heute. Die &#8230; <a title=\"Tissot PRX Digital 40 mm\" class=\"read-more\" href=\"https:\/\/dev.lediamant.ch\/de\/uhren\/182640-tissot-prx-digital-40-mm-stahl-schwarz-t1374631105000\/\" aria-label=\"Mehr Informationen \u00fcber Tissot PRX Digital 40 mm\">Weiterlesen &#8230;<\/a><\/p>\n","protected":false},"featured_media":182641,"template":"","meta":{"_acf_changed":false,"_seopress_robots_primary_cat":"27389","_seopress_titles_title":"","_seopress_titles_desc":"","_seopress_robots_index":""},"brand":[27087],"product_brand":[],"product_cat":[27123,27159,27389],"product_tag":[],"class_list":{"0":"post-182640","1":"product","2":"type-product","3":"status-publish","4":"has-post-thumbnail","6":"brand-tissot-de","7":"product_cat-uhren","8":"product_cat-tissot-de","9":"product_cat-tissot-prx","10":"pa_etancheite-100m-de","11":"pa_forme-fass-de","12":"pa_genre-mann","13":"pa_matiere-stahl","14":"pa_matierebraceletmontre-edelstahl","15":"pa_mouvement-quarzbatterie-de","16":"pa_typedemontre-digitaluhren","17":"sales-flash-overlay","18":"woocommerce-text-align-center","19":"woocommerce-image-align-center","20":"do-quantity-buttons","22":"first","23":"outofstock","24":"taxable","25":"shipping-taxable","26":"purchasable","27":"product-type-simple"},"acf":[],"_links":{"self":[{"href":"https:\/\/dev.lediamant.ch\/de\/wp-json\/wp\/v2\/product\/182640","targetHints":{"allow":["GET"]}}],"collection":[{"href":"https:\/\/dev.lediamant.ch\/de\/wp-json\/wp\/v2\/product"}],"about":[{"href":"https:\/\/dev.lediamant.ch\/de\/wp-json\/wp\/v2\/types\/product"}],"wp:featuredmedia":[{"embeddable":true,"href":"https:\/\/dev.lediamant.ch\/de\/wp-json\/wp\/v2\/media\/182641"}],"wp:attachment":[{"href":"https:\/\/dev.lediamant.ch\/de\/wp-json\/wp\/v2\/media?parent=182640"}],"wp:term":[{"taxonomy":"brand","embeddable":true,"href":"https:\/\/dev.lediamant.ch\/de\/wp-json\/wp\/v2\/brand?post=182640"},{"taxonomy":"product_brand","embeddable":true,"href":"https:\/\/dev.lediamant.ch\/de\/wp-json\/wp\/v2\/product_brand?post=182640"},{"taxonomy":"product_cat","embeddable":true,"href":"https:\/\/dev.lediamant.ch\/de\/wp-json\/wp\/v2\/product_cat?post=182640"},{"taxonomy":"product_tag","embeddable":true,"href":"https:\/\/dev.lediamant.ch\/de\/wp-json\/wp\/v2\/product_tag?post=182640"}],"curies":[{"name":"wp","href":"https:\/\/api.w.org\/{rel}","templated":true}]}}