{"id":183157,"date":"2023-10-03T13:34:27","date_gmt":"2023-10-03T11:34:27","guid":{"rendered":"https:\/\/dev.lediamant.ch\/?post_type=product&#038;p=183157"},"modified":"2023-11-17T15:24:43","modified_gmt":"2023-11-17T14:24:43","slug":"khaki-field-expedition-auto-automatisch-weis-41mm","status":"publish","type":"product","link":"https:\/\/dev.lediamant.ch\/de\/uhren\/183157-khaki-field-expedition-auto-automatisch-weis-41mm\/","title":{"rendered":"Hamilton Khaki Field Expedition Auto Wei\u00df | 41mm"},"content":{"rendered":"<p>R\u00fcsten Sie sich f\u00fcr die freie Natur mit der Khaki Field Expedition, einer neuartigen Abenteueruhr mit einer Kompassl\u00fcnette, die Ihnen auf Ihrer Reise mit Hilfe der Sonne den Weg weist. Sie ist in einem 41-mm-Edelstahlgeh\u00e4use untergebracht, das an einem braunen Lederarmband befestigt ist, und verf\u00fcgt \u00fcber eine verschraubte Krone, die das Uhrwerk vor allen Witterungsbedingungen sch\u00fctzt. Die Khaki Field Expedition ist eine robuste Uhr mit einem strukturierten blauen Zifferblatt, das f\u00fcr optimale Lesbarkeit mit Super-Luminova\u00ae beschichtet ist und Ihren Anforderungen entspricht.<\/p>\n","protected":false},"excerpt":{"rendered":"<p>R\u00fcsten Sie sich f\u00fcr die freie Natur mit der Khaki Field Expedition, einer neuartigen Abenteueruhr mit einer Kompassl\u00fcnette, die Ihnen auf Ihrer Reise mit Hilfe der Sonne den Weg weist. Sie ist in einem 41-mm-Edelstahlgeh\u00e4use untergebracht, das an einem braunen Lederarmband befestigt ist, und verf\u00fcgt \u00fcber eine verschraubte Krone, die das Uhrwerk vor allen Witterungsbedingungen &#8230; <a title=\"Hamilton Khaki Field Expedition Auto Wei\u00df | 41mm\" class=\"read-more\" href=\"https:\/\/dev.lediamant.ch\/de\/uhren\/183157-khaki-field-expedition-auto-automatisch-weis-41mm\/\" aria-label=\"Mehr Informationen \u00fcber Hamilton Khaki Field Expedition Auto Wei\u00df | 41mm\">Weiterlesen &#8230;<\/a><\/p>\n","protected":false},"featured_media":183167,"template":"","meta":{"_acf_changed":false,"_seopress_robots_primary_cat":"","_seopress_titles_title":"","_seopress_titles_desc":"","_seopress_robots_index":""},"brand":[27085],"product_brand":[],"product_cat":[27123,27181,27291],"product_tag":[],"class_list":{"0":"post-183157","1":"product","2":"type-product","3":"status-publish","4":"has-post-thumbnail","6":"brand-hamilton-de","7":"product_cat-uhren","8":"product_cat-hamilton-de","9":"product_cat-khaki-field-de","10":"pa_couleurduboitier-grau-de","11":"pa_couleurdubracelet-braun-de","12":"pa_couleurducadran-weiss","13":"pa_etancheite-100m-de","14":"pa_forme-runden","15":"pa_garantie-24monate","16":"pa_genre-mann","17":"pa_matiere-stahl","18":"pa_matierebraceletmontre-leder","19":"pa_mouvement-automatik-de","20":"pa_swissmade-ja-de","21":"sales-flash-overlay","22":"woocommerce-text-align-center","23":"woocommerce-image-align-center","24":"do-quantity-buttons","26":"first","27":"instock","28":"taxable","29":"shipping-taxable","30":"purchasable","31":"product-type-simple"},"acf":[],"_links":{"self":[{"href":"https:\/\/dev.lediamant.ch\/de\/wp-json\/wp\/v2\/product\/183157","targetHints":{"allow":["GET"]}}],"collection":[{"href":"https:\/\/dev.lediamant.ch\/de\/wp-json\/wp\/v2\/product"}],"about":[{"href":"https:\/\/dev.lediamant.ch\/de\/wp-json\/wp\/v2\/types\/product"}],"wp:featuredmedia":[{"embeddable":true,"href":"https:\/\/dev.lediamant.ch\/de\/wp-json\/wp\/v2\/media\/183167"}],"wp:attachment":[{"href":"https:\/\/dev.lediamant.ch\/de\/wp-json\/wp\/v2\/media?parent=183157"}],"wp:term":[{"taxonomy":"brand","embeddable":true,"href":"https:\/\/dev.lediamant.ch\/de\/wp-json\/wp\/v2\/brand?post=183157"},{"taxonomy":"product_brand","embeddable":true,"href":"https:\/\/dev.lediamant.ch\/de\/wp-json\/wp\/v2\/product_brand?post=183157"},{"taxonomy":"product_cat","embeddable":true,"href":"https:\/\/dev.lediamant.ch\/de\/wp-json\/wp\/v2\/product_cat?post=183157"},{"taxonomy":"product_tag","embeddable":true,"href":"https:\/\/dev.lediamant.ch\/de\/wp-json\/wp\/v2\/product_tag?post=183157"}],"curies":[{"name":"wp","href":"https:\/\/api.w.org\/{rel}","templated":true}]}}