{"id":184406,"date":"2023-10-17T13:09:27","date_gmt":"2023-10-17T11:09:27","guid":{"rendered":"https:\/\/dev.lediamant.ch\/?post_type=product&#038;p=184406"},"modified":"2023-11-17T13:53:14","modified_gmt":"2023-11-17T12:53:14","slug":"tissot-prx-powermatic-80-35mm-2","status":"publish","type":"product","link":"https:\/\/dev.lediamant.ch\/de\/uhren\/184406-tissot-prx-powermatic-80-35mm-2\/","title":{"rendered":"Tissot PRX Powermatic 80 35mm"},"content":{"rendered":"<p>Entdecken Sie die Tissot PRX 35mm Powermatic 80, eine fesselnde Mischung aus zeitloser Eleganz und moderner Innovation. Diese 35 mm gro\u00dfe Uhr hat ein Stahlgeh\u00e4use und ein elegantes Zifferblatt aus wei\u00dfem Perlmutt. Die Tissot PRX n\u00e4hert sich ihrem ikonischen Design aus den 1970er Jahren an. Das charakteristische Waffelmuster auf dem Zifferblatt verleiht der Uhr einen Hauch von Raffinesse und zeichnet das Automatikmodell aus. Die PRX ist bis 100 Meter wasserdicht und mit einer Nivachron\u2122-Spiralfeder ausgestattet. Sie ist ein vielseitiges St\u00fcck f\u00fcr anspruchsvolle Uhrenliebhaber. Das Armband aus satiniertem Stahl mit einer Faltschlie\u00dfe mit drei Stahlbl\u00e4ttern sorgt f\u00fcr einen bequemen Sitz. Machen Sie sich den Look der Tissot PRX 35mm Powermatic 80 zu eigen.<\/p>\n","protected":false},"excerpt":{"rendered":"<p>Entdecken Sie die Tissot PRX 35mm Powermatic 80, eine fesselnde Mischung aus zeitloser Eleganz und moderner Innovation. Diese 35 mm gro\u00dfe Uhr hat ein Stahlgeh\u00e4use und ein elegantes Zifferblatt aus wei\u00dfem Perlmutt. Die Tissot PRX n\u00e4hert sich ihrem ikonischen Design aus den 1970er Jahren an. Das charakteristische Waffelmuster auf dem Zifferblatt verleiht der Uhr einen &#8230; <a title=\"Tissot PRX Powermatic 80 35mm\" class=\"read-more\" href=\"https:\/\/dev.lediamant.ch\/de\/uhren\/184406-tissot-prx-powermatic-80-35mm-2\/\" aria-label=\"Mehr Informationen \u00fcber Tissot PRX Powermatic 80 35mm\">Weiterlesen &#8230;<\/a><\/p>\n","protected":false},"featured_media":184408,"template":"","meta":{"_acf_changed":false,"_seopress_robots_primary_cat":"","_seopress_titles_title":"","_seopress_titles_desc":"","_seopress_robots_index":""},"brand":[27087],"product_brand":[],"product_cat":[27123,27159,27245,27389,27137],"product_tag":[],"class_list":{"0":"post-184406","1":"product","2":"type-product","3":"status-publish","4":"has-post-thumbnail","6":"brand-tissot-de","7":"product_cat-uhren","8":"product_cat-tissot-de","9":"product_cat-tissot-classic","10":"product_cat-tissot-prx","11":"product_cat-bracelet-ajustable-de","12":"pa_couleurdubracelet-grau-de","13":"pa_couleurducadran-perlmutt","14":"pa_dimensions-o-35-mm","15":"pa_etancheite-100m-de","16":"pa_garantie-24monate","17":"pa_genre-frau","18":"pa_matiere-stahl","19":"pa_matierebraceletmontre-edelstahl","20":"pa_mouvement-automatik-de","21":"pa_verre-saphir-de","22":"sales-flash-overlay","23":"woocommerce-text-align-center","24":"woocommerce-image-align-center","25":"do-quantity-buttons","27":"first","28":"instock","29":"taxable","30":"shipping-taxable","31":"purchasable","32":"product-type-simple"},"acf":[],"_links":{"self":[{"href":"https:\/\/dev.lediamant.ch\/de\/wp-json\/wp\/v2\/product\/184406","targetHints":{"allow":["GET"]}}],"collection":[{"href":"https:\/\/dev.lediamant.ch\/de\/wp-json\/wp\/v2\/product"}],"about":[{"href":"https:\/\/dev.lediamant.ch\/de\/wp-json\/wp\/v2\/types\/product"}],"wp:featuredmedia":[{"embeddable":true,"href":"https:\/\/dev.lediamant.ch\/de\/wp-json\/wp\/v2\/media\/184408"}],"wp:attachment":[{"href":"https:\/\/dev.lediamant.ch\/de\/wp-json\/wp\/v2\/media?parent=184406"}],"wp:term":[{"taxonomy":"brand","embeddable":true,"href":"https:\/\/dev.lediamant.ch\/de\/wp-json\/wp\/v2\/brand?post=184406"},{"taxonomy":"product_brand","embeddable":true,"href":"https:\/\/dev.lediamant.ch\/de\/wp-json\/wp\/v2\/product_brand?post=184406"},{"taxonomy":"product_cat","embeddable":true,"href":"https:\/\/dev.lediamant.ch\/de\/wp-json\/wp\/v2\/product_cat?post=184406"},{"taxonomy":"product_tag","embeddable":true,"href":"https:\/\/dev.lediamant.ch\/de\/wp-json\/wp\/v2\/product_tag?post=184406"}],"curies":[{"name":"wp","href":"https:\/\/api.w.org\/{rel}","templated":true}]}}