{"id":196168,"date":"2023-11-08T14:21:41","date_gmt":"2023-11-08T13:21:41","guid":{"rendered":"https:\/\/dev.lediamant.ch\/?post_type=product&#038;p=196168"},"modified":"2024-01-19T15:15:19","modified_gmt":"2024-01-19T14:15:19","slug":"tissot-everytime-40mm-4","status":"publish","type":"product","link":"https:\/\/dev.lediamant.ch\/de\/uhren\/196168-tissot-everytime-40mm-t1434101103300\/","title":{"rendered":"Tissot Everytime 40mm"},"content":{"rendered":"<p>Mit der Kollektion Everytime pr\u00e4sentiert Tissot eine Uhr, die dank ihres minimalistischen, klaren und zeitlosen Designs zu jedem Lebensstil und jedem Outfit passt. Alle Versionen dieser pr\u00e4zisen und zuverl\u00e4ssigen Swiss Made Quarzuhr verf\u00fcgen \u00fcber ein robustes Geh\u00e4use aus 316L-Edelstahl sowie \u00fcber ein hochwertiges, kratzfestes Saphirglas. Verschiedene Armb\u00e4nder runden das Gesamtbild perfekt ab und verleihen jeder Tissot Everytime einen einzigartigen Look. Dieses Modell Tissot Everytime 40mm hat ein Armband aus 316L-Edelstahl mit einem Schnellwechselsystem.<\/p>\n","protected":false},"excerpt":{"rendered":"<p>Mit der Kollektion Everytime pr\u00e4sentiert Tissot eine Uhr, die dank ihres minimalistischen, klaren und zeitlosen Designs zu jedem Lebensstil und jedem Outfit passt. Alle Versionen dieser pr\u00e4zisen und zuverl\u00e4ssigen Swiss Made Quarzuhr verf\u00fcgen \u00fcber ein robustes Geh\u00e4use aus 316L-Edelstahl sowie \u00fcber ein hochwertiges, kratzfestes Saphirglas. Verschiedene Armb\u00e4nder runden das Gesamtbild perfekt ab und verleihen jeder &#8230; <a title=\"Tissot Everytime 40mm\" class=\"read-more\" href=\"https:\/\/dev.lediamant.ch\/de\/uhren\/196168-tissot-everytime-40mm-t1434101103300\/\" aria-label=\"Mehr Informationen \u00fcber Tissot Everytime 40mm\">Weiterlesen &#8230;<\/a><\/p>\n","protected":false},"featured_media":196147,"template":"","meta":{"_acf_changed":false,"_seopress_robots_primary_cat":"","_seopress_titles_title":"","_seopress_titles_desc":"","_seopress_robots_index":""},"brand":[27087],"product_brand":[],"product_cat":[27123,27159,27505],"product_tag":[],"class_list":{"0":"post-196168","1":"product","2":"type-product","3":"status-publish","4":"has-post-thumbnail","6":"brand-tissot-de","7":"product_cat-uhren","8":"product_cat-tissot-de","9":"product_cat-tissot-everytime","10":"pa_couleurdubracelet-grau-de","11":"pa_couleurducadran-silber","12":"pa_etancheite-50m-de","13":"pa_forme-runden","14":"pa_garantie-24monate","15":"pa_genre-mann","16":"pa_matiere-stahl","17":"pa_matierebraceletmontre-edelstahl","18":"pa_mouvement-quarzbatterie-de","19":"pa_swissmade-ja-de","20":"pa_verre-saphir-de","21":"sales-flash-overlay","22":"woocommerce-text-align-center","23":"woocommerce-image-align-center","24":"do-quantity-buttons","26":"first","27":"instock","28":"taxable","29":"shipping-taxable","30":"purchasable","31":"product-type-simple"},"acf":[],"_links":{"self":[{"href":"https:\/\/dev.lediamant.ch\/de\/wp-json\/wp\/v2\/product\/196168","targetHints":{"allow":["GET"]}}],"collection":[{"href":"https:\/\/dev.lediamant.ch\/de\/wp-json\/wp\/v2\/product"}],"about":[{"href":"https:\/\/dev.lediamant.ch\/de\/wp-json\/wp\/v2\/types\/product"}],"wp:featuredmedia":[{"embeddable":true,"href":"https:\/\/dev.lediamant.ch\/de\/wp-json\/wp\/v2\/media\/196147"}],"wp:attachment":[{"href":"https:\/\/dev.lediamant.ch\/de\/wp-json\/wp\/v2\/media?parent=196168"}],"wp:term":[{"taxonomy":"brand","embeddable":true,"href":"https:\/\/dev.lediamant.ch\/de\/wp-json\/wp\/v2\/brand?post=196168"},{"taxonomy":"product_brand","embeddable":true,"href":"https:\/\/dev.lediamant.ch\/de\/wp-json\/wp\/v2\/product_brand?post=196168"},{"taxonomy":"product_cat","embeddable":true,"href":"https:\/\/dev.lediamant.ch\/de\/wp-json\/wp\/v2\/product_cat?post=196168"},{"taxonomy":"product_tag","embeddable":true,"href":"https:\/\/dev.lediamant.ch\/de\/wp-json\/wp\/v2\/product_tag?post=196168"}],"curies":[{"name":"wp","href":"https:\/\/api.w.org\/{rel}","templated":true}]}}