{"id":196868,"date":"2024-02-23T09:40:40","date_gmt":"2024-02-23T08:40:40","guid":{"rendered":"https:\/\/dev.lediamant.ch\/?post_type=product&#038;p=196868"},"modified":"2024-11-13T15:12:26","modified_gmt":"2024-11-13T14:12:26","slug":"tissot-prs-516-chronograph-7","status":"publish","type":"product","link":"https:\/\/dev.lediamant.ch\/de\/uhren\/196868-tissot-pr516-chronograph-bicolor-t1494172205100\/","title":{"rendered":"Tissot PR516 Chronograph"},"content":{"rendered":"<p>Die Tissot PR516 Chronograph Quartz: eine zeitgen\u00f6ssische Version eines Designs, das den 1970er Jahren lieb und teuer war. Diese Uhr verf\u00fcgt \u00fcber ein elegantes 40-mm-Edelstahlgeh\u00e4use und ein dynamisches Zifferblatt, das den Geist von Geschwindigkeit und Pr\u00e4zision verk\u00f6rpert. Ausgestattet mit dem Quarzwerk G10.212 Powerdrive bietet sie un\u00fcbertroffene Pr\u00e4zision f\u00fcr einen aktiven Lebensstil. Auf der L\u00fcnette befindet sich ein praktischer Tachymeter, w\u00e4hrend die mit Super-LumiNova\u00ae\ufe0f beschichteten Indizes f\u00fcr gute Sichtbarkeit unter allen Bedingungen sorgen. Das vielseitige Design wird durch ein gew\u00f6lbtes Edelstahlarmband mit Schnellwechselsystem abgerundet, das sich perfekt f\u00fcr den Wechsel zwischen Gesch\u00e4ftstreffen und legeren Ausfl\u00fcgen eignet. Die PR516 Chronograph Quartz ist ein moderner Klassiker, der sich in das reiche Erbe von Tissot einreiht.<\/p>\n","protected":false},"excerpt":{"rendered":"<p>Die Tissot PR516 Chronograph Quartz: eine zeitgen\u00f6ssische Version eines Designs, das den 1970er Jahren lieb und teuer war. Diese Uhr verf\u00fcgt \u00fcber ein elegantes 40-mm-Edelstahlgeh\u00e4use und ein dynamisches Zifferblatt, das den Geist von Geschwindigkeit und Pr\u00e4zision verk\u00f6rpert. Ausgestattet mit dem Quarzwerk G10.212 Powerdrive bietet sie un\u00fcbertroffene Pr\u00e4zision f\u00fcr einen aktiven Lebensstil. Auf der L\u00fcnette befindet &#8230; <a title=\"Tissot PR516 Chronograph\" class=\"read-more\" href=\"https:\/\/dev.lediamant.ch\/de\/uhren\/196868-tissot-pr516-chronograph-bicolor-t1494172205100\/\" aria-label=\"Mehr Informationen \u00fcber Tissot PR516 Chronograph\">Weiterlesen &#8230;<\/a><\/p>\n","protected":false},"featured_media":196853,"template":"","meta":{"_acf_changed":false,"_seopress_robots_primary_cat":"27491","_seopress_titles_title":"%%post_title%% %%sep%% %%sitetitle%%.ch","_seopress_titles_desc":"Entdecken Sie die Tissot PR516 Chronograph Quartz - eine zeitgen\u00f6ssische Uhr mit dem Geist von Geschwindigkeit und Pr\u00e4zision. Ideal f\u00fcr den aktiven Lebensstil!","_seopress_robots_index":""},"brand":[27087],"product_brand":[],"product_cat":[27123,27159,27491],"product_tag":[],"class_list":{"0":"post-196868","1":"product","2":"type-product","3":"status-publish","4":"has-post-thumbnail","6":"brand-tissot-de","7":"product_cat-uhren","8":"product_cat-tissot-de","9":"product_cat-tissot-pr516","10":"pa_couleurduboitier-grau-de","11":"pa_couleurdubracelet-gelb-de","12":"pa_couleurdubracelet-grau-de","13":"pa_couleurducadran-schwarz","14":"pa_dimensions-o-40-mm","15":"pa_etancheite-100m-de","16":"pa_forme-runden","17":"pa_garantie-24monate","18":"pa_genre-mann","19":"pa_matierebraceletmontre-edelstahl","20":"pa_mouvement-quarzbatterie-de","21":"pa_swissmade-ja-de","22":"pa_typedemontre-chronograph-de","23":"pa_verre-saphir-de","24":"sales-flash-overlay","25":"woocommerce-text-align-center","26":"woocommerce-image-align-center","27":"do-quantity-buttons","29":"first","30":"instock","31":"taxable","32":"shipping-taxable","33":"purchasable","34":"product-type-simple"},"acf":[],"_links":{"self":[{"href":"https:\/\/dev.lediamant.ch\/de\/wp-json\/wp\/v2\/product\/196868","targetHints":{"allow":["GET"]}}],"collection":[{"href":"https:\/\/dev.lediamant.ch\/de\/wp-json\/wp\/v2\/product"}],"about":[{"href":"https:\/\/dev.lediamant.ch\/de\/wp-json\/wp\/v2\/types\/product"}],"wp:featuredmedia":[{"embeddable":true,"href":"https:\/\/dev.lediamant.ch\/de\/wp-json\/wp\/v2\/media\/196853"}],"wp:attachment":[{"href":"https:\/\/dev.lediamant.ch\/de\/wp-json\/wp\/v2\/media?parent=196868"}],"wp:term":[{"taxonomy":"brand","embeddable":true,"href":"https:\/\/dev.lediamant.ch\/de\/wp-json\/wp\/v2\/brand?post=196868"},{"taxonomy":"product_brand","embeddable":true,"href":"https:\/\/dev.lediamant.ch\/de\/wp-json\/wp\/v2\/product_brand?post=196868"},{"taxonomy":"product_cat","embeddable":true,"href":"https:\/\/dev.lediamant.ch\/de\/wp-json\/wp\/v2\/product_cat?post=196868"},{"taxonomy":"product_tag","embeddable":true,"href":"https:\/\/dev.lediamant.ch\/de\/wp-json\/wp\/v2\/product_tag?post=196868"}],"curies":[{"name":"wp","href":"https:\/\/api.w.org\/{rel}","templated":true}]}}