{"id":196890,"date":"2024-02-23T11:30:26","date_gmt":"2024-02-23T10:30:26","guid":{"rendered":"https:\/\/dev.lediamant.ch\/?post_type=product&#038;p=196890"},"modified":"2024-11-13T15:23:03","modified_gmt":"2024-11-13T14:23:03","slug":"tissot-pr516-mechanical-chronograph","status":"publish","type":"product","link":"https:\/\/dev.lediamant.ch\/de\/uhren\/196890-tissot-pr516-mechanical-chronograph\/","title":{"rendered":"Tissot PR516 Mechanical Chronograph"},"content":{"rendered":"<p>Die Tissot PR516 Chronograph Mechanical: eine Anspielung auf das Vorzeigemodell von Tissot aus dem Jahr 1970. Mit einem 41-mm-Edelstahlgeh\u00e4use und einem Saphirglas vom Typ &#8222;glassbox&#8220; zeugt diese Uhr von ausgefeilter Handwerkskunst. In ihrem Herzen befindet sich ein Schweizer Uhrwerk mit Handaufzug, das durch den offenen Boden des Geh\u00e4uses sichtbar ist und die komplexe Mechanik zur Geltung bringt. Das Zifferblatt, dessen Indizes und Zeiger mit einer Super-LumiNova\u00ae\ufe0f-Beschichtung versehen sind, garantiert unter allen Umst\u00e4nden eine gute Ablesbarkeit. Ein Tachymeter auf der L\u00fcnette verleiht der Uhr einen Hauch von Funktionalit\u00e4t. Das vielseitige Design wird durch ein gew\u00f6lbtes Edelstahlarmband mit Schnellwechselsystem abgerundet, das sich perfekt f\u00fcr den Wechsel zwischen Gesch\u00e4ftstreffen und legeren Ausfl\u00fcgen eignet. Der mechanische Chronograph PR516 ist ein exquisites St\u00fcck f\u00fcr Uhrenkenner, die zeitloses Design und mechanische Pr\u00e4zision zu sch\u00e4tzen wissen.<\/p>\n","protected":false},"excerpt":{"rendered":"<p>Die Tissot PR516 Chronograph Mechanical: eine Anspielung auf das Vorzeigemodell von Tissot aus dem Jahr 1970. Mit einem 41-mm-Edelstahlgeh\u00e4use und einem Saphirglas vom Typ &#8222;glassbox&#8220; zeugt diese Uhr von ausgefeilter Handwerkskunst. In ihrem Herzen befindet sich ein Schweizer Uhrwerk mit Handaufzug, das durch den offenen Boden des Geh\u00e4uses sichtbar ist und die komplexe Mechanik zur &#8230; <a title=\"Tissot PR516 Mechanical Chronograph\" class=\"read-more\" href=\"https:\/\/dev.lediamant.ch\/de\/uhren\/196890-tissot-pr516-mechanical-chronograph\/\" aria-label=\"Mehr Informationen \u00fcber Tissot PR516 Mechanical Chronograph\">Weiterlesen &#8230;<\/a><\/p>\n","protected":false},"featured_media":196871,"template":"","meta":{"_acf_changed":false,"_seopress_robots_primary_cat":"27491","_seopress_titles_title":"","_seopress_titles_desc":"","_seopress_robots_index":""},"brand":[27087],"product_brand":[],"product_cat":[27123,27159,27491],"product_tag":[],"class_list":{"0":"post-196890","1":"product","2":"type-product","3":"status-publish","4":"has-post-thumbnail","6":"brand-tissot-de","7":"product_cat-uhren","8":"product_cat-tissot-de","9":"product_cat-tissot-pr516","10":"pa_couleurduboitier-grau-de","11":"pa_couleurdubracelet-grau-de","12":"pa_couleurducadran-schwarz","13":"pa_dimensions-41-mm","14":"pa_forme-runden","15":"pa_garantie-24monate","16":"pa_genre-mann","17":"pa_matiere-stahl","18":"pa_matierebraceletmontre-edelstahl","19":"pa_mouvement-mechanik","20":"pa_swissmade-ja-de","21":"pa_typedemontre-chronograph-de","22":"pa_typedemontre-uhrenmithandaufzug","23":"sales-flash-overlay","24":"woocommerce-text-align-center","25":"woocommerce-image-align-center","26":"do-quantity-buttons","28":"first","29":"instock","30":"taxable","31":"shipping-taxable","32":"purchasable","33":"product-type-simple"},"acf":[],"_links":{"self":[{"href":"https:\/\/dev.lediamant.ch\/de\/wp-json\/wp\/v2\/product\/196890","targetHints":{"allow":["GET"]}}],"collection":[{"href":"https:\/\/dev.lediamant.ch\/de\/wp-json\/wp\/v2\/product"}],"about":[{"href":"https:\/\/dev.lediamant.ch\/de\/wp-json\/wp\/v2\/types\/product"}],"wp:featuredmedia":[{"embeddable":true,"href":"https:\/\/dev.lediamant.ch\/de\/wp-json\/wp\/v2\/media\/196871"}],"wp:attachment":[{"href":"https:\/\/dev.lediamant.ch\/de\/wp-json\/wp\/v2\/media?parent=196890"}],"wp:term":[{"taxonomy":"brand","embeddable":true,"href":"https:\/\/dev.lediamant.ch\/de\/wp-json\/wp\/v2\/brand?post=196890"},{"taxonomy":"product_brand","embeddable":true,"href":"https:\/\/dev.lediamant.ch\/de\/wp-json\/wp\/v2\/product_brand?post=196890"},{"taxonomy":"product_cat","embeddable":true,"href":"https:\/\/dev.lediamant.ch\/de\/wp-json\/wp\/v2\/product_cat?post=196890"},{"taxonomy":"product_tag","embeddable":true,"href":"https:\/\/dev.lediamant.ch\/de\/wp-json\/wp\/v2\/product_tag?post=196890"}],"curies":[{"name":"wp","href":"https:\/\/api.w.org\/{rel}","templated":true}]}}