{"id":209289,"date":"2024-01-19T11:56:48","date_gmt":"2024-01-19T10:56:48","guid":{"rendered":"https:\/\/dev.lediamant.ch\/?post_type=product&#038;p=209289"},"modified":"2024-01-19T10:16:00","modified_gmt":"2024-01-19T09:16:00","slug":"khaki-aviation-pilot-day-date-auto-42mm-copie","status":"publish","type":"product","link":"https:\/\/dev.lediamant.ch\/de\/uhren\/209289-khaki-aviation-pilot-day-date-auto-42mm-h64635140\/","title":{"rendered":"KHAKI AVIATION PILOT DAY DATE AUTO | 42mm"},"content":{"rendered":"<p>Die Khaki Aviation Pilot Day Date ist f\u00fcr Flugbegeisterte gedacht und erinnert an den Entdecker- und Abenteuergeist der Khaki. Angetrieben vom Automatikwerk H-30 mit 80 Stunden Gangreserve und einer Spiralfeder aus Nivachron\u2122, verf\u00fcgt dieses Modell \u00fcber ein Tag-Datum-Fenster und gro\u00dfe Ziffern f\u00fcr eine bessere Ablesbarkeit. Die Khaki Aviation Day Date 42 mm hat ein Edelstahlarmband im l\u00e4ssigen Stil und ein intensiv blaues Zifferblatt, das an die unendlichen M\u00f6glichkeiten eines klaren Himmels erinnert.<\/p>\n","protected":false},"excerpt":{"rendered":"<p>Die Khaki Aviation Pilot Day Date ist f\u00fcr Flugbegeisterte gedacht und erinnert an den Entdecker- und Abenteuergeist der Khaki. Angetrieben vom Automatikwerk H-30 mit 80 Stunden Gangreserve und einer Spiralfeder aus Nivachron\u2122, verf\u00fcgt dieses Modell \u00fcber ein Tag-Datum-Fenster und gro\u00dfe Ziffern f\u00fcr eine bessere Ablesbarkeit. Die Khaki Aviation Day Date 42 mm hat ein Edelstahlarmband &#8230; <a title=\"KHAKI AVIATION PILOT DAY DATE AUTO | 42mm\" class=\"read-more\" href=\"https:\/\/dev.lediamant.ch\/de\/uhren\/209289-khaki-aviation-pilot-day-date-auto-42mm-h64635140\/\" aria-label=\"Mehr Informationen \u00fcber KHAKI AVIATION PILOT DAY DATE AUTO | 42mm\">Weiterlesen &#8230;<\/a><\/p>\n","protected":false},"featured_media":209303,"template":"","meta":{"_acf_changed":false,"_seopress_robots_primary_cat":"","_seopress_titles_title":"","_seopress_titles_desc":"","_seopress_robots_index":""},"brand":[27085],"product_brand":[],"product_cat":[27123,27181,27269],"product_tag":[],"class_list":{"0":"post-209289","1":"product","2":"type-product","3":"status-publish","4":"has-post-thumbnail","6":"brand-hamilton-de","7":"product_cat-uhren","8":"product_cat-hamilton-de","9":"product_cat-khaki-aviation-de","10":"pa_couleurduboitier-grau-de","11":"pa_couleurdubracelet-grau-de","12":"pa_couleurducadran-blau","13":"pa_dimensions-42-cm","14":"pa_etancheite-100m-de","15":"pa_forme-runden","16":"pa_garantie-24monate","17":"pa_genre-mann","18":"pa_matiere-stahl","19":"pa_matierebraceletmontre-edelstahl","20":"pa_mouvement-automatik-de","21":"pa_option-boitier-transparenter-hintergrund","22":"pa_swissmade-ja-de","23":"pa_typedemontre-fliegeruhren","24":"pa_verre-saphir-de","25":"sales-flash-overlay","26":"woocommerce-text-align-center","27":"woocommerce-image-align-center","28":"do-quantity-buttons","30":"first","31":"instock","32":"taxable","33":"shipping-taxable","34":"purchasable","35":"product-type-simple"},"acf":[],"_links":{"self":[{"href":"https:\/\/dev.lediamant.ch\/de\/wp-json\/wp\/v2\/product\/209289","targetHints":{"allow":["GET"]}}],"collection":[{"href":"https:\/\/dev.lediamant.ch\/de\/wp-json\/wp\/v2\/product"}],"about":[{"href":"https:\/\/dev.lediamant.ch\/de\/wp-json\/wp\/v2\/types\/product"}],"wp:featuredmedia":[{"embeddable":true,"href":"https:\/\/dev.lediamant.ch\/de\/wp-json\/wp\/v2\/media\/209303"}],"wp:attachment":[{"href":"https:\/\/dev.lediamant.ch\/de\/wp-json\/wp\/v2\/media?parent=209289"}],"wp:term":[{"taxonomy":"brand","embeddable":true,"href":"https:\/\/dev.lediamant.ch\/de\/wp-json\/wp\/v2\/brand?post=209289"},{"taxonomy":"product_brand","embeddable":true,"href":"https:\/\/dev.lediamant.ch\/de\/wp-json\/wp\/v2\/product_brand?post=209289"},{"taxonomy":"product_cat","embeddable":true,"href":"https:\/\/dev.lediamant.ch\/de\/wp-json\/wp\/v2\/product_cat?post=209289"},{"taxonomy":"product_tag","embeddable":true,"href":"https:\/\/dev.lediamant.ch\/de\/wp-json\/wp\/v2\/product_tag?post=209289"}],"curies":[{"name":"wp","href":"https:\/\/api.w.org\/{rel}","templated":true}]}}