{"id":210341,"date":"2024-04-09T18:19:37","date_gmt":"2024-04-09T16:19:37","guid":{"rendered":"https:\/\/dev.lediamant.ch\/?post_type=product&#038;p=210341"},"modified":"2024-04-17T10:43:37","modified_gmt":"2024-04-17T08:43:37","slug":"tissot-prx-powermatic-80-damian-lillard-edition-speciale-t137-407-33-051-00","status":"publish","type":"product","link":"https:\/\/dev.lediamant.ch\/de\/uhren\/210341-tissot-prx-powermatic-80-damian-lillard-sonderedition-t1374073305100\/","title":{"rendered":"Tissot PRX Powermatic 80 Damian Lillard Special Edition"},"content":{"rendered":"<p>Diese Sonderausgabe kombiniert die bekannten Eigenschaften des PRX Powermatic 80 mit einzigartigen Elementen, die die Pers\u00f6nlichkeit und Karriere von Damian Lillard widerspiegeln. Dieses Modell mit PVD-Beschichtung aus Gelbgold hat ein Zifferblatt mit der gepr\u00e4gten Zahl &#8218;0&#8216;, eine Anspielung auf die Nummer des Basketballspielers, die einen perfekten Hintergrund bietet, der gleichzeitig frisch und pers\u00f6nlich ist. Der Sekundenzeiger hingegen tr\u00e4gt das Damian-Monogramm. Der H\u00f6henring der Uhr setzt diese Erkundung des Lebens des Sportlers fort: Jeder Quadrant erz\u00e4hlt einen Teil von Damians Geschichte. Die Worte &#8222;DAME&#8220; und &#8222;TIME&#8220; zieren die linke bzw. rechte obere Ecke und erinnern an den Spitznamen des Basketballspielers auf dem Spielfeld und seine entscheidenden Leistungen. Die untere rechte Ecke tr\u00e4gt die Aufschrift &#8218;DDKK&#8216; als Hommage an seine Familie: Damian, Damian Lamonte Ollie, Kali Emma Lee und Kalii Laheem. Die untere linke Ecke schlie\u00dflich enth\u00fcllt den Schriftzug &#8222;YKWTII&#8220;, ein Akronym f\u00fcr &#8222;You Know What Time It Is&#8220; (Sie wissen, dass die Zeit gekommen ist), eine Hommage an die aufregenden Momente von &#8222;Dame Time&#8220;. Der transparente Hintergrund bietet ein einzigartiges visuelles Erlebnis: die mittlerweile ber\u00fchmte Geste der &#8218;Dame Time&#8216;. Dieses Detail verst\u00e4rkt den einzigartigen Charakter dieses Zeitmessers, der von einer ebenso au\u00dfergew\u00f6hnlichen Geschichte zeugt.<\/p>\n","protected":false},"excerpt":{"rendered":"<p>Diese Sonderausgabe kombiniert die bekannten Eigenschaften des PRX Powermatic 80 mit einzigartigen Elementen, die die Pers\u00f6nlichkeit und Karriere von Damian Lillard widerspiegeln. Dieses Modell mit PVD-Beschichtung aus Gelbgold hat ein Zifferblatt mit der gepr\u00e4gten Zahl &#8218;0&#8216;, eine Anspielung auf die Nummer des Basketballspielers, die einen perfekten Hintergrund bietet, der gleichzeitig frisch und pers\u00f6nlich ist. Der &#8230; <a title=\"Tissot PRX Powermatic 80 Damian Lillard Special Edition\" class=\"read-more\" href=\"https:\/\/dev.lediamant.ch\/de\/uhren\/210341-tissot-prx-powermatic-80-damian-lillard-sonderedition-t1374073305100\/\" aria-label=\"Mehr Informationen \u00fcber Tissot PRX Powermatic 80 Damian Lillard Special Edition\">Weiterlesen &#8230;<\/a><\/p>\n","protected":false},"featured_media":210315,"template":"","meta":{"_acf_changed":false,"_seopress_robots_primary_cat":"none","_seopress_titles_title":"%%post_title%%","_seopress_titles_desc":"Entdecken Sie den PRX Powermatic 80 Damian Lillard. Ein einzigartiger Zeitmesser, der die Karriere des Basketballspielers widerspiegelt. Auf dem Zifferblatt ist die Zahl \"0\" eingraviert, eine pers\u00f6nliche Anspielung auf den Sportler.","_seopress_robots_index":""},"brand":[27087],"product_brand":[],"product_cat":[27123,27159,27245,27389],"product_tag":[],"class_list":{"0":"post-210341","1":"product","2":"type-product","3":"status-publish","4":"has-post-thumbnail","6":"brand-tissot-de","7":"product_cat-uhren","8":"product_cat-tissot-de","9":"product_cat-tissot-classic","10":"product_cat-tissot-prx","11":"pa_couleurduboitier-gelb-de","12":"pa_couleurdubracelet-gelb-de","13":"pa_couleurducadran-schwarz","14":"pa_dimensions-o-40-mm","15":"pa_etancheite-100m-de","16":"pa_forme-fass-de","17":"pa_garantie-24monate","18":"pa_genre-mann","19":"pa_matierebraceletmontre-edelstahl","20":"pa_mouvement-automatik-de","21":"pa_swissmade-ja-de","22":"pa_verre-saphir-de","23":"sales-flash-overlay","24":"woocommerce-text-align-center","25":"woocommerce-image-align-center","26":"do-quantity-buttons","28":"first","29":"instock","30":"taxable","31":"shipping-taxable","32":"purchasable","33":"product-type-simple"},"acf":[],"_links":{"self":[{"href":"https:\/\/dev.lediamant.ch\/de\/wp-json\/wp\/v2\/product\/210341","targetHints":{"allow":["GET"]}}],"collection":[{"href":"https:\/\/dev.lediamant.ch\/de\/wp-json\/wp\/v2\/product"}],"about":[{"href":"https:\/\/dev.lediamant.ch\/de\/wp-json\/wp\/v2\/types\/product"}],"wp:featuredmedia":[{"embeddable":true,"href":"https:\/\/dev.lediamant.ch\/de\/wp-json\/wp\/v2\/media\/210315"}],"wp:attachment":[{"href":"https:\/\/dev.lediamant.ch\/de\/wp-json\/wp\/v2\/media?parent=210341"}],"wp:term":[{"taxonomy":"brand","embeddable":true,"href":"https:\/\/dev.lediamant.ch\/de\/wp-json\/wp\/v2\/brand?post=210341"},{"taxonomy":"product_brand","embeddable":true,"href":"https:\/\/dev.lediamant.ch\/de\/wp-json\/wp\/v2\/product_brand?post=210341"},{"taxonomy":"product_cat","embeddable":true,"href":"https:\/\/dev.lediamant.ch\/de\/wp-json\/wp\/v2\/product_cat?post=210341"},{"taxonomy":"product_tag","embeddable":true,"href":"https:\/\/dev.lediamant.ch\/de\/wp-json\/wp\/v2\/product_tag?post=210341"}],"curies":[{"name":"wp","href":"https:\/\/api.w.org\/{rel}","templated":true}]}}