{"id":210982,"date":"2024-04-16T14:53:33","date_gmt":"2024-04-16T12:53:33","guid":{"rendered":"https:\/\/dev.lediamant.ch\/?post_type=product&#038;p=210982"},"modified":"2024-04-16T14:53:52","modified_gmt":"2024-04-16T12:53:52","slug":"tissot-prx-powermatic-80-40mm","status":"publish","type":"product","link":"https:\/\/dev.lediamant.ch\/de\/uhren\/210982-tissot-prx-powermatic-80-40mm-t1374071109101\/","title":{"rendered":"Tissot PRX Powermatic 80 40mm"},"content":{"rendered":"<p>Wenn Sie auf der Suche nach einer schlanken, glatten Uhr mit einem authentischen Touch der 70er Jahre sind, dann suchen Sie nicht weiter als nach der Tissot PRX Powermatic 80.<br \/>\nDie Tissot PRX wurde f\u00fcr Designliebhaber entworfen und verf\u00fcgt \u00fcber Merkmale des 21. Jahrhunderts in einem Tissot-Geh\u00e4use aus dem Jahr 1978. Sie ist ein Muss f\u00fcr jeden Uhrenliebhaber.<br \/>\nDas Powermatic 80 Uhrwerk mit automatischem Aufzug bietet Zuverl\u00e4ssigkeit und Pr\u00e4zision dank der innovativen NivachronTM Unruhspirale.<br \/>\nMit einer Gangreserve von 80 Stunden ist dies ein modernes Uhrwerk, das f\u00fcr einen aktiven Lebensstil konzipiert wurde.   <\/p>\n","protected":false},"excerpt":{"rendered":"<p>Wenn Sie auf der Suche nach einer schlanken, glatten Uhr mit einem authentischen Touch der 70er Jahre sind, dann suchen Sie nicht weiter als nach der Tissot PRX Powermatic 80. Die Tissot PRX wurde f\u00fcr Designliebhaber entworfen und verf\u00fcgt \u00fcber Merkmale des 21. Jahrhunderts in einem Tissot-Geh\u00e4use aus dem Jahr 1978. Sie ist ein Muss &#8230; <a title=\"Tissot PRX Powermatic 80 40mm\" class=\"read-more\" href=\"https:\/\/dev.lediamant.ch\/de\/uhren\/210982-tissot-prx-powermatic-80-40mm-t1374071109101\/\" aria-label=\"Mehr Informationen \u00fcber Tissot PRX Powermatic 80 40mm\">Weiterlesen &#8230;<\/a><\/p>\n","protected":false},"featured_media":210969,"template":"","meta":{"_acf_changed":false,"_seopress_robots_primary_cat":"none","_seopress_titles_title":"","_seopress_titles_desc":"","_seopress_robots_index":""},"brand":[27087],"product_brand":[],"product_cat":[27123,27159,27245,27389],"product_tag":[],"class_list":{"0":"post-210982","1":"product","2":"type-product","3":"status-publish","4":"has-post-thumbnail","6":"brand-tissot-de","7":"product_cat-uhren","8":"product_cat-tissot-de","9":"product_cat-tissot-classic","10":"product_cat-tissot-prx","11":"pa_couleurduboitier-grau-de","12":"pa_couleurducadran-grun","13":"pa_dimensions-o-40-mm","14":"pa_etancheite-100m-de","15":"pa_forme-fass-de","16":"pa_garantie-24monate","17":"pa_genre-mann","18":"pa_mouvement-automatik-de","19":"pa_option-boitier-transparenter-hintergrund","20":"pa_swissmade-ja-de","21":"pa_verre-saphir-de","22":"sales-flash-overlay","23":"woocommerce-text-align-center","24":"woocommerce-image-align-center","25":"do-quantity-buttons","27":"first","28":"instock","29":"taxable","30":"shipping-taxable","31":"purchasable","32":"product-type-simple"},"acf":[],"_links":{"self":[{"href":"https:\/\/dev.lediamant.ch\/de\/wp-json\/wp\/v2\/product\/210982","targetHints":{"allow":["GET"]}}],"collection":[{"href":"https:\/\/dev.lediamant.ch\/de\/wp-json\/wp\/v2\/product"}],"about":[{"href":"https:\/\/dev.lediamant.ch\/de\/wp-json\/wp\/v2\/types\/product"}],"wp:featuredmedia":[{"embeddable":true,"href":"https:\/\/dev.lediamant.ch\/de\/wp-json\/wp\/v2\/media\/210969"}],"wp:attachment":[{"href":"https:\/\/dev.lediamant.ch\/de\/wp-json\/wp\/v2\/media?parent=210982"}],"wp:term":[{"taxonomy":"brand","embeddable":true,"href":"https:\/\/dev.lediamant.ch\/de\/wp-json\/wp\/v2\/brand?post=210982"},{"taxonomy":"product_brand","embeddable":true,"href":"https:\/\/dev.lediamant.ch\/de\/wp-json\/wp\/v2\/product_brand?post=210982"},{"taxonomy":"product_cat","embeddable":true,"href":"https:\/\/dev.lediamant.ch\/de\/wp-json\/wp\/v2\/product_cat?post=210982"},{"taxonomy":"product_tag","embeddable":true,"href":"https:\/\/dev.lediamant.ch\/de\/wp-json\/wp\/v2\/product_tag?post=210982"}],"curies":[{"name":"wp","href":"https:\/\/api.w.org\/{rel}","templated":true}]}}