{"id":211224,"date":"2024-04-16T14:25:25","date_gmt":"2024-04-16T12:25:25","guid":{"rendered":"https:\/\/dev.lediamant.ch\/?post_type=product&#038;p=211224"},"modified":"2024-04-16T14:25:46","modified_gmt":"2024-04-16T12:25:46","slug":"tissot-t-my-lady-automatic","status":"publish","type":"product","link":"https:\/\/dev.lediamant.ch\/de\/uhren\/211224-tissot-t-my-lady-automatic-t1320071135100\/","title":{"rendered":"Tissot T-My Lady Automatic"},"content":{"rendered":"<p>Als weibliches Pendant zur Tissot Gentleman-Reihe besticht die Tissot T-My Lady Automatic durch ihre unaufdringliche Eleganz, die zu jedem Anlass passt und sich mit jedem Kleidungsstil kombinieren l\u00e4sst - ob festlicher Abend oder Alltag, kleines Schwarzes, Hosenanzug oder Jeans.<\/p>\n<p>Au\u00dferdem verf\u00fcgt die Uhr mit 29,3 mm Durchmesser \u00fcber ein Swiss Made Automatikwerk mit 48 Stunden Gangreserve und eine Nivachron-Spirale, die f\u00fcr ihre hervorragende Best\u00e4ndigkeit gegen Magnetfelder bekannt ist. Sein transparenter Boden erm\u00f6glicht es, die Bewegung zu beobachten, die unerm\u00fcdlich arbeitet.<\/p>\n<p>Diese Version der Tissot T-My Lady Automatic hat ein gew\u00f6lbtes Saphirglas und ein blaues Zifferblatt mit Datumsanzeige. Die Uhr hat ein Armband aus 316L-Edelstahl. Dank des Armbands mit Schnellwechselsystem kann es einfach und ohne Werkzeug ausgetauscht werden.<\/p>\n","protected":false},"excerpt":{"rendered":"<p>Als weibliches Pendant zur Tissot Gentleman-Reihe besticht die Tissot T-My Lady Automatic durch ihre unaufdringliche Eleganz, die zu jedem Anlass passt und sich mit jedem Kleidungsstil kombinieren l\u00e4sst - ob festlicher Abend oder Alltag, kleines Schwarzes, Hosenanzug oder Jeans. Au\u00dferdem verf\u00fcgt die Uhr mit 29,3 mm Durchmesser \u00fcber ein Swiss Made Automatikwerk mit 48 Stunden &#8230; <a title=\"Tissot T-My Lady Automatic\" class=\"read-more\" href=\"https:\/\/dev.lediamant.ch\/de\/uhren\/211224-tissot-t-my-lady-automatic-t1320071135100\/\" aria-label=\"Mehr Informationen \u00fcber Tissot T-My Lady Automatic\">Weiterlesen &#8230;<\/a><\/p>\n","protected":false},"featured_media":211210,"template":"","meta":{"_acf_changed":false,"_seopress_robots_primary_cat":"none","_seopress_titles_title":"","_seopress_titles_desc":"","_seopress_robots_index":""},"brand":[27087],"product_brand":[],"product_cat":[27123,27159,27245,27297,41514],"product_tag":[],"class_list":{"0":"post-211224","1":"product","2":"type-product","3":"status-publish","4":"has-post-thumbnail","6":"brand-tissot-de","7":"product_cat-uhren","8":"product_cat-tissot-de","9":"product_cat-tissot-classic","10":"product_cat-exklusiv-fur-damen","11":"product_cat-tissot-my-lady","12":"pa_couleurduboitier-grau-de","13":"pa_couleurducadran-blau","14":"pa_dimensions-o-29-3-mm","15":"pa_etancheite-100m-de","16":"pa_forme-runden","17":"pa_garantie-24monate","18":"pa_genre-frau","19":"pa_mouvement-automatik-de","20":"pa_option-boitier-transparenter-hintergrund","21":"pa_swissmade-ja-de","22":"pa_verre-saphir-de","23":"sales-flash-overlay","24":"woocommerce-text-align-center","25":"woocommerce-image-align-center","26":"do-quantity-buttons","28":"first","29":"instock","30":"taxable","31":"shipping-taxable","32":"purchasable","33":"product-type-simple"},"acf":[],"_links":{"self":[{"href":"https:\/\/dev.lediamant.ch\/de\/wp-json\/wp\/v2\/product\/211224","targetHints":{"allow":["GET"]}}],"collection":[{"href":"https:\/\/dev.lediamant.ch\/de\/wp-json\/wp\/v2\/product"}],"about":[{"href":"https:\/\/dev.lediamant.ch\/de\/wp-json\/wp\/v2\/types\/product"}],"wp:featuredmedia":[{"embeddable":true,"href":"https:\/\/dev.lediamant.ch\/de\/wp-json\/wp\/v2\/media\/211210"}],"wp:attachment":[{"href":"https:\/\/dev.lediamant.ch\/de\/wp-json\/wp\/v2\/media?parent=211224"}],"wp:term":[{"taxonomy":"brand","embeddable":true,"href":"https:\/\/dev.lediamant.ch\/de\/wp-json\/wp\/v2\/brand?post=211224"},{"taxonomy":"product_brand","embeddable":true,"href":"https:\/\/dev.lediamant.ch\/de\/wp-json\/wp\/v2\/product_brand?post=211224"},{"taxonomy":"product_cat","embeddable":true,"href":"https:\/\/dev.lediamant.ch\/de\/wp-json\/wp\/v2\/product_cat?post=211224"},{"taxonomy":"product_tag","embeddable":true,"href":"https:\/\/dev.lediamant.ch\/de\/wp-json\/wp\/v2\/product_tag?post=211224"}],"curies":[{"name":"wp","href":"https:\/\/api.w.org\/{rel}","templated":true}]}}