{"id":211497,"date":"2024-04-30T11:45:00","date_gmt":"2024-04-30T09:45:00","guid":{"rendered":"https:\/\/dev.lediamant.ch\/?post_type=product&#038;p=211497"},"modified":"2024-11-19T14:42:08","modified_gmt":"2024-11-19T13:42:08","slug":"tissot-seastar-wilson-wnba-2","status":"publish","type":"product","link":"https:\/\/dev.lediamant.ch\/de\/uhren\/211497-tissot-seastar-wilson-wnba-t1204101701100\/","title":{"rendered":"Tissot Seastar Wilson WNBA"},"content":{"rendered":"<p>Eine der meistverkauften Kollektionen von Tissot wird besonders behandelt. Die neue Edition ist mit wei\u00dfen und orangefarbenen Details akzentuiert, die die Farben der WNBA widerspiegeln, und hat eine einseitig drehbare L\u00fcnette mit einem 24-Sekunden-Z\u00e4hler, der die Rolle von Tissot als offizieller Zeitnehmer der WNBA unterstreicht. Diese Uhr ist ideal f\u00fcr diejenigen, die einen sportlichen und selbstbewussten Zeitmesser suchen. Das Armband erg\u00e4nzt die Farben des Zifferblatts und verwendet das offizielle Material des Wilson Evo-NXT WNBA-Balls, wodurch die Essenz des Sports direkt in die Uhr einflie\u00dft. Das Armband kann mit Hilfe des Easy-Opening-Systems ausgetauscht werden und bietet so die M\u00f6glichkeit, aus einer gro\u00dfen Auswahl an Tissot-Armb\u00e4ndern zu w\u00e4hlen und die Uhr je nach Stimmung oder Anlass zu personalisieren.<\/p>\n","protected":false},"excerpt":{"rendered":"<p>Eine der meistverkauften Kollektionen von Tissot wird besonders behandelt. Die neue Edition ist mit wei\u00dfen und orangefarbenen Details akzentuiert, die die Farben der WNBA widerspiegeln, und hat eine einseitig drehbare L\u00fcnette mit einem 24-Sekunden-Z\u00e4hler, der die Rolle von Tissot als offizieller Zeitnehmer der WNBA unterstreicht. Diese Uhr ist ideal f\u00fcr diejenigen, die einen sportlichen und &#8230; <a title=\"Tissot Seastar Wilson WNBA\" class=\"read-more\" href=\"https:\/\/dev.lediamant.ch\/de\/uhren\/211497-tissot-seastar-wilson-wnba-t1204101701100\/\" aria-label=\"Mehr Informationen \u00fcber Tissot Seastar Wilson WNBA\">Weiterlesen &#8230;<\/a><\/p>\n","protected":false},"featured_media":211464,"template":"","meta":{"_acf_changed":false,"_seopress_robots_primary_cat":"none","_seopress_titles_title":"","_seopress_titles_desc":"","_seopress_robots_index":""},"brand":[27087],"product_brand":[],"product_cat":[27123,27159,27441,27325],"product_tag":[],"class_list":{"0":"post-211497","1":"product","2":"type-product","3":"status-publish","4":"has-post-thumbnail","6":"brand-tissot-de","7":"product_cat-uhren","8":"product_cat-tissot-de","9":"product_cat-tissot-seastar","10":"product_cat-tissot-spezialitaten","11":"pa_couleurduboitier-grau-de","12":"pa_couleurdubracelet-orange-de","13":"pa_couleurdubracelet-weiss-de","14":"pa_couleurducadran-weiss","15":"pa_dimensions-o-40-mm","16":"pa_etancheite-300m-de","17":"pa_forme-runden","18":"pa_garantie-24monate","19":"pa_genre-mann","20":"pa_genre-kind","21":"pa_matierebraceletmontre-leder","22":"pa_mouvement-quarzbatterie-de","23":"pa_swissmade-ja-de","24":"pa_typedemontre-sportuhren","25":"pa_verre-saphir-de","26":"sales-flash-overlay","27":"woocommerce-text-align-center","28":"woocommerce-image-align-center","29":"do-quantity-buttons","31":"first","32":"instock","33":"taxable","34":"shipping-taxable","35":"purchasable","36":"product-type-simple"},"acf":[],"_links":{"self":[{"href":"https:\/\/dev.lediamant.ch\/de\/wp-json\/wp\/v2\/product\/211497","targetHints":{"allow":["GET"]}}],"collection":[{"href":"https:\/\/dev.lediamant.ch\/de\/wp-json\/wp\/v2\/product"}],"about":[{"href":"https:\/\/dev.lediamant.ch\/de\/wp-json\/wp\/v2\/types\/product"}],"wp:featuredmedia":[{"embeddable":true,"href":"https:\/\/dev.lediamant.ch\/de\/wp-json\/wp\/v2\/media\/211464"}],"wp:attachment":[{"href":"https:\/\/dev.lediamant.ch\/de\/wp-json\/wp\/v2\/media?parent=211497"}],"wp:term":[{"taxonomy":"brand","embeddable":true,"href":"https:\/\/dev.lediamant.ch\/de\/wp-json\/wp\/v2\/brand?post=211497"},{"taxonomy":"product_brand","embeddable":true,"href":"https:\/\/dev.lediamant.ch\/de\/wp-json\/wp\/v2\/product_brand?post=211497"},{"taxonomy":"product_cat","embeddable":true,"href":"https:\/\/dev.lediamant.ch\/de\/wp-json\/wp\/v2\/product_cat?post=211497"},{"taxonomy":"product_tag","embeddable":true,"href":"https:\/\/dev.lediamant.ch\/de\/wp-json\/wp\/v2\/product_tag?post=211497"}],"curies":[{"name":"wp","href":"https:\/\/api.w.org\/{rel}","templated":true}]}}