{"id":211558,"date":"2024-05-03T14:09:49","date_gmt":"2024-05-03T12:09:49","guid":{"rendered":"https:\/\/dev.lediamant.ch\/?post_type=product&#038;p=211558"},"modified":"2024-12-11T09:11:20","modified_gmt":"2024-12-11T08:11:20","slug":"h992-h2-purple-silver","status":"publish","type":"product","link":"https:\/\/dev.lediamant.ch\/de\/uhren\/211558-h992-h2-purple-silver-mh2ac11bmbah2a\/","title":{"rendered":"H992 H2 38mm Purple + Silver M"},"content":{"rendered":"<p>Ich freue mich, Ihnen mitteilen zu k\u00f6nnen, dass ich H2 bin, die kleine Schwester der H1-Kollektion.<\/p>\n<p>Ich bin eine Automatikuhr und habe immer ein COSC-Zertifikat, das meine Qualit\u00e4t und hohe Genauigkeit garantiert. Ich wurde mit Sorgfalt und Aufmerksamkeit von einem Team leidenschaftlicher Uhrmacher geschaffen, die ihr ganzes K\u00f6nnen und ihre Erfahrung in die Entwicklung einer einzigartigen Uhr gesteckt haben.<\/p>\n<p>Aus der gem\u00fctlichen, aber manchmal strengen Stadt La Chaux-de-Fonds. Von dieser Stadt mit H-f\u00f6rmigem St\u00e4dtebau. Mit der Axt gehauen. Aus dieser Stadt in H\u00f6he, gemacht von und f\u00fcr Uhrmacherarchitekten. Ich m\u00f6chte die ganze Energie und die Qualit\u00e4ten der Pr\u00e4zision, Professionalit\u00e4t und Leidenschaft, die meine Stadt gegeben hat, mitnehmen, um die Welt zu erobern. Von 992 Metern H\u00f6he aus in die Welt hinausgehen. Das weise Reich der Uhrmacherei und der Pr\u00e4zision zu verlassen, um das regionale Know-how, das mich auszeichnet, dem Rest der Welt zu pr\u00e4sentieren. La Chaux-de-Fonds ist eine Stadt, die gerne die Extreme miteinander vermischt. An deinem Handgelenk werde ich mich \u00fcberall wohlf\u00fchlen. Von der gehobenen Cocktailparty bis zum dunkelsten Underground, ich, H992, werde durch meine Einfachheit und Reinheit \u00fcberall meinen Platz finden.<\/p>\n<p>Ich befinde mich an der Schnittstelle zwischen Kunst und Technologie. Meine Herkunft hat mich sehr schnell gelehrt, H\u00e4rte und Finesse miteinander zu verbinden. Die unterschiedlichen Sensibilit\u00e4ten meines Kreativteams haben mir Weltoffenheit verliehen. Sie haben mich auch gelehrt, loszulassen, ohne Zugest\u00e4ndnisse zu machen. Meine Designerinnen und Designer sind Vielreisende. Sie haben mir die Lust auf Abenteuer und Entdeckungen vermittelt. Das hat sie menschlich bereichert. Darauf bin ich aufgebaut. Ich m\u00f6chte auch diese Freuden, Gefahren und Freuden erleben.<\/p>\n<p>Ich geh\u00f6re zu meiner Zeit. Auf den Geschmack gekommen. Zur Tageszeit. Aber ich verleugne meine Abstammung nicht. Zun\u00e4chst wurde ich im Komfort von Juweliergesch\u00e4ften zum Verkauf angeboten, jetzt lade ich mich auch in die Netzwerke ein. Ich f\u00fchle mich in den realen Verkaufsstellen wohl. Ich bin gerne von lebendigen, begeisterten Fachleuten und Professionellen umgeben. Liebhaberinnen und Liebhaber von Ber\u00fchrungen, die mich gerne ber\u00fchren, streicheln, abw\u00e4gen, riechen und f\u00fchlen, bevor sie mich in ihr Leben mitnehmen.<\/p>\n<p>Ich bin H992, eine limitierte Auflage von 992 St\u00fcck zu 992 Franken.<\/p>\n","protected":false},"excerpt":{"rendered":"<p>Ich freue mich, Ihnen mitteilen zu k\u00f6nnen, dass ich H2 bin, die kleine Schwester der H1-Kollektion. Ich bin eine Automatikuhr und habe immer ein COSC-Zertifikat, das meine Qualit\u00e4t und hohe Genauigkeit garantiert. Ich wurde mit Sorgfalt und Aufmerksamkeit von einem Team leidenschaftlicher Uhrmacher geschaffen, die ihr ganzes K\u00f6nnen und ihre Erfahrung in die Entwicklung einer &#8230; <a title=\"H992 H2 38mm Purple + Silver M\" class=\"read-more\" href=\"https:\/\/dev.lediamant.ch\/de\/uhren\/211558-h992-h2-purple-silver-mh2ac11bmbah2a\/\" aria-label=\"Mehr Informationen \u00fcber H992 H2 38mm Purple + Silver M\">Weiterlesen &#8230;<\/a><\/p>\n","protected":false},"featured_media":211560,"template":"","meta":{"_acf_changed":false,"_seopress_robots_primary_cat":"27177","_seopress_titles_title":"","_seopress_titles_desc":"","_seopress_robots_index":""},"brand":[27115],"product_brand":[],"product_cat":[27123,27177,27265,27137],"product_tag":[],"class_list":{"0":"post-211558","1":"product","2":"type-product","3":"status-publish","4":"has-post-thumbnail","6":"brand-h992-de","7":"product_cat-uhren","8":"product_cat-h992-de","9":"product_cat-kollektion-h2","10":"product_cat-bracelet-ajustable-de","11":"pa_couleurduboitier-grau-de","12":"pa_couleurducadran-violett","13":"pa_etancheite-100m-de","14":"pa_forme-runden","15":"pa_genre-frau","16":"pa_matiere-stahl","17":"pa_matierebraceletmontre-edelstahl","18":"pa_mouvement-automatik-de","19":"pa_swissmade-ja-de","20":"pa_typedemontre-chronometer","21":"sales-flash-overlay","22":"woocommerce-text-align-center","23":"woocommerce-image-align-center","24":"do-quantity-buttons","26":"first","27":"instock","28":"taxable","29":"shipping-taxable","30":"purchasable","31":"product-type-simple"},"acf":[],"_links":{"self":[{"href":"https:\/\/dev.lediamant.ch\/de\/wp-json\/wp\/v2\/product\/211558","targetHints":{"allow":["GET"]}}],"collection":[{"href":"https:\/\/dev.lediamant.ch\/de\/wp-json\/wp\/v2\/product"}],"about":[{"href":"https:\/\/dev.lediamant.ch\/de\/wp-json\/wp\/v2\/types\/product"}],"wp:featuredmedia":[{"embeddable":true,"href":"https:\/\/dev.lediamant.ch\/de\/wp-json\/wp\/v2\/media\/211560"}],"wp:attachment":[{"href":"https:\/\/dev.lediamant.ch\/de\/wp-json\/wp\/v2\/media?parent=211558"}],"wp:term":[{"taxonomy":"brand","embeddable":true,"href":"https:\/\/dev.lediamant.ch\/de\/wp-json\/wp\/v2\/brand?post=211558"},{"taxonomy":"product_brand","embeddable":true,"href":"https:\/\/dev.lediamant.ch\/de\/wp-json\/wp\/v2\/product_brand?post=211558"},{"taxonomy":"product_cat","embeddable":true,"href":"https:\/\/dev.lediamant.ch\/de\/wp-json\/wp\/v2\/product_cat?post=211558"},{"taxonomy":"product_tag","embeddable":true,"href":"https:\/\/dev.lediamant.ch\/de\/wp-json\/wp\/v2\/product_tag?post=211558"}],"curies":[{"name":"wp","href":"https:\/\/api.w.org\/{rel}","templated":true}]}}