{"id":211602,"date":"2024-05-03T17:50:35","date_gmt":"2024-05-03T15:50:35","guid":{"rendered":"https:\/\/dev.lediamant.ch\/?post_type=product&#038;p=211602"},"modified":"2024-05-03T18:25:56","modified_gmt":"2024-05-03T16:25:56","slug":"hamilton-jazzmaster-performer-auto-stahl-38mm","status":"publish","type":"product","link":"https:\/\/dev.lediamant.ch\/de\/uhren\/211602-hamilton-jazzmaster-performer-auto-stahl-38mm-h36205110\/","title":{"rendered":"HAMILTON JAZZMASTER PERFORMER AUTO Stahl | 38mm"},"content":{"rendered":"<p>Die Jazzmaster Performer Uhren wurden f\u00fcr Liebhaber von Funktionalit\u00e4t und Stil entworfen und bieten eine ausgepr\u00e4gte sportlich-schicke \u00c4sthetik. Die Jazzmaster Performer Automatic wird von einem H-10 Automatikwerk mit einer Gangreserve von 80 Stunden angetrieben. Sie hat ein 38mm Edelstahlgeh\u00e4use mit einem wei\u00dfen Zifferblatt und ein raffiniertes Edelstahlarmband.<\/p>\n","protected":false},"excerpt":{"rendered":"<p>Die Jazzmaster Performer Uhren wurden f\u00fcr Liebhaber von Funktionalit\u00e4t und Stil entworfen und bieten eine ausgepr\u00e4gte sportlich-schicke \u00c4sthetik. Die Jazzmaster Performer Automatic wird von einem H-10 Automatikwerk mit einer Gangreserve von 80 Stunden angetrieben. Sie hat ein 38mm Edelstahlgeh\u00e4use mit einem wei\u00dfen Zifferblatt und ein raffiniertes Edelstahlarmband.<\/p>\n","protected":false},"featured_media":211604,"template":"","meta":{"_acf_changed":false,"_seopress_robots_primary_cat":"27242","_seopress_titles_title":"%%post_title%%","_seopress_titles_desc":"","_seopress_robots_index":""},"brand":[27085],"product_brand":[],"product_cat":[27123,27181,27243],"product_tag":[],"class_list":{"0":"post-211602","1":"product","2":"type-product","3":"status-publish","4":"has-post-thumbnail","6":"brand-hamilton-de","7":"product_cat-uhren","8":"product_cat-hamilton-de","9":"product_cat-jazzmaster-de","10":"pa_couleurduboitier-grau-de","11":"pa_couleurdubracelet-grau-de","12":"pa_couleurducadran-weiss","13":"pa_etancheite-100m-de","14":"pa_forme-runden","15":"pa_genre-mann","16":"pa_genre-frau","17":"pa_matiere-stahl","18":"pa_matierebraceletmontre-edelstahl","19":"pa_mouvement-automatik-de","20":"pa_option-boitier-transparenter-hintergrund","21":"pa_swissmade-ja-de","22":"pa_verre-saphir-de","23":"sales-flash-overlay","24":"woocommerce-text-align-center","25":"woocommerce-image-align-center","26":"do-quantity-buttons","28":"first","29":"instock","30":"taxable","31":"shipping-taxable","32":"purchasable","33":"product-type-simple"},"acf":[],"_links":{"self":[{"href":"https:\/\/dev.lediamant.ch\/de\/wp-json\/wp\/v2\/product\/211602","targetHints":{"allow":["GET"]}}],"collection":[{"href":"https:\/\/dev.lediamant.ch\/de\/wp-json\/wp\/v2\/product"}],"about":[{"href":"https:\/\/dev.lediamant.ch\/de\/wp-json\/wp\/v2\/types\/product"}],"wp:featuredmedia":[{"embeddable":true,"href":"https:\/\/dev.lediamant.ch\/de\/wp-json\/wp\/v2\/media\/211604"}],"wp:attachment":[{"href":"https:\/\/dev.lediamant.ch\/de\/wp-json\/wp\/v2\/media?parent=211602"}],"wp:term":[{"taxonomy":"brand","embeddable":true,"href":"https:\/\/dev.lediamant.ch\/de\/wp-json\/wp\/v2\/brand?post=211602"},{"taxonomy":"product_brand","embeddable":true,"href":"https:\/\/dev.lediamant.ch\/de\/wp-json\/wp\/v2\/product_brand?post=211602"},{"taxonomy":"product_cat","embeddable":true,"href":"https:\/\/dev.lediamant.ch\/de\/wp-json\/wp\/v2\/product_cat?post=211602"},{"taxonomy":"product_tag","embeddable":true,"href":"https:\/\/dev.lediamant.ch\/de\/wp-json\/wp\/v2\/product_tag?post=211602"}],"curies":[{"name":"wp","href":"https:\/\/api.w.org\/{rel}","templated":true}]}}