{"id":211672,"date":"2024-05-07T11:55:49","date_gmt":"2024-05-07T09:55:49","guid":{"rendered":"https:\/\/dev.lediamant.ch\/?post_type=product&#038;p=211672"},"modified":"2024-05-07T11:56:24","modified_gmt":"2024-05-07T09:56:24","slug":"tissot-seastar-1000-powermatic-80-40mm-3","status":"publish","type":"product","link":"https:\/\/dev.lediamant.ch\/de\/uhren\/211672-tissot-seastar-1000-powermatic-80-40mm-t1208072205100\/","title":{"rendered":"Tissot Seastar 1000 Powermatic 80 40mm"},"content":{"rendered":"<p>Diese neu erfundene Ausgabe der Seastar, der emblematischen Kollektion von Tissot, verf\u00fcgt nun \u00fcber ein 40 mm Geh\u00e4use mit der Powermatic 80 im Herzen. F\u00fcr diese neue Version wurde das Geh\u00e4use leicht ver\u00e4ndert, indem eine Kerbe entlang der Kanten eingearbeitet wurde, um ein kompakteres und anspruchsvolleres Aussehen zu erreichen. Die Uhr ist ideal f\u00fcr alle, die ein sportliches, aber dennoch elegantes Accessoire suchen, das bis zu 300 Meter wasserdicht ist und dank der mit Super-LumiNova\u00ae beschichteten Zeiger und Indizes auch bei schlechten Lichtverh\u00e4ltnissen gut ablesbar ist. Diese Version umfasst f\u00fcnf verschiedene Modelle, deren Zifferblattfarben und Ausf\u00fchrungen von Edelstahl bis hin zu Bicolor-Kombinationen reichen, einschlie\u00dflich einzigartiger Abstufungen von Blau und Schwarz und exklusiver Optionen mit schwarzer PVD-Beschichtung. Jede Variante bietet eine einzigartige \u00c4sthetik, wobei die sportliche und k\u00fchne Anziehungskraft der Kollektion erhalten bleibt.<\/p>\n","protected":false},"excerpt":{"rendered":"<p>Diese neu erfundene Ausgabe der Seastar, der emblematischen Kollektion von Tissot, verf\u00fcgt nun \u00fcber ein 40 mm Geh\u00e4use mit der Powermatic 80 im Herzen. F\u00fcr diese neue Version wurde das Geh\u00e4use leicht ver\u00e4ndert, indem eine Kerbe entlang der Kanten eingearbeitet wurde, um ein kompakteres und anspruchsvolleres Aussehen zu erreichen. Die Uhr ist ideal f\u00fcr alle, &#8230; <a title=\"Tissot Seastar 1000 Powermatic 80 40mm\" class=\"read-more\" href=\"https:\/\/dev.lediamant.ch\/de\/uhren\/211672-tissot-seastar-1000-powermatic-80-40mm-t1208072205100\/\" aria-label=\"Mehr Informationen \u00fcber Tissot Seastar 1000 Powermatic 80 40mm\">Weiterlesen &#8230;<\/a><\/p>\n","protected":false},"featured_media":211657,"template":"","meta":{"_acf_changed":false,"_seopress_robots_primary_cat":"none","_seopress_titles_title":"","_seopress_titles_desc":"","_seopress_robots_index":""},"brand":[27087],"product_brand":[],"product_cat":[27123,27159,27203,27441],"product_tag":[],"class_list":{"0":"post-211672","1":"product","2":"type-product","3":"status-publish","4":"has-post-thumbnail","6":"brand-tissot-de","7":"product_cat-uhren","8":"product_cat-tissot-de","9":"product_cat-tissot-sport","10":"product_cat-tissot-seastar","11":"pa_couleurduboitier-zweifarbig-de","12":"pa_couleurducadran-grau","13":"pa_dimensions-o-40-mm","14":"pa_etancheite-300m-de","15":"pa_forme-runden","16":"pa_garantie-24monate","17":"pa_genre-mann","18":"pa_genre-frau","19":"pa_matiere-stahl","20":"pa_matierebraceletmontre-edelstahl","21":"pa_mouvement-automatik-de","22":"pa_swissmade-ja-de","23":"pa_verre-saphir-de","24":"sales-flash-overlay","25":"woocommerce-text-align-center","26":"woocommerce-image-align-center","27":"do-quantity-buttons","29":"first","30":"instock","31":"taxable","32":"shipping-taxable","33":"purchasable","34":"product-type-simple"},"acf":[],"_links":{"self":[{"href":"https:\/\/dev.lediamant.ch\/de\/wp-json\/wp\/v2\/product\/211672","targetHints":{"allow":["GET"]}}],"collection":[{"href":"https:\/\/dev.lediamant.ch\/de\/wp-json\/wp\/v2\/product"}],"about":[{"href":"https:\/\/dev.lediamant.ch\/de\/wp-json\/wp\/v2\/types\/product"}],"wp:featuredmedia":[{"embeddable":true,"href":"https:\/\/dev.lediamant.ch\/de\/wp-json\/wp\/v2\/media\/211657"}],"wp:attachment":[{"href":"https:\/\/dev.lediamant.ch\/de\/wp-json\/wp\/v2\/media?parent=211672"}],"wp:term":[{"taxonomy":"brand","embeddable":true,"href":"https:\/\/dev.lediamant.ch\/de\/wp-json\/wp\/v2\/brand?post=211672"},{"taxonomy":"product_brand","embeddable":true,"href":"https:\/\/dev.lediamant.ch\/de\/wp-json\/wp\/v2\/product_brand?post=211672"},{"taxonomy":"product_cat","embeddable":true,"href":"https:\/\/dev.lediamant.ch\/de\/wp-json\/wp\/v2\/product_cat?post=211672"},{"taxonomy":"product_tag","embeddable":true,"href":"https:\/\/dev.lediamant.ch\/de\/wp-json\/wp\/v2\/product_tag?post=211672"}],"curies":[{"name":"wp","href":"https:\/\/api.w.org\/{rel}","templated":true}]}}