{"id":213004,"date":"2024-08-08T13:20:35","date_gmt":"2024-08-08T11:20:35","guid":{"rendered":"https:\/\/dev.lediamant.ch\/?post_type=product&#038;p=213004"},"modified":"2024-12-11T10:46:05","modified_gmt":"2024-12-11T09:46:05","slug":"h3-black-black","status":"publish","type":"product","link":"https:\/\/dev.lediamant.ch\/de\/uhren\/213004-h3-black-black-mh3an01bcbah33\/","title":{"rendered":"H992 H3 Schwarz + Schwarz 44mm"},"content":{"rendered":"<p>Ich bin die H3 Uhr.<br \/>\nIch bin die mechanische Uhr, die bereit ist, Ihr Handgelenk zu versch\u00f6nern.<br \/>\nMit einem COSC-zertifizierten Uhrwerk und einem Chronographen repr\u00e4sentiere ich die Exzellenz und Pr\u00e4zision unserer neuen Kollektion.<br \/>\nEine neue \u00c4ra beginnt.<br \/>\nIch bin die Uhr, auf die Sie gewartet haben.<br \/>\nDeine n\u00e4chste Uhr.<\/p>\n<div class=\"elementor-element elementor-element-12957c2 elementor-widget elementor-widget-heading\" data-id=\"12957c2\" data-element_type=\"widget\" data-widget_type=\"heading.default\">\n<div class=\"elementor-widget-container\">\n<p class=\"elementor-heading-title elementor-size-default\"><strong>Automatisches Uhrwerk mit COSC-Zertifikat <\/strong><span style=\"font-size: inherit;\">Die Professionalit\u00e4t und Erfahrung meiner Sch\u00f6pfer und Sch\u00f6pferinnen haben mir auch eine hohe Pr\u00e4zision verliehen.<br \/>\nMein Herz schl\u00e4gt f\u00fcr Sie in wunderbarer Regelm\u00e4\u00dfigkeit.<br \/>\nIch habe das COSC-Label des B\u00fcros in La Chaux-de-Fonds.<br \/>\nEin Symbol f\u00fcr Qualit\u00e4t und Pr\u00e4zision, das von vielen beneidet wird.<br \/>\nMein Kreativteam kann sich austoben, aber auch extrem anspruchsvoll sein, wenn es darum geht, Spitzenleistungen zu erbringen. <\/span><\/p>\n<\/div>\n<\/div>\n<p>Ich bin H992, eine limitierte Serie von 992 St\u00fcck<\/p>\n","protected":false},"excerpt":{"rendered":"<p>Ich bin H992. Ich bin die Uhr, die bald an deinem Handgelenk sein wird. Ich komme aus einer neuen Marke. Von einer neuen Zeile. Ich bin die neue Uhr. Deine neue Uhr.<\/p>\n","protected":false},"featured_media":213006,"template":"","meta":{"_acf_changed":false,"_seopress_robots_primary_cat":"27177","_seopress_titles_title":"","_seopress_titles_desc":"Entdecken Sie die Uhr H992 H3, eine auf 992 St\u00fcck limitierte Serie mit COSC-zertifiziertem Automatikwerk.\r\nEleganz trifft auf hochwertige Pr\u00e4zision.","_seopress_robots_index":""},"brand":[27115],"product_brand":[],"product_cat":[27123,27177,41608],"product_tag":[],"class_list":{"0":"post-213004","1":"product","2":"type-product","3":"status-publish","4":"has-post-thumbnail","6":"brand-h992-de","7":"product_cat-uhren","8":"product_cat-h992-de","9":"product_cat-collection-h3-de","10":"pa_couleurdubracelet-schwarz-de","11":"pa_couleurducadran-schwarz","12":"pa_dimensions-o-44-mm","13":"pa_etancheite-100m-de","14":"pa_forme-runden","15":"pa_genre-mann","16":"pa_matiere-schwarzespvd","17":"pa_matierebraceletmontre-textil-de","18":"pa_mouvement-automatik-de","19":"pa_swissmade-ja-de","20":"pa_typedemontre-chronograph-de","21":"sales-flash-overlay","22":"woocommerce-text-align-center","23":"woocommerce-image-align-center","24":"do-quantity-buttons","26":"first","27":"instock","28":"taxable","29":"shipping-taxable","30":"purchasable","31":"product-type-simple"},"acf":[],"_links":{"self":[{"href":"https:\/\/dev.lediamant.ch\/de\/wp-json\/wp\/v2\/product\/213004","targetHints":{"allow":["GET"]}}],"collection":[{"href":"https:\/\/dev.lediamant.ch\/de\/wp-json\/wp\/v2\/product"}],"about":[{"href":"https:\/\/dev.lediamant.ch\/de\/wp-json\/wp\/v2\/types\/product"}],"wp:featuredmedia":[{"embeddable":true,"href":"https:\/\/dev.lediamant.ch\/de\/wp-json\/wp\/v2\/media\/213006"}],"wp:attachment":[{"href":"https:\/\/dev.lediamant.ch\/de\/wp-json\/wp\/v2\/media?parent=213004"}],"wp:term":[{"taxonomy":"brand","embeddable":true,"href":"https:\/\/dev.lediamant.ch\/de\/wp-json\/wp\/v2\/brand?post=213004"},{"taxonomy":"product_brand","embeddable":true,"href":"https:\/\/dev.lediamant.ch\/de\/wp-json\/wp\/v2\/product_brand?post=213004"},{"taxonomy":"product_cat","embeddable":true,"href":"https:\/\/dev.lediamant.ch\/de\/wp-json\/wp\/v2\/product_cat?post=213004"},{"taxonomy":"product_tag","embeddable":true,"href":"https:\/\/dev.lediamant.ch\/de\/wp-json\/wp\/v2\/product_tag?post=213004"}],"curies":[{"name":"wp","href":"https:\/\/api.w.org\/{rel}","templated":true}]}}