{"id":213022,"date":"2024-08-08T13:43:19","date_gmt":"2024-08-08T11:43:19","guid":{"rendered":"https:\/\/dev.lediamant.ch\/?post_type=product&#038;p=213022"},"modified":"2024-12-11T09:44:35","modified_gmt":"2024-12-11T08:44:35","slug":"h3-light-blue-celeste-silver","status":"publish","type":"product","link":"https:\/\/dev.lediamant.ch\/de\/uhren\/213022-h3-light-blue-celeste-silver-mh3acosbcbahs2\/","title":{"rendered":"H992 H3 Light Blue Celeste + Silver 44mm"},"content":{"rendered":"<p>Ich bin die H3 Uhr. Ich bin die mechanische Uhr, die sich anschickt, Ihr Handgelenk zu versch\u00f6nern. Mit einem COSC-zertifizierten Uhrwerk und einem Chronographen repr\u00e4sentiere ich die Exzellenz und Pr\u00e4zision unserer neuen Kollektion. Eine neue \u00c4ra beginnt. Ich bin die Uhr, auf die Sie gewartet haben. Ihre n\u00e4chste Uhr.<\/p>\n<div class=\"elementor-element elementor-element-12957c2 elementor-widget elementor-widget-heading\" data-id=\"12957c2\" data-element_type=\"widget\" data-widget_type=\"heading.default\">\n<div class=\"elementor-widget-container\">\n<p class=\"elementor-heading-title elementor-size-default\"><strong>Automatisches Uhrwerk mit COSC-Zertifikat <\/strong><span style=\"font-size: inherit;\">Die Professionalit\u00e4t und die Erfahrung meiner Sch\u00f6pfer und Sch\u00f6pferinnen haben mir auch eine hohe Pr\u00e4zision erm\u00f6glicht. Mein Herz schl\u00e4gt sehr regelm\u00e4\u00dfig f\u00fcr Sie. Ich habe das COSC-Label des B\u00fcros in La Chaux-de-Fonds. Ein Symbol f\u00fcr Qualit\u00e4t und Pr\u00e4zision, das von vielen beneidet wird. Mein Kreativteam kann sich frei entfalten, aber auch extrem anspruchsvoll sein, wenn es darum geht, Spitzenleistungen zu erbringen.<\/span><\/p>\n<\/div>\n<\/div>\n<p>Ich bin H992, eine limitierte Serie von 992 St\u00fcck<\/p>\n","protected":false},"excerpt":{"rendered":"<p>Ich bin H992. Ich bin die Uhr, die bald an deinem Handgelenk sein wird. Ich komme aus einer neuen Marke. Von einer neuen Zeile. Ich bin die neue Uhr. Deine neue Uhr.<\/p>\n","protected":false},"featured_media":213024,"template":"","meta":{"_acf_changed":false,"_seopress_robots_primary_cat":"27177","_seopress_titles_title":"","_seopress_titles_desc":"Uhr H992 H3: Eine auf 992 Exemplare limitierte Serie mit COSC-zertifiziertem Automatikwerk. Pr\u00e4zision und Qualit\u00e4t am Handgelenk.","_seopress_robots_index":""},"brand":[27115],"product_brand":[],"product_cat":[27123,27177,41608],"product_tag":[],"class_list":{"0":"post-213022","1":"product","2":"type-product","3":"status-publish","4":"has-post-thumbnail","6":"brand-h992-de","7":"product_cat-uhren","8":"product_cat-h992-de","9":"product_cat-collection-h3-de","10":"pa_couleurdubracelet-grau-de","11":"pa_couleurducadran-blau","12":"pa_dimensions-o-44-mm","13":"pa_etancheite-100m-de","14":"pa_forme-runden","15":"pa_genre-mann","16":"pa_matiere-stahl","17":"pa_matierebraceletmontre-textil-de","18":"pa_mouvement-automatik-de","19":"pa_swissmade-ja-de","20":"pa_typedemontre-chronograph-de","21":"sales-flash-overlay","22":"woocommerce-text-align-center","23":"woocommerce-image-align-center","24":"do-quantity-buttons","26":"first","27":"instock","28":"taxable","29":"shipping-taxable","30":"purchasable","31":"product-type-simple"},"acf":[],"_links":{"self":[{"href":"https:\/\/dev.lediamant.ch\/de\/wp-json\/wp\/v2\/product\/213022","targetHints":{"allow":["GET"]}}],"collection":[{"href":"https:\/\/dev.lediamant.ch\/de\/wp-json\/wp\/v2\/product"}],"about":[{"href":"https:\/\/dev.lediamant.ch\/de\/wp-json\/wp\/v2\/types\/product"}],"wp:featuredmedia":[{"embeddable":true,"href":"https:\/\/dev.lediamant.ch\/de\/wp-json\/wp\/v2\/media\/213024"}],"wp:attachment":[{"href":"https:\/\/dev.lediamant.ch\/de\/wp-json\/wp\/v2\/media?parent=213022"}],"wp:term":[{"taxonomy":"brand","embeddable":true,"href":"https:\/\/dev.lediamant.ch\/de\/wp-json\/wp\/v2\/brand?post=213022"},{"taxonomy":"product_brand","embeddable":true,"href":"https:\/\/dev.lediamant.ch\/de\/wp-json\/wp\/v2\/product_brand?post=213022"},{"taxonomy":"product_cat","embeddable":true,"href":"https:\/\/dev.lediamant.ch\/de\/wp-json\/wp\/v2\/product_cat?post=213022"},{"taxonomy":"product_tag","embeddable":true,"href":"https:\/\/dev.lediamant.ch\/de\/wp-json\/wp\/v2\/product_tag?post=213022"}],"curies":[{"name":"wp","href":"https:\/\/api.w.org\/{rel}","templated":true}]}}